{"id":5130,"date":"2025-10-13T13:22:52","date_gmt":"2025-10-13T10:22:52","guid":{"rendered":"https:\/\/wristbandfactory.eu\/?post_type=product&#038;p=5130"},"modified":"2026-04-01T21:52:35","modified_gmt":"2026-04-01T18:52:35","slug":"fluorescent-fabric-wristbands-uv-reactive","status":"publish","type":"product","link":"https:\/\/displayproducts.eu\/da\/p\/fluorescent-fabric-wristbands-uv-reactive\/","title":{"rendered":"Fluorescerende stofarmb\u00e5nd (UV-reaktive)"},"content":{"rendered":"<p data-path-to-node=\"8\">Administrer din eventsikkerhed i omgivelser med svagt lys med vores armb\u00e5nd i fluorescerende stof. Dette er den ideelle l\u00f8sning til natklubber, koncerter og aftenfestivaler, der kr\u00e6ver p\u00e5lidelig adgangskontrol med h\u00f8j synlighed.<\/p>\n<h3>UV\/Blacklight-funktion med h\u00f8j synlighed<\/h3>\n<p data-path-to-node=\"10\">Armb\u00e5ndet er fremstillet af bl\u00f8d polyester i livlige fluorescerende farver. Dette materiale er meget synligt i dagslys og <b>lyser klart under UV\/sort lys<\/b>, hvilket forbedrer b\u00e5de medarbejdernes sikkerhedstjek og dit brands tilstedev\u00e6relse i m\u00f8rket.<\/p>\n<h3>Konfigurer din sikkerhedsl\u00e5s<\/h3>\n<p data-path-to-node=\"12\">S\u00f8rg for robust adgangskontrol ved at v\u00e6lge den l\u00e5s, der passer til din begivenheds behov. Disse fluorescerende b\u00e5nd er kompatible med hele vores udvalg af l\u00e5se:<\/p>\n<ul data-path-to-node=\"13\">\n<li>\n<p data-path-to-node=\"13,0,0\"><b>H\u00f8jsikkerhedsl\u00e5s:<\/b> Den justerbare envejssikkerhedslukning (lavet af ABS) forhindrer forflytning og uautoriseret adgang.<\/p>\n<\/li>\n<li>\n<p data-path-to-node=\"13,1,0\"><b>Genanvendelig l\u00e5s:<\/b> En justerbar perle til fleksibel brug eller til begivenheder, hvor armb\u00e5ndene kan tages af.<\/p>\n<\/li>\n<li>\n<p data-path-to-node=\"13,2,0\"><b>Milj\u00f8venlig bambusl\u00e5s:<\/b> En b\u00e6redygtig engangsl\u00e5s, der passer godt til enhver stofrem.<\/p>\n<\/li>\n<\/ul>\n<p data-path-to-node=\"14\">Det slidst\u00e6rke og behagelige polyesterb\u00e5nd er den perfekte overflade til dit specialtrykte logo, der sikrer, at dit brand synligt er selv i m\u00f8rke.<\/p>\n<h3 data-path-to-node=\"15\">N\u00f8glefunktioner:<\/h3>\n<ul data-path-to-node=\"16\">\n<li>\n<p data-path-to-node=\"16,0,0\"><b>Materiale med h\u00f8j synlighed:<\/b> Lyser klart under UV\/sort lys for nem identifikation i m\u00f8rke.<\/p>\n<\/li>\n<li>\n<p data-path-to-node=\"16,1,0\"><b>Flere l\u00e5semuligheder:<\/b> V\u00e6lg mellem h\u00f8jsikkerheds- (engangs-), genanvendelige- eller milj\u00f8venlige bambuslukninger.<\/p>\n<\/li>\n<li>\n<p data-path-to-node=\"16,2,0\"><b>Holdbart polyesterstof:<\/b> Bl\u00f8dt, slidst\u00e6rkt materiale designet til behagelig langvarig brug.<\/p>\n<\/li>\n<li>\n<p data-path-to-node=\"16,3,0\"><b>Fuldt tilpasselig:<\/b> Ideel overflade til specialtryk af dit eventlogo eller sponsorbranding.<\/p>\n<\/li>\n<li>\n<p data-path-to-node=\"16,4,0\"><b>Universel pasform:<\/b> Det justerbare l\u00e5sedesign passer komfortabelt til enhver h\u00e5ndledsst\u00f8rrelse.<\/p>\n<\/li>\n<\/ul>","protected":false},"excerpt":{"rendered":"<ul>\n<li>\n<p data-path-to-node=\"7,0,0\"><b>UV\/Blacklight-reaktiv:<\/b> Lyser klart i omgivelser med svagt lys for nem identifikation.<\/p>\n<\/li>\n<li>\n<p data-path-to-node=\"7,1,0\"><b>L\u00e5semuligheder:<\/b> V\u00e6lg mellem en h\u00f8jsikkerhedsl\u00e5s, en genanvendelig perle eller en milj\u00f8venlig bambusl\u00e5s.<\/p>\n<\/li>\n<li>\n<p data-path-to-node=\"7,2,0\"><b>Holdbar og komfortabel:<\/b> Lavet af bl\u00f8d, slidst\u00e6rk polyester til behagelig brug i flere dage.<\/p>\n<\/li>\n<li>\n<p data-path-to-node=\"7,3,0\"><b>Fuldt tilpasselig:<\/b> Det perfekte l\u00e6rred til dit specialtrykte logo eller din begivenhedsbudskab.<\/p>\n<\/li>\n<\/ul>","protected":false},"featured_media":6383,"comment_status":"closed","ping_status":"closed","template":"","meta":[],"product_brand":[],"product_cat":[66,47,68],"product_tag":[],"class_list":{"0":"post-5130","1":"product","2":"type-product","3":"status-publish","4":"has-post-thumbnail","6":"product_cat-wristbands","7":"product_cat-fabric-wristbands","8":"product_cat-event-supplies","10":"first","11":"instock","12":"shipping-taxable","13":"purchasable","14":"product-type-simple"},"_links":{"self":[{"href":"https:\/\/displayproducts.eu\/da\/wp-json\/wp\/v2\/product\/5130","targetHints":{"allow":["GET"]}}],"collection":[{"href":"https:\/\/displayproducts.eu\/da\/wp-json\/wp\/v2\/product"}],"about":[{"href":"https:\/\/displayproducts.eu\/da\/wp-json\/wp\/v2\/types\/product"}],"replies":[{"embeddable":true,"href":"https:\/\/displayproducts.eu\/da\/wp-json\/wp\/v2\/comments?post=5130"}],"wp:featuredmedia":[{"embeddable":true,"href":"https:\/\/displayproducts.eu\/da\/wp-json\/wp\/v2\/media\/6383"}],"wp:attachment":[{"href":"https:\/\/displayproducts.eu\/da\/wp-json\/wp\/v2\/media?parent=5130"}],"wp:term":[{"taxonomy":"product_brand","embeddable":true,"href":"https:\/\/displayproducts.eu\/da\/wp-json\/wp\/v2\/product_brand?post=5130"},{"taxonomy":"product_cat","embeddable":true,"href":"https:\/\/displayproducts.eu\/da\/wp-json\/wp\/v2\/product_cat?post=5130"},{"taxonomy":"product_tag","embeddable":true,"href":"https:\/\/displayproducts.eu\/da\/wp-json\/wp\/v2\/product_tag?post=5130"}],"curies":[{"name":"wp","href":"https:\/\/api.w.org\/{rel}","templated":true}]}}