{"id":5108,"date":"2025-10-06T22:07:55","date_gmt":"2025-10-06T19:07:55","guid":{"rendered":"https:\/\/wristbandfactory.eu\/?post_type=product&#038;p=5108"},"modified":"2026-04-01T21:52:35","modified_gmt":"2026-04-01T18:52:35","slug":"custom-engraved-printed-wooden-medals","status":"publish","type":"product","link":"https:\/\/displayproducts.eu\/da\/p\/custom-engraved-printed-wooden-medals\/","title":{"rendered":"Med eget tryk graverede og trykte tr\u00e6medaljer"},"content":{"rendered":"<p>Omfavn en naturlig og b\u00e6redygtig \u00e6stetik til dine priser med vores med eget tryk tr\u00e6medaljer. Disse medaljer er perfekte til udend\u00f8rsarrangementer, milj\u00f8bevidste brands og unikke anerkendelser og tilbyder et varmt, rustikt alternativ til traditionelle metalpriser. De kan fremstilles i enhver brugerdefineret form og er en mindev\u00e6rdig og milj\u00f8venlig m\u00e5de at fejre pr\u00e6stationer p\u00e5.<\/p>\n<p><b>Alsidige designmuligheder<\/b> Vi tilbyder tre forskellige metoder til at bringe dit design til live p\u00e5 tr\u00e6overfladen:<\/p>\n<ol start=\"1\">\n<li><b>Graveret logo:<\/b> For et klassisk, rustikt look lasergraveres dit design direkte i tr\u00e6et, hvilket skaber en smuk og taktil finish, der fremh\u00e6ver den naturlige \u00e5restruktur.<\/li>\n<li><b>Serigrafi:<\/b> Ideel til markante logoer i ensfarvede farver, der st\u00e5r tydeligt mod tr\u00e6et.<\/li>\n<li><b>Fuldfarvet UV-tryk:<\/b> For at opn\u00e5 livlige og komplekse kunstv\u00e6rker p\u00e5f\u00f8rer vores avancerede UV-trykproces dit fuldfarvede design direkte p\u00e5 tr\u00e6overfladen med pr\u00e6cision og holdbarhed.<\/li>\n<\/ol>\n<p>Hver medalje kan yderligere personligg\u00f8res med individuelle navne og numre indgraveret p\u00e5 bagsiden.<\/p>\n<p><b>Premium og b\u00e6redygtige b\u00e5nd<\/b> For at fuldende prisen inkluderer hver medalje et f\u00f8rsteklasses 80 cm b\u00e5nd, trykt i fuld farve p\u00e5 begge sider. Du kan v\u00e6lge mellem et standard l\u00f8kkesyet polyesterb\u00e5nd eller et <b>milj\u00f8venligt rPET-b\u00e5nd<\/b> lavet af genbrugsmaterialer, hvilket yderligere styrker dit arrangements b\u00e6redygtighed.<\/p>\n<p><b>N\u00f8glefunktioner:<\/b><\/p>\n<ul>\n<li><b>Naturligt tr\u00e6materiale:<\/b> Giver en unik, rustik og milj\u00f8venlig \u00e6stetik.<\/li>\n<li><b>Tre designmuligheder:<\/b> V\u00e6lg mellem lasergravering, 1-farvet serigrafi eller fuldfarvet UV-tryk.<\/li>\n<li><b>Fuldt brugerdefineret form:<\/b> Skab en medalje i enhver form, der passer perfekt til din begivenhed eller dit brand.<\/li>\n<li><b>Fuldfarvetrykte b\u00e5nd inkluderet:<\/b> Dit design er trykt p\u00e5 begge sider af b\u00e5ndet.<\/li>\n<li><b>Milj\u00f8venlig rPET-b\u00e5ndmulighed:<\/b> Et b\u00e6redygtigt b\u00e5ndvalg lavet af genbrugsmaterialer.<\/li>\n<li><b>Individuel navn- og nummergravering:<\/b> Personligg\u00f8r hver medalje til modtageren p\u00e5 bagsiden.<\/li>\n<\/ul>","protected":false},"excerpt":{"rendered":"<p>V\u00e6lg en unik, b\u00e6redygtig pris med vores med eget tryk tr\u00e6medaljer. Dit design kan laves i enhver form, graveres, serigraferes eller UV-printes i fulde, levende farver.<\/p>","protected":false},"featured_media":6458,"comment_status":"closed","ping_status":"closed","template":"","meta":[],"product_brand":[],"product_cat":[102,45],"product_tag":[],"class_list":{"0":"post-5108","1":"product","2":"type-product","3":"status-publish","4":"has-post-thumbnail","6":"product_cat-medals","7":"product_cat-other","9":"first","10":"instock","11":"shipping-taxable","12":"purchasable","13":"product-type-simple"},"_links":{"self":[{"href":"https:\/\/displayproducts.eu\/da\/wp-json\/wp\/v2\/product\/5108","targetHints":{"allow":["GET"]}}],"collection":[{"href":"https:\/\/displayproducts.eu\/da\/wp-json\/wp\/v2\/product"}],"about":[{"href":"https:\/\/displayproducts.eu\/da\/wp-json\/wp\/v2\/types\/product"}],"replies":[{"embeddable":true,"href":"https:\/\/displayproducts.eu\/da\/wp-json\/wp\/v2\/comments?post=5108"}],"wp:featuredmedia":[{"embeddable":true,"href":"https:\/\/displayproducts.eu\/da\/wp-json\/wp\/v2\/media\/6458"}],"wp:attachment":[{"href":"https:\/\/displayproducts.eu\/da\/wp-json\/wp\/v2\/media?parent=5108"}],"wp:term":[{"taxonomy":"product_brand","embeddable":true,"href":"https:\/\/displayproducts.eu\/da\/wp-json\/wp\/v2\/product_brand?post=5108"},{"taxonomy":"product_cat","embeddable":true,"href":"https:\/\/displayproducts.eu\/da\/wp-json\/wp\/v2\/product_cat?post=5108"},{"taxonomy":"product_tag","embeddable":true,"href":"https:\/\/displayproducts.eu\/da\/wp-json\/wp\/v2\/product_tag?post=5108"}],"curies":[{"name":"wp","href":"https:\/\/api.w.org\/{rel}","templated":true}]}}