{"id":5103,"date":"2025-10-06T22:03:40","date_gmt":"2025-10-06T19:03:40","guid":{"rendered":"https:\/\/wristbandfactory.eu\/?post_type=product&#038;p=5103"},"modified":"2026-04-01T21:52:35","modified_gmt":"2026-04-01T18:52:35","slug":"custom-3d-medals-with-uv-color-printing","status":"publish","type":"product","link":"https:\/\/displayproducts.eu\/da\/p\/custom-3d-medals-with-uv-color-printing\/","title":{"rendered":"Med eget tryk 3D-medaljer med UV-farvetryk"},"content":{"rendered":"<p>L\u00e5s op for uovertrufne designmuligheder med vores med eget tryk 3D-medaljer med UV-farvetryk. Denne banebrydende teknik kombinerer den taktile dybde fra en st\u00f8bt 3D-reliefmedalje med de levende detaljer fra fuldfarvetryk, hvilket skaber en pris med en fantastisk visuel og teksturel effekt, der helt sikkert vil imponere.<\/p>\n<p><b>Farve m\u00f8der tekstur<\/b> I mods\u00e6tning til traditionelle metoder p\u00e5f\u00f8rer UV-tryk dit fuldfarvede design direkte p\u00e5 medaljens overflade, hvilket passer perfekt til de h\u00e6vede og fors\u00e6nkede omr\u00e5der af dit med eget tryk 3D-design. Dette giver mulighed for, at indviklede, farverige logoer og kunstv\u00e6rker kan sameksistere med et taktilt, metallisk relief. Selve medaljen er fremstillet af en f\u00f8rsteklasses zinklegering, hvilket giver mulighed for indviklede med eget tryk former og udsk\u00e6ringer.<\/p>\n<p><b>Premium fuldfarvede b\u00e5nd<\/b> Som supplement til premiummedaljen inkluderer hver pris et kvalitetsb\u00e5nd trykt i livlige farver p\u00e5 begge sider. V\u00e6lg mellem klassisk polyester eller en milj\u00f8venlig <b>rPET-b\u00e5nd<\/b> lavet af genbrugsmaterialer, der er i overensstemmelse med din organisations b\u00e6redygtighedsm\u00e5l.<\/p>\n<p><b>Fuld tilpasningsmuligheder<\/b><\/p>\n<ul>\n<li><b>Medalje:<\/b> Dit design kan laves i enhver brugerdefineret form op til 65 mm. V\u00e6lg mellem 8 forskellige bel\u00e6gningsfarver til metalbasen. Du kan eventuelt tilf\u00f8je et h\u00e6vet eller neds\u00e6nket logodesign p\u00e5 bagsiden, samt gravere individuelle navne og numre.<\/li>\n<li><b>B\u00e5nd:<\/b> Inkluderer et l\u00f8kkesyet 80 cm b\u00e5nd med fuldfarvetryk p\u00e5 begge sider.<\/li>\n<\/ul>\n<p>&nbsp;<\/p>\n<p><b>Pakken &#039;Vind medaljer&#039;<\/b> Vores unikke &#039;Vindermedaljer&#039;-pakke er ogs\u00e5 tilg\u00e6ngelig, s\u00e5 du kan inkludere et s\u00e6t medaljer til 1., 2. og 3. pladsen i din bestilling for at skabe et komplet pr\u00e6mies\u00e6t til din konkurrence.<\/p>\n<p><b>N\u00f8glefunktioner:<\/b><\/p>\n<ul>\n<li><b>UV-printning p\u00e5 3D-overflader:<\/b> Fuldfarvede designs p\u00e5f\u00f8rt direkte p\u00e5 det h\u00e6vede og fors\u00e6nkede metal.<\/li>\n<li><b>Premium zinklegeringsmateriale:<\/b> Giver mulighed for indviklede 3D-reliefformer og med eget tryk udsk\u00e6ringer.<\/li>\n<li><b>Fuldfarvetrykte b\u00e5nd inkluderet:<\/b> Dit design trykt p\u00e5 begge sider af b\u00e5ndet.<\/li>\n<li><b>Milj\u00f8venlig rPET-b\u00e5ndmulighed:<\/b> Et b\u00e6redygtigt b\u00e5ndvalg lavet af genbrugsmaterialer.<\/li>\n<li><b>Fuldt brugerdefineret form:<\/b> Din medalje kan st\u00f8bes i enhver form for at repr\u00e6sentere dit brand eller din begivenhed.<\/li>\n<li><b>Pakken &#039;Vind medaljer&#039; er tilg\u00e6ngelig:<\/b> Medtag nemt 1., 2. og 3. pladsmedaljer.<\/li>\n<li><b>Individuel navn- og nummergravering:<\/b> Personligg\u00f8r hver medalje til modtageren.<\/li>\n<li><b>8 forskellige bel\u00e6gningsfarver:<\/b> V\u00e6lg den perfekte metalliske finish til dit design.<\/li>\n<\/ul>\n<p>&nbsp;<\/p>\n<h3><\/h3>","protected":false},"excerpt":{"rendered":"<p>Oplev det n\u00e6ste niveau af medaljedesign med vores UV-printede 3D-medaljer. Denne teknik trykker livlige, fuldfarvede designs direkte p\u00e5 de h\u00e6vede og fors\u00e6nkede metaloverflader.<\/p>","protected":false},"featured_media":6447,"comment_status":"closed","ping_status":"closed","template":"","meta":[],"product_brand":[],"product_cat":[68,102,45],"product_tag":[],"class_list":{"0":"post-5103","1":"product","2":"type-product","3":"status-publish","4":"has-post-thumbnail","6":"product_cat-event-supplies","7":"product_cat-medals","8":"product_cat-other","10":"first","11":"instock","12":"shipping-taxable","13":"purchasable","14":"product-type-simple"},"_links":{"self":[{"href":"https:\/\/displayproducts.eu\/da\/wp-json\/wp\/v2\/product\/5103","targetHints":{"allow":["GET"]}}],"collection":[{"href":"https:\/\/displayproducts.eu\/da\/wp-json\/wp\/v2\/product"}],"about":[{"href":"https:\/\/displayproducts.eu\/da\/wp-json\/wp\/v2\/types\/product"}],"replies":[{"embeddable":true,"href":"https:\/\/displayproducts.eu\/da\/wp-json\/wp\/v2\/comments?post=5103"}],"wp:featuredmedia":[{"embeddable":true,"href":"https:\/\/displayproducts.eu\/da\/wp-json\/wp\/v2\/media\/6447"}],"wp:attachment":[{"href":"https:\/\/displayproducts.eu\/da\/wp-json\/wp\/v2\/media?parent=5103"}],"wp:term":[{"taxonomy":"product_brand","embeddable":true,"href":"https:\/\/displayproducts.eu\/da\/wp-json\/wp\/v2\/product_brand?post=5103"},{"taxonomy":"product_cat","embeddable":true,"href":"https:\/\/displayproducts.eu\/da\/wp-json\/wp\/v2\/product_cat?post=5103"},{"taxonomy":"product_tag","embeddable":true,"href":"https:\/\/displayproducts.eu\/da\/wp-json\/wp\/v2\/product_tag?post=5103"}],"curies":[{"name":"wp","href":"https:\/\/api.w.org\/{rel}","templated":true}]}}