{"id":5098,"date":"2025-10-06T21:55:28","date_gmt":"2025-10-06T18:55:28","guid":{"rendered":"https:\/\/wristbandfactory.eu\/?post_type=product&#038;p=5098"},"modified":"2026-04-01T21:52:35","modified_gmt":"2026-04-01T18:52:35","slug":"standard-shape-medals-with-full-color-doming","status":"publish","type":"product","link":"https:\/\/displayproducts.eu\/da\/p\/standard-shape-medals-with-full-color-doming\/","title":{"rendered":"Standardformede medaljer med fuldfarvet kuppel"},"content":{"rendered":"<p>Til arrangementer, der kr\u00e6ver en hurtig, uden tryk og yderst omkostningseffektiv prisl\u00f8sning, er vores standardformede jernmedaljer det perfekte valg. Ved at bruge en standard 50 mm medaljeform (f.eks. rund) kan vi tilbyde vores laveste pris og hurtigste ekspeditionstider, samtidig med at vi stadig leverer et smukt, fuldfarvet, brugerdefineret design til dit arrangement.<\/p>\n<p><b>Maksimal effekt p\u00e5 et minimalt budget<\/b> Disse medaljer er det ideelle valg til deltagerpr\u00e6mier, skolesportsdage eller enhver anden begivenhed, der har brug for en stor m\u00e6ngde medaljer af h\u00f8j kvalitet til en overkommelig pris. Forsiden har et livligt, farvestr\u00e5lende design, beskyttet af en blank og holdbar kuppel. Medaljebasen er lavet af massivt jern, hvilket giver den en tilfredsstillende v\u00e6gt og f\u00f8lelse.<\/p>\n<p><b>Uden tryk og str\u00f8mlinet tilpasning<\/b><\/p>\n<ul>\n<li><b>Medalje:<\/b> Medaljen leveres i en standardform p\u00e5 50 mm. Du kan v\u00e6lge mellem 8 forskellige bel\u00e6gningsfarver til metallet og personligg\u00f8re bagsiden med et indgraveret logo eller individuelle navne og numre.<\/li>\n<li><b>B\u00e5nd:<\/b> Hver medalje inkluderer et 80 cm polyesterb\u00e5nd med V-syet m\u00f8nster. B\u00e5ndene kan produceres i op til 3 farver efter eget valg, og du kan tilf\u00f8je dit silketryklogo p\u00e5 den ene eller begge sider.<\/li>\n<\/ul>\n<p>&nbsp;<\/p>\n<p><b>Pakken &#039;Vind medaljer&#039;<\/b> Selv med vores mest budgetvenlige l\u00f8sning kan du stadig fejre dine bedste pr\u00e6stationer. Vores unikke &#039;Vindermedaljer&#039;-pakke er tilg\u00e6ngelig, s\u00e5 du kan inkludere et s\u00e6t 1.-, 2.- og 3.-pladsmedaljer i din bestilling.<\/p>\n<p><b>N\u00f8glefunktioner:<\/b><\/p>\n<ul>\n<li><b>Den mest omkostningseffektive medaljemulighed:<\/b> Vores bedste v\u00e6rdi for store ordrer og stramme budgetter.<\/li>\n<li><b>Standard 50 mm form:<\/b> Giver mulighed for hurtigere produktion og lavere omkostninger.<\/li>\n<li><b>Fuldfarvet kuppelfinish:<\/b> Fremh\u00e6ver dit komplekse, farverige logo med et beskyttende, blankt lag.<\/li>\n<li><b>Pakken &#039;Vind medaljer&#039; er tilg\u00e6ngelig:<\/b> Medtag nemt 1., 2. og 3. pladsmedaljer.<\/li>\n<li><b>Individuel navn- og nummergravering:<\/b> Personligg\u00f8r hver medalje til modtageren.<\/li>\n<li><b>Valgfrit graveret logo p\u00e5 bagsiden:<\/b> Tilf\u00f8j ekstra branding p\u00e5 bagsiden af medaljen.<\/li>\n<li><b>Tilpassede V-syede b\u00e5nd inkluderet:<\/b> V\u00e6lg dine farver og tilf\u00f8j dit logo.<\/li>\n<li><b>8 forskellige bel\u00e6gningsfarver:<\/b> V\u00e6lg den perfekte metalliske finish til din medalje.<\/li>\n<\/ul>\n<p>&nbsp;<\/p>\n<h3><\/h3>","protected":false},"excerpt":{"rendered":"<p>Vores hurtigste og mest prisvenlige prisl\u00f8sning. Disse jernmedaljer i standardform har dit livlige, farvestr\u00e5lende kuppellogo, der giver maksimal effekt p\u00e5 et minimalt budget.<\/p>","protected":false},"featured_media":6643,"comment_status":"closed","ping_status":"closed","template":"","meta":[],"product_brand":[],"product_cat":[68,102,45],"product_tag":[],"class_list":{"0":"post-5098","1":"product","2":"type-product","3":"status-publish","4":"has-post-thumbnail","6":"product_cat-event-supplies","7":"product_cat-medals","8":"product_cat-other","10":"first","11":"instock","12":"shipping-taxable","13":"purchasable","14":"product-type-simple"},"_links":{"self":[{"href":"https:\/\/displayproducts.eu\/da\/wp-json\/wp\/v2\/product\/5098","targetHints":{"allow":["GET"]}}],"collection":[{"href":"https:\/\/displayproducts.eu\/da\/wp-json\/wp\/v2\/product"}],"about":[{"href":"https:\/\/displayproducts.eu\/da\/wp-json\/wp\/v2\/types\/product"}],"replies":[{"embeddable":true,"href":"https:\/\/displayproducts.eu\/da\/wp-json\/wp\/v2\/comments?post=5098"}],"wp:featuredmedia":[{"embeddable":true,"href":"https:\/\/displayproducts.eu\/da\/wp-json\/wp\/v2\/media\/6643"}],"wp:attachment":[{"href":"https:\/\/displayproducts.eu\/da\/wp-json\/wp\/v2\/media?parent=5098"}],"wp:term":[{"taxonomy":"product_brand","embeddable":true,"href":"https:\/\/displayproducts.eu\/da\/wp-json\/wp\/v2\/product_brand?post=5098"},{"taxonomy":"product_cat","embeddable":true,"href":"https:\/\/displayproducts.eu\/da\/wp-json\/wp\/v2\/product_cat?post=5098"},{"taxonomy":"product_tag","embeddable":true,"href":"https:\/\/displayproducts.eu\/da\/wp-json\/wp\/v2\/product_tag?post=5098"}],"curies":[{"name":"wp","href":"https:\/\/api.w.org\/{rel}","templated":true}]}}