{"id":5093,"date":"2025-10-06T21:50:00","date_gmt":"2025-10-06T18:50:00","guid":{"rendered":"https:\/\/wristbandfactory.eu\/?post_type=product&#038;p=5093"},"modified":"2026-04-01T21:52:04","modified_gmt":"2026-04-01T18:52:04","slug":"custom-iron-medals-with-full-color-doming","status":"publish","type":"product","link":"https:\/\/displayproducts.eu\/da\/p\/custom-iron-medals-with-full-color-doming\/","title":{"rendered":"Med eget tryk jernmedaljer med fuldfarvet kuppel"},"content":{"rendered":"<p>Opn\u00e5 en levende, fuldfarvet pris til en exceptionel pris med vores med eget tryk jernmedaljer med kuppel. Denne mulighed er den perfekte l\u00f8sning til at bringe komplekse logoer, billeder og gradienter til live p\u00e5 en omkostningseffektiv medalje, hvilket g\u00f8r den ideel til store begivenheder, reklamekampagner og turneringer, hvor b\u00e5de budget og visuel effekt er afg\u00f8rende.<\/p>\n<p><b>Fuld farve p\u00e5 et smart budget<\/b> Denne medalje kombinerer en holdbar jernbase med en moderne, fuldfarvet kuppelformet finish. Kuppelformningsprocessen involverer p\u00e5f\u00f8ring af en klar, ridsefast polyurethanharpiks oven p\u00e5 dit trykte design, hvilket beskytter det og giver det en blank 3D-effekt. Ved at bruge en jernbase kan vi tilbyde denne str\u00e5lende, fuldfarvede stil til en mere overkommelig pris. Disse medaljer kan laves i enhver brugerdefineret form op til 50 mm.<\/p>\n<p><b>Fuld tilpasningsmuligheder<\/b><\/p>\n<ul>\n<li><b>Medalje:<\/b> Dit design kan laves i enhver brugerdefineret form. V\u00e6lg mellem 8 forskellige bel\u00e6gningsfarver til metalkanten, og personligg\u00f8r hver medalje med individuelle navne, numre eller et indgraveret logo p\u00e5 bagsiden.<\/li>\n<li><b>B\u00e5nd:<\/b> Hver medalje inkluderer et 80 cm polyesterb\u00e5nd med V-syet m\u00f8nster. B\u00e5ndene kan produceres i op til 3 farver efter eget valg, og du kan tilf\u00f8je dit silketryklogo p\u00e5 den ene eller begge sider.<\/li>\n<\/ul>\n<p>&nbsp;<\/p>\n<p><b>Pakken &#039;Vind medaljer&#039;<\/b> Vores unikke &#039;Vindermedaljer&#039;-pakke er ogs\u00e5 tilg\u00e6ngelig for denne medaljetype, s\u00e5 du kan inkludere et s\u00e6t 1.-, 2.- og 3.-pladsmedaljer i din bestilling for at skabe en komplet og overkommelig pr\u00e6miel\u00f8sning.<\/p>\n<p><b>N\u00f8glefunktioner:<\/b><\/p>\n<ul>\n<li><b>Omkostningseffektiv jernbase:<\/b> Det ideelle valg til store ordrer og budgetbevidste arrangementer.<\/li>\n<li><b>Fuldfarvet kuppelfinish:<\/b> Gengiver perfekt komplekse logoer, fotos og farvegradienter.<\/li>\n<li><b>Ridsefast blank kuppel:<\/b> Beskytter dit design og giver et f\u00f8rsteklasses 3D-look.<\/li>\n<li><b>Fuldt brugerdefineret form:<\/b> Skab en unik medalje, der repr\u00e6senterer dit brand eller din begivenhed.<\/li>\n<li><b>Pakken &#039;Vind medaljer&#039; er tilg\u00e6ngelig:<\/b> Medtag nemt 1., 2. og 3. pladsmedaljer.<\/li>\n<li><b>Individuel navn- og nummergravering:<\/b> Personligg\u00f8r hver medalje til modtageren.<\/li>\n<li><b>Valgfrit graveret logo p\u00e5 bagsiden:<\/b> Tilf\u00f8j ekstra branding p\u00e5 bagsiden af medaljen.<\/li>\n<li><b>Tilpassede V-syede b\u00e5nd inkluderet:<\/b> V\u00e6lg dine farver og tilf\u00f8j dit logo.<\/li>\n<\/ul>","protected":false},"excerpt":{"rendered":"<p>F\u00e5 livlige, fuldfarvede med eget tryk medaljer til en uovertruffen pris. Vores jernmedaljer med en blank kuppelfinish er perfekte til at gengive komplekse logoer p\u00e5 en budgetvenlig pris.<\/p>","protected":false},"featured_media":6464,"comment_status":"closed","ping_status":"closed","template":"","meta":[],"product_brand":[],"product_cat":[68,102,45],"product_tag":[],"class_list":{"0":"post-5093","1":"product","2":"type-product","3":"status-publish","4":"has-post-thumbnail","6":"product_cat-event-supplies","7":"product_cat-medals","8":"product_cat-other","10":"first","11":"instock","12":"shipping-taxable","13":"purchasable","14":"product-type-simple"},"_links":{"self":[{"href":"https:\/\/displayproducts.eu\/da\/wp-json\/wp\/v2\/product\/5093","targetHints":{"allow":["GET"]}}],"collection":[{"href":"https:\/\/displayproducts.eu\/da\/wp-json\/wp\/v2\/product"}],"about":[{"href":"https:\/\/displayproducts.eu\/da\/wp-json\/wp\/v2\/types\/product"}],"replies":[{"embeddable":true,"href":"https:\/\/displayproducts.eu\/da\/wp-json\/wp\/v2\/comments?post=5093"}],"wp:featuredmedia":[{"embeddable":true,"href":"https:\/\/displayproducts.eu\/da\/wp-json\/wp\/v2\/media\/6464"}],"wp:attachment":[{"href":"https:\/\/displayproducts.eu\/da\/wp-json\/wp\/v2\/media?parent=5093"}],"wp:term":[{"taxonomy":"product_brand","embeddable":true,"href":"https:\/\/displayproducts.eu\/da\/wp-json\/wp\/v2\/product_brand?post=5093"},{"taxonomy":"product_cat","embeddable":true,"href":"https:\/\/displayproducts.eu\/da\/wp-json\/wp\/v2\/product_cat?post=5093"},{"taxonomy":"product_tag","embeddable":true,"href":"https:\/\/displayproducts.eu\/da\/wp-json\/wp\/v2\/product_tag?post=5093"}],"curies":[{"name":"wp","href":"https:\/\/api.w.org\/{rel}","templated":true}]}}