{"id":5088,"date":"2025-10-06T21:44:18","date_gmt":"2025-10-06T18:44:18","guid":{"rendered":"https:\/\/wristbandfactory.eu\/?post_type=product&#038;p=5088"},"modified":"2026-04-01T21:52:35","modified_gmt":"2026-04-01T18:52:35","slug":"custom-medals-with-full-color-doming","status":"publish","type":"product","link":"https:\/\/displayproducts.eu\/da\/p\/custom-medals-with-full-color-doming\/","title":{"rendered":"Med eget tryk medaljer med fuldfarvet kuppel"},"content":{"rendered":"<p>Til designs, der kr\u00e6ver levende detaljer i fuld farve, er vores med eget tryk medaljer med kuppelform den ideelle l\u00f8sning. Denne teknik muligg\u00f8r perfekt gengivelse af komplekse logoer, gradienter og endda fotografiske billeder, som derefter beskyttes af en krystalklar, ridsefast kuppel. Det er det ultimative valg til moderne, i\u00f8jnefaldende priser.<\/p>\n<p><b>Livlig fuldfarvet finish<\/b> Domingprocessen involverer p\u00e5f\u00f8ring af en klar polyurethanharpiks oven p\u00e5 et farvetrykt design. Dette skaber en holdbar, blank 3D-bobleeffekt, der forbedrer dit kunstv\u00e6rk og beskytter det mod slid. Medaljebasen er fremstillet af en f\u00f8rsteklasses zinklegering, hvilket g\u00f8r det muligt at st\u00f8be selve medaljen i enhver kompliceret form med fine detaljer og med eget tryk udsk\u00e6ringer (huller), der indrammer dit farverige design perfekt.<\/p>\n<p><b>Fuld tilpasningsmuligheder<\/b><\/p>\n<ul>\n<li><b>Medalje:<\/b> Dit design kan laves i enhver brugerdefineret form. V\u00e6lg mellem 8 forskellige bel\u00e6gningsfarver til metalbasen. Du kan eventuelt tilf\u00f8je et h\u00e6vet eller neds\u00e6nket logodesign p\u00e5 bagsiden, samt gravere individuelle navne og numre.<\/li>\n<li><b>B\u00e5nd:<\/b> Hver medalje inkluderer et 80 cm polyesterb\u00e5nd med l\u00f8kkesyet b\u00e5nd. B\u00e5ndene kan produceres i op til 3 farver efter eget valg, og du kan tilf\u00f8je dit silketryklogo p\u00e5 den ene eller begge sider.<\/li>\n<\/ul>\n<p>&nbsp;<\/p>\n<p><b>Pakken &#039;Vind medaljer&#039;<\/b> Vores unikke &#039;Vindermedaljer&#039;-pakke er ogs\u00e5 tilg\u00e6ngelig til denne medaljetype. Du kan v\u00e6lge at f\u00e5 tre medaljer produceret med klassisk guld-, s\u00f8lv- og bronzebel\u00e6gning til 1., 2. og 3. pladsen, hvilket skaber et komplet s\u00e6t pr\u00e6mier til din konkurrence.<\/p>\n<p><b>N\u00f8glefunktioner:<\/b><\/p>\n<ul>\n<li><b>Fuldfarvet kuppelfinish:<\/b> Perfekt til komplekse logoer, fotografiske billeder og farvegradienter.<\/li>\n<li><b>Premium zinklegeringsmateriale:<\/b> Giver mulighed for indviklede, med eget tryk former og udsk\u00e6ringer til medaljebasen.<\/li>\n<li><b>Ridsefast blank kuppel:<\/b> Beskytter designet og giver et f\u00f8rsteklasses 3D-look.<\/li>\n<li><b>Fuldt brugerdefineret form:<\/b> Din medalje kan st\u00f8bes i enhver form for at repr\u00e6sentere dit brand eller din begivenhed.<\/li>\n<li><b>Pakken &#039;Vind medaljer&#039; er tilg\u00e6ngelig:<\/b> Medtag nemt 1., 2. og 3. pladsmedaljer i din ordre.<\/li>\n<li><b>Individuel navn- og nummergravering:<\/b> Personligg\u00f8r hver medalje til modtageren.<\/li>\n<li><b>Tilpassede l\u00f8kkesyede b\u00e5nd inkluderet:<\/b> V\u00e6lg dine farver og tilf\u00f8j dit logo.<\/li>\n<li><b>8 bel\u00e6gningsfarver til medaljebase:<\/b> V\u00e6lg den perfekte metalliske finish, der komplementerer dit design.<\/li>\n<\/ul>","protected":false},"excerpt":{"rendered":"<p>Giv dine livlige, farvestr\u00e5lende designs liv med vores med eget tryk kuppelmedaljer. De er lavet af en f\u00f8rsteklasses zinklegering og har en blank, beskyttende kuppel over dit trykte logo eller billede.<\/p>","protected":false},"featured_media":6471,"comment_status":"closed","ping_status":"closed","template":"","meta":[],"product_brand":[],"product_cat":[102,45],"product_tag":[],"class_list":{"0":"post-5088","1":"product","2":"type-product","3":"status-publish","4":"has-post-thumbnail","6":"product_cat-medals","7":"product_cat-other","9":"first","10":"instock","11":"shipping-taxable","12":"purchasable","13":"product-type-simple"},"_links":{"self":[{"href":"https:\/\/displayproducts.eu\/da\/wp-json\/wp\/v2\/product\/5088","targetHints":{"allow":["GET"]}}],"collection":[{"href":"https:\/\/displayproducts.eu\/da\/wp-json\/wp\/v2\/product"}],"about":[{"href":"https:\/\/displayproducts.eu\/da\/wp-json\/wp\/v2\/types\/product"}],"replies":[{"embeddable":true,"href":"https:\/\/displayproducts.eu\/da\/wp-json\/wp\/v2\/comments?post=5088"}],"wp:featuredmedia":[{"embeddable":true,"href":"https:\/\/displayproducts.eu\/da\/wp-json\/wp\/v2\/media\/6471"}],"wp:attachment":[{"href":"https:\/\/displayproducts.eu\/da\/wp-json\/wp\/v2\/media?parent=5088"}],"wp:term":[{"taxonomy":"product_brand","embeddable":true,"href":"https:\/\/displayproducts.eu\/da\/wp-json\/wp\/v2\/product_brand?post=5088"},{"taxonomy":"product_cat","embeddable":true,"href":"https:\/\/displayproducts.eu\/da\/wp-json\/wp\/v2\/product_cat?post=5088"},{"taxonomy":"product_tag","embeddable":true,"href":"https:\/\/displayproducts.eu\/da\/wp-json\/wp\/v2\/product_tag?post=5088"}],"curies":[{"name":"wp","href":"https:\/\/api.w.org\/{rel}","templated":true}]}}