{"id":5083,"date":"2025-10-06T21:37:53","date_gmt":"2025-10-06T18:37:53","guid":{"rendered":"https:\/\/wristbandfactory.eu\/?post_type=product&#038;p=5083"},"modified":"2026-04-01T21:52:35","modified_gmt":"2026-04-01T18:52:35","slug":"custom-3d-relief-iron-medals","status":"publish","type":"product","link":"https:\/\/displayproducts.eu\/da\/p\/custom-3d-relief-iron-medals\/","title":{"rendered":"Med eget tryk 3D-reliefjernmedaljer"},"content":{"rendered":"<p>F\u00e5 et klassisk, eksklusivt look til dine priser uden den ekstraordin\u00e6re pris. Vores med eget tryk 3D-reliefjernmedaljer tilbyder den sofistikerede \u00e6stetik af et ikke-emaljeret, st\u00f8bt design kombineret med de omkostningseffektive fordele ved jern, hvilket g\u00f8r dem til det ideelle valg til store begivenheder, konkurrencer og turneringer.<\/p>\n<p><b>Klassisk metal til en god pris<\/b> Denne medaljestil fokuserer p\u00e5 selve metallets 3D-tekstur og detaljer, hvilket skaber en tidl\u00f8s pris med en taktil, relieflignende finish. Ved at bruge jern kan vi tilbyde denne elegante stil til en overkommelig pris. Selvom jern er mere budgetvenligt og ikke tillader udsk\u00e6ringer som zinklegering, giver det stadig en holdbar, tung fornemmelse og en smuk, detaljeret finish til designs op til 50 mm.<\/p>\n<p><b>Fuld tilpasningsmuligheder<\/b><\/p>\n<ul>\n<li><b>Medalje:<\/b> Dit design kan laves i enhver brugerdefineret form. V\u00e6lg mellem 8 forskellige bel\u00e6gningsfarver og personligg\u00f8r hver medalje med individuelle navne, numre eller et indgraveret logo p\u00e5 bagsiden.<\/li>\n<li><b>B\u00e5nd:<\/b> Hver medalje inkluderer et 80 cm polyesterb\u00e5nd med V-syet m\u00f8nster. B\u00e5ndene kan produceres i op til 3 farver efter eget valg, og du kan tilf\u00f8je dit silketryklogo p\u00e5 den ene eller begge sider.<\/li>\n<\/ul>\n<p>&nbsp;<\/p>\n<p><b>Pakken &#039;Vind medaljer&#039;<\/b> Vores unikke &#039;Vindermedaljer&#039;-pakke er ogs\u00e5 tilg\u00e6ngelig for denne medaljetype, s\u00e5 du kan inkludere et s\u00e6t 1.-, 2.- og 3.-pladsmedaljer i din ordre, hvilket tilf\u00f8jer betydelig v\u00e6rdi til konkurrencebegivenheder.<\/p>\n<p><b>N\u00f8glefunktioner:<\/b><\/p>\n<ul>\n<li><b>Omkostningseffektivt jernmateriale:<\/b> Det perfekte valg til at opn\u00e5 et klassisk look p\u00e5 et budget.<\/li>\n<li><b>Klassisk 3D-reliefdesign:<\/b> En ikke-emaljeret finish i metal giver en sofistikeret fornemmelse.<\/li>\n<li><b>Fuldt brugerdefineret form:<\/b> Din medalje kan laves i enhver form for at repr\u00e6sentere dit brand eller din begivenhed.<\/li>\n<li><b>Pakken &#039;Vind medaljer&#039; er tilg\u00e6ngelig:<\/b> Medtag nemt 1., 2. og 3. pladsmedaljer.<\/li>\n<li><b>Individuel navn- og nummergravering:<\/b> Personligg\u00f8r hver medalje til modtageren.<\/li>\n<li><b>Valgfrit graveret logo p\u00e5 bagsiden:<\/b> Tilf\u00f8j ekstra branding p\u00e5 bagsiden af medaljen.<\/li>\n<li><b>Tilpassede V-syede b\u00e5nd inkluderet:<\/b> V\u00e6lg dine farver og tilf\u00f8j dit logo.<\/li>\n<li><b>8 forskellige bel\u00e6gningsfarver:<\/b> V\u00e6lg den perfekte metalliske finish til dit design.<\/li>\n<\/ul>","protected":false},"excerpt":{"rendered":"<p>F\u00e5 en tidl\u00f8s, klassisk pris til en god pris med vores 3D-reliefjernmedaljer. Disse uemaljerede medaljer har et detaljeret metallisk design, der er perfekte til et eksklusivt look p\u00e5 et budget.<\/p>","protected":false},"featured_media":6451,"comment_status":"closed","ping_status":"closed","template":"","meta":[],"product_brand":[],"product_cat":[102],"product_tag":[],"class_list":{"0":"post-5083","1":"product","2":"type-product","3":"status-publish","4":"has-post-thumbnail","6":"product_cat-medals","8":"first","9":"instock","10":"shipping-taxable","11":"purchasable","12":"product-type-simple"},"_links":{"self":[{"href":"https:\/\/displayproducts.eu\/da\/wp-json\/wp\/v2\/product\/5083","targetHints":{"allow":["GET"]}}],"collection":[{"href":"https:\/\/displayproducts.eu\/da\/wp-json\/wp\/v2\/product"}],"about":[{"href":"https:\/\/displayproducts.eu\/da\/wp-json\/wp\/v2\/types\/product"}],"replies":[{"embeddable":true,"href":"https:\/\/displayproducts.eu\/da\/wp-json\/wp\/v2\/comments?post=5083"}],"wp:featuredmedia":[{"embeddable":true,"href":"https:\/\/displayproducts.eu\/da\/wp-json\/wp\/v2\/media\/6451"}],"wp:attachment":[{"href":"https:\/\/displayproducts.eu\/da\/wp-json\/wp\/v2\/media?parent=5083"}],"wp:term":[{"taxonomy":"product_brand","embeddable":true,"href":"https:\/\/displayproducts.eu\/da\/wp-json\/wp\/v2\/product_brand?post=5083"},{"taxonomy":"product_cat","embeddable":true,"href":"https:\/\/displayproducts.eu\/da\/wp-json\/wp\/v2\/product_cat?post=5083"},{"taxonomy":"product_tag","embeddable":true,"href":"https:\/\/displayproducts.eu\/da\/wp-json\/wp\/v2\/product_tag?post=5083"}],"curies":[{"name":"wp","href":"https:\/\/api.w.org\/{rel}","templated":true}]}}