{"id":5080,"date":"2025-10-06T21:31:57","date_gmt":"2025-10-06T18:31:57","guid":{"rendered":"https:\/\/wristbandfactory.eu\/?post_type=product&#038;p=5080"},"modified":"2026-04-01T21:52:35","modified_gmt":"2026-04-01T18:52:35","slug":"custom-3d-relief-zinc-alloy-medals","status":"publish","type":"product","link":"https:\/\/displayproducts.eu\/da\/p\/custom-3d-relief-zinc-alloy-medals\/","title":{"rendered":"Med eget tryk 3D-reliefmedaljer i zinklegering"},"content":{"rendered":"<p>Omfavn en tidl\u00f8s og sofistikeret \u00e6stetik med vores med eget tryk 3D-reliefmedaljer i zinklegering. Perfekt til virksomhedsanerkendelse, jubil\u00e6er og prestigefyldte priser. Disse medaljer er uden emalje for at fremh\u00e6ve de fantastiske detaljer og tekstur af selve det st\u00f8bte metal. Resultatet er en klassisk pris med en taktil og h\u00f8j kvalitetsfornemmelse.<\/p>\n<p><b>Ren metal elegance<\/b> Det ikke-emaljerede reliefdesign skaber en 3D-effekt med h\u00f8j kontrast og h\u00e6vede og fors\u00e6nkede omr\u00e5der, der smukt fremh\u00e6ver din valgte bel\u00e6gningsfinish. Vi bruger en f\u00f8rsteklasses zinklegering, hvilket er essentielt for denne stil, da det giver mulighed for utroligt fine detaljer og med eget tryk udsk\u00e6ringer (huller) \u2013 perfekt til komplekse logoer eller indviklede billeder, som en rent metallisk finish vil fremh\u00e6ve.<\/p>\n<p><b>Fuld tilpasningsmuligheder<\/b><\/p>\n<ul>\n<li><b>Medalje:<\/b> Dit design kan laves i enhver form op til 65 mm. V\u00e6lg mellem 8 forskellige bel\u00e6gningsfarver. Du kan eventuelt tilf\u00f8je et h\u00e6vet eller neds\u00e6nket logodesign p\u00e5 bagsiden, samt gravere individuelle navne og numre.<\/li>\n<li><b>B\u00e5nd:<\/b> Hver medalje inkluderer et 80 cm polyesterb\u00e5nd med l\u00f8kkesyet b\u00e5nd. B\u00e5ndene kan produceres i op til 3 farver efter eget valg, og du kan tilf\u00f8je dit silketryklogo p\u00e5 den ene eller begge sider.<\/li>\n<\/ul>\n<p>&nbsp;<\/p>\n<p><b>Pakken &#039;Vind medaljer&#039;<\/b> Denne klassiske medaljestil f\u00e5s ogs\u00e5 med vores unikke &#039;Vindermedaljer&#039;-pakke. Du kan v\u00e6lge at f\u00e5 tre medaljer produceret i klassiske guld-, s\u00f8lv- og bronzefarver til 1., 2. og 3. pladsen, komplet med unikke navne eller numre.<\/p>\n<p><b>N\u00f8glefunktioner:<\/b><\/p>\n<ul>\n<li><b>Fantastisk 3D-reliefdesign:<\/b> En ikke-emaljeret finish i helmetal giver et klassisk og elegant look.<\/li>\n<li><b>Premium zinklegeringsmateriale:<\/b> Giver mulighed for indviklede detaljer og med eget tryk udsk\u00e6ringer.<\/li>\n<li><b>Fuldt brugerdefineret form:<\/b> Din medalje kan st\u00f8bes i enhver form for at repr\u00e6sentere dit brand eller din begivenhed.<\/li>\n<li><b>Pakken &#039;Vind medaljer&#039; er tilg\u00e6ngelig:<\/b> Medtag nemt 1., 2. og 3. pladsmedaljer i din ordre.<\/li>\n<li><b>Individuel navn- og nummergravering:<\/b> Personligg\u00f8r hver medalje til modtageren.<\/li>\n<li><b>Tilpassede l\u00f8kkesyede b\u00e5nd inkluderet:<\/b> V\u00e6lg dine farver og tilf\u00f8j dit logo.<\/li>\n<li><b>8 forskellige bel\u00e6gningsfarver:<\/b> V\u00e6lg den perfekte finish, der komplementerer 3D-designet.<\/li>\n<li><b>Ideel til virksomheds- og prestigefyldte priser:<\/b> Et sofistikeret valg til formel anerkendelse.<\/li>\n<\/ul>","protected":false},"excerpt":{"rendered":"<p>For en klassisk og elegant pris, v\u00e6lg vores med eget tryk 3D-reliefmedaljer. Disse ikke-emaljerede medaljer er lavet af en f\u00f8rsteklasses zinklegering og fremh\u00e6ver dit design med fantastiske metalliske detaljer.<\/p>","protected":false},"featured_media":6455,"comment_status":"closed","ping_status":"closed","template":"","meta":[],"product_brand":[],"product_cat":[68,102,45],"product_tag":[],"class_list":{"0":"post-5080","1":"product","2":"type-product","3":"status-publish","4":"has-post-thumbnail","6":"product_cat-event-supplies","7":"product_cat-medals","8":"product_cat-other","10":"first","11":"instock","12":"shipping-taxable","13":"purchasable","14":"product-type-simple"},"_links":{"self":[{"href":"https:\/\/displayproducts.eu\/da\/wp-json\/wp\/v2\/product\/5080","targetHints":{"allow":["GET"]}}],"collection":[{"href":"https:\/\/displayproducts.eu\/da\/wp-json\/wp\/v2\/product"}],"about":[{"href":"https:\/\/displayproducts.eu\/da\/wp-json\/wp\/v2\/types\/product"}],"replies":[{"embeddable":true,"href":"https:\/\/displayproducts.eu\/da\/wp-json\/wp\/v2\/comments?post=5080"}],"wp:featuredmedia":[{"embeddable":true,"href":"https:\/\/displayproducts.eu\/da\/wp-json\/wp\/v2\/media\/6455"}],"wp:attachment":[{"href":"https:\/\/displayproducts.eu\/da\/wp-json\/wp\/v2\/media?parent=5080"}],"wp:term":[{"taxonomy":"product_brand","embeddable":true,"href":"https:\/\/displayproducts.eu\/da\/wp-json\/wp\/v2\/product_brand?post=5080"},{"taxonomy":"product_cat","embeddable":true,"href":"https:\/\/displayproducts.eu\/da\/wp-json\/wp\/v2\/product_cat?post=5080"},{"taxonomy":"product_tag","embeddable":true,"href":"https:\/\/displayproducts.eu\/da\/wp-json\/wp\/v2\/product_tag?post=5080"}],"curies":[{"name":"wp","href":"https:\/\/api.w.org\/{rel}","templated":true}]}}