{"id":5078,"date":"2025-10-06T21:26:17","date_gmt":"2025-10-06T18:26:17","guid":{"rendered":"https:\/\/wristbandfactory.eu\/?post_type=product&#038;p=5078"},"modified":"2026-04-01T21:52:35","modified_gmt":"2026-04-01T18:52:35","slug":"custom-iron-medals-with-soft-enamel","status":"publish","type":"product","link":"https:\/\/displayproducts.eu\/da\/p\/custom-iron-medals-with-soft-enamel\/","title":{"rendered":"Med eget tryk jernmedaljer med bl\u00f8d emalje"},"content":{"rendered":"<p>Skab smukke, med eget tryk pr\u00e6mier til dit arrangement uden at spr\u00e6nge budgettet. Vores med eget tryk jernmedaljer er den perfekte omkostningseffektive l\u00f8sning til l\u00f8b, turneringer og firmaarrangementer med et stort antal deltagere. De tilbyder fremragende v\u00e6rdi, samtidig med at de stadig giver udseendet og f\u00f8lelsen af en skr\u00e6ddersyet kvalitetspr\u00e6mie.<\/p>\n<p><b>Klassisk finish og design<\/b> Jern er billigere end zinklegering, hvilket giver en mere overkommelig pris, is\u00e6r ved store ordrer. Disse medaljer har en traditionel bl\u00f8d emaljefinish, hvor emaljemalingen sidder let fors\u00e6nket, hvilket skaber en behagelig, tekstureret fornemmelse. Selvom jern ikke kan bruges i designs med udsk\u00e6ringer eller samme niveau af indviklede detaljer som zinklegering, er det et holdbart og p\u00e5lideligt materiale til en bred vifte af med eget tryk former op til 50 mm.<\/p>\n<p><b>Fuld tilpasningsmuligheder<\/b><\/p>\n<ul>\n<li><b>Medalje:<\/b> Dit design kan laves i enhver brugerdefineret form. V\u00e6lg mellem 8 forskellige bel\u00e6gningsfarver og personligg\u00f8r hver medalje med individuelle navne og numre p\u00e5 bagsiden.<\/li>\n<li><b>B\u00e5nd:<\/b> Hver medalje inkluderer et 80 cm polyesterb\u00e5nd med V-syet m\u00f8nster. B\u00e5ndene kan produceres i op til 3 farver efter eget valg, og du kan tilf\u00f8je dit silketryklogo p\u00e5 den ene eller begge sider.<\/li>\n<\/ul>\n<p>&nbsp;<\/p>\n<p><b>Pakken &#039;Vind medaljer&#039;<\/b> Selv p\u00e5 et budget kan du fejre dine bedste spillere. Vores unikke &#039;Vindermedaljer&#039;-pakke er tilg\u00e6ngelig for jernmedaljer, s\u00e5 du kan inkludere et s\u00e6t 1.-, 2.- og 3.-pladsmedaljer i din ordre, komplet med unikke navne eller numre.<\/p>\n<p><b>N\u00f8glefunktioner:<\/b><\/p>\n<ul>\n<li><b>Omkostningseffektivt jernmateriale:<\/b> Et fremragende valg til arrangementer med stor deltagelse eller et stramt budget.<\/li>\n<li><b>Klassisk bl\u00f8d emaljefinish:<\/b> Giver dit design et tekstureret og dimensionelt udseende.<\/li>\n<li><b>Fuldt brugerdefineret form:<\/b> Din medalje kan laves i enhver form for at repr\u00e6sentere dit brand eller din begivenhed.<\/li>\n<li><b>Pakken &#039;Vind medaljer&#039; er tilg\u00e6ngelig:<\/b> Medtag nemt 1., 2. og 3. pladsmedaljer i din ordre.<\/li>\n<li><b>Individuel navn- og nummergravering:<\/b> Personligg\u00f8r hver medalje til modtageren.<\/li>\n<li><b>Tilpassede V-syede b\u00e5nd inkluderet:<\/b> V\u00e6lg dine farver og tilf\u00f8j dit logo.<\/li>\n<li><b>8 forskellige bel\u00e6gningsfarver:<\/b> V\u00e6lg den perfekte finish, der matcher dit design.<\/li>\n<li><b>Ideel til store ordrer:<\/b> En pris af h\u00f8j kvalitet, der tilbyder fantastisk v\u00e6rdi.<\/li>\n<\/ul>","protected":false},"excerpt":{"rendered":"<p>Et godt valg til din begivenhed. Vores specialfremstillede jernmedaljer har en klassisk bl\u00f8d emaljefinish og kan laves i enhver form, hvilket giver en pris af h\u00f8j kvalitet til en overkommelig pris.<\/p>","protected":false},"featured_media":6462,"comment_status":"closed","ping_status":"closed","template":"","meta":[],"product_brand":[],"product_cat":[68,102],"product_tag":[],"class_list":{"0":"post-5078","1":"product","2":"type-product","3":"status-publish","4":"has-post-thumbnail","6":"product_cat-event-supplies","7":"product_cat-medals","9":"first","10":"instock","11":"shipping-taxable","12":"purchasable","13":"product-type-simple"},"_links":{"self":[{"href":"https:\/\/displayproducts.eu\/da\/wp-json\/wp\/v2\/product\/5078","targetHints":{"allow":["GET"]}}],"collection":[{"href":"https:\/\/displayproducts.eu\/da\/wp-json\/wp\/v2\/product"}],"about":[{"href":"https:\/\/displayproducts.eu\/da\/wp-json\/wp\/v2\/types\/product"}],"replies":[{"embeddable":true,"href":"https:\/\/displayproducts.eu\/da\/wp-json\/wp\/v2\/comments?post=5078"}],"wp:featuredmedia":[{"embeddable":true,"href":"https:\/\/displayproducts.eu\/da\/wp-json\/wp\/v2\/media\/6462"}],"wp:attachment":[{"href":"https:\/\/displayproducts.eu\/da\/wp-json\/wp\/v2\/media?parent=5078"}],"wp:term":[{"taxonomy":"product_brand","embeddable":true,"href":"https:\/\/displayproducts.eu\/da\/wp-json\/wp\/v2\/product_brand?post=5078"},{"taxonomy":"product_cat","embeddable":true,"href":"https:\/\/displayproducts.eu\/da\/wp-json\/wp\/v2\/product_cat?post=5078"},{"taxonomy":"product_tag","embeddable":true,"href":"https:\/\/displayproducts.eu\/da\/wp-json\/wp\/v2\/product_tag?post=5078"}],"curies":[{"name":"wp","href":"https:\/\/api.w.org\/{rel}","templated":true}]}}