{"id":5071,"date":"2025-10-06T21:16:24","date_gmt":"2025-10-06T18:16:24","guid":{"rendered":"https:\/\/wristbandfactory.eu\/?post_type=product&#038;p=5071"},"modified":"2026-04-01T21:52:35","modified_gmt":"2026-04-01T18:52:35","slug":"custom-shape-zinc-alloy-medals","status":"publish","type":"product","link":"https:\/\/displayproducts.eu\/da\/p\/custom-shape-zinc-alloy-medals\/","title":{"rendered":"Med eget tryk zinklegeringsmedaljer"},"content":{"rendered":"<p>Anerkend pr\u00e6stationer med en virkelig unik og eksklusiv pris. Vores specialformede medaljer i zinklegering er det perfekte valg til sportsbegivenheder, virksomhedspriser og konkurrencer, da de tilbyder uovertruffen designfrihed og en finish af h\u00f8j kvalitet, som modtagerne vil v\u00e6rds\u00e6tte.<\/p>\n<p><b>Overlegent materiale og detaljer<\/b> Vi bruger zinklegering, et materiale, der er lettere og mere holdbart end jern. Vigtigst af alt muligg\u00f8r det st\u00f8bning med meget finere detaljer, hvilket g\u00f8r det til det bedste valg til designs med indviklede detaljer eller udsk\u00e6ringer (huller) i medaljens design. Forsiden af hver medalje har et slidst\u00e6rkt, imiteret, h\u00e5rd emaljedesign med en glat, glaslignende finish.<\/p>\n<p><b>Fuld tilpasningsmuligheder<\/b><\/p>\n<ul>\n<li><b>Medalje:<\/b> Dit design kan laves i enhver form op til 65 mm. V\u00e6lg mellem 8 forskellige bel\u00e6gningsfarver. Du kan eventuelt tilf\u00f8je et h\u00e6vet eller neds\u00e6nket logodesign p\u00e5 bagsiden, samt gravere individuelle navne og numre.<\/li>\n<li><b>B\u00e5nd:<\/b> Hver medalje inkluderer et 80 cm polyesterb\u00e5nd med l\u00f8kkesyet b\u00e5nd. B\u00e5ndene kan produceres i op til 3 farver efter eget valg, og du kan tilf\u00f8je dit silketryklogo p\u00e5 den ene eller begge sider.<\/li>\n<\/ul>\n<p>&nbsp;<\/p>\n<p><b>Pakken &#039;Vind medaljer&#039;<\/b> Vi tilbyder en unik &#039;Vindermedaljepakke&#039;, der er perfekt til konkurrencer. Du kan v\u00e6lge at f\u00e5 tre medaljer produceret i klassiske guld-, s\u00f8lv- og bronzefarver til 1., 2. og 3. pladsen, komplet med unikke navne eller numre. For eksempel vil en ordre p\u00e5 100 medaljer inkludere 97 i dit hoveddesign og 3 i vinderens medaljes\u00e6t.<\/p>\n<p><b>N\u00f8glefunktioner:<\/b><\/p>\n<ul>\n<li><b>Fuldt brugerdefineret form:<\/b> Din medalje kan st\u00f8bes i enhver form, ikke bare en standardcirkel.<\/li>\n<li><b>Premium zinklegeringsmateriale:<\/b> Giver mulighed for fine, indviklede detaljer og med eget tryk udsk\u00e6ringer.<\/li>\n<li><b>Glat h\u00e5rd emaljefinish:<\/b> Giver en glaslignende overflade af h\u00f8j kvalitet.<\/li>\n<li><b>Pakken &#039;Vind medaljer&#039; er tilg\u00e6ngelig:<\/b> Medtag nemt 1., 2. og 3. pladsmedaljer i din ordre.<\/li>\n<li><b>Individuel navn- og nummergravering:<\/b> Personligg\u00f8r hver medalje til modtageren.<\/li>\n<li><b>Tilpassede b\u00e5nd inkluderet:<\/b> V\u00e6lg dine farver og tilf\u00f8j dit logo til de 80 cm lange b\u00e5nd.<\/li>\n<li><b>8 forskellige bel\u00e6gningsfarver:<\/b> V\u00e6lg den perfekte finish, der matcher dit design.<\/li>\n<li><b>Valgfrit logodesign p\u00e5 bagsiden:<\/b> Tilf\u00f8j ekstra branding med et h\u00e6vet eller neds\u00e6nket logo.<\/li>\n<\/ul>","protected":false},"excerpt":{"rendered":"<p>Skab fantastiske, fuldt med eget tryk pr\u00e6mier med vores medaljer i zinklegering. Med en glat, h\u00e5rd emaljefinish og detaljerede detaljer kan de laves i enhver form for at repr\u00e6sentere din begivenhed.<\/p>","protected":false},"featured_media":6483,"comment_status":"closed","ping_status":"closed","template":"","meta":[],"product_brand":[],"product_cat":[68,102],"product_tag":[],"class_list":{"0":"post-5071","1":"product","2":"type-product","3":"status-publish","4":"has-post-thumbnail","6":"product_cat-event-supplies","7":"product_cat-medals","9":"first","10":"instock","11":"shipping-taxable","12":"purchasable","13":"product-type-simple"},"_links":{"self":[{"href":"https:\/\/displayproducts.eu\/da\/wp-json\/wp\/v2\/product\/5071","targetHints":{"allow":["GET"]}}],"collection":[{"href":"https:\/\/displayproducts.eu\/da\/wp-json\/wp\/v2\/product"}],"about":[{"href":"https:\/\/displayproducts.eu\/da\/wp-json\/wp\/v2\/types\/product"}],"replies":[{"embeddable":true,"href":"https:\/\/displayproducts.eu\/da\/wp-json\/wp\/v2\/comments?post=5071"}],"wp:featuredmedia":[{"embeddable":true,"href":"https:\/\/displayproducts.eu\/da\/wp-json\/wp\/v2\/media\/6483"}],"wp:attachment":[{"href":"https:\/\/displayproducts.eu\/da\/wp-json\/wp\/v2\/media?parent=5071"}],"wp:term":[{"taxonomy":"product_brand","embeddable":true,"href":"https:\/\/displayproducts.eu\/da\/wp-json\/wp\/v2\/product_brand?post=5071"},{"taxonomy":"product_cat","embeddable":true,"href":"https:\/\/displayproducts.eu\/da\/wp-json\/wp\/v2\/product_cat?post=5071"},{"taxonomy":"product_tag","embeddable":true,"href":"https:\/\/displayproducts.eu\/da\/wp-json\/wp\/v2\/product_tag?post=5071"}],"curies":[{"name":"wp","href":"https:\/\/api.w.org\/{rel}","templated":true}]}}