{"id":5067,"date":"2025-10-06T16:53:44","date_gmt":"2025-10-06T13:53:44","guid":{"rendered":"https:\/\/wristbandfactory.eu\/?post_type=product&#038;p=5067"},"modified":"2026-04-01T21:52:04","modified_gmt":"2026-04-01T18:52:04","slug":"sound-activated-led-glow-glasses","status":"publish","type":"product","link":"https:\/\/displayproducts.eu\/da\/p\/sound-activated-led-glow-glasses\/","title":{"rendered":"Lydaktiverede &amp; LED-lysende briller"},"content":{"rendered":"<p>Bliv festens midtpunkt med vores elektrificerende LED-lysbriller. Perfekte som merchandise, til reklamearrangementer eller bare for sjov \u2013 disse briller er en garanteret m\u00e5de at g\u00f8re et mindev\u00e6rdigt indtryk p\u00e5. De har en lysende, gl\u00f8dende EL-tr\u00e5dramme i et klassisk og komfortabelt plastikdesign i wayfarer-stil. Linserne er enkle, hvilket sikrer et klart syn, mens du lyser natten op.<\/p>\n<p>For B2B-kunder er disse briller et fantastisk brandingv\u00e6rkt\u00f8j. Stellet og farven p\u00e5 EL-tr\u00e5den kan tilpasses, s\u00e5 de matcher din virksomheds identitet eller eventtema. Vi tilbyder to funktionelle versioner, der passer til enhver lejlighed.<\/p>\n<p><b>V\u00e6lg din funktion:<\/b><\/p>\n<ol start=\"1\">\n<li><b>Knapstyret:<\/b> Denne version tilbyder manuel kontrol over lystilstandene, typisk inklusive konstant lys, langsom blinken og hurtig blinken, s\u00e5 brugeren kan v\u00e6lge sin foretrukne stil.<\/li>\n<li><b>Lyd aktiveret:<\/b> Den ultimative festtilstand. Denne version har en indbygget sensor, der f\u00e5r lysene til at pulsere og blinke synkront med musikkens rytme, hvilket skaber en dynamisk og interaktiv oplevelse.<\/li>\n<\/ol>\n<p>Disse briller er bygget til at holde, og de drives af en diskret batteripakke med to AAA-batterier. Vi st\u00e5r inde for deres kvalitet. <b>2 \u00e5rs garanti<\/b> og fuld <b>CE- og ROHS-certificering<\/b>hvilket g\u00f8r dem til et p\u00e5lideligt valg p\u00e5 det europ\u00e6iske marked.<\/p>\n<p><b>N\u00f8glefunktioner:<\/b><\/p>\n<ul>\n<li><b>To versioner tilg\u00e6ngelige:<\/b> V\u00e6lg mellem manuelle knapstyrede eller interaktive lydaktiverede modeller.<\/li>\n<li><b>10 livlige gl\u00f8dende farver:<\/b> V\u00e6lg mellem et bredt udvalg af farver til EL-ledningen.<\/li>\n<li><b>Tilpassede rammefarver:<\/b> Match rammerne med dit brand eller eventtema.<\/li>\n<li><b>CE- og ROHS-certificeret:<\/b> Et kvalitetsprodukt, der overholder reglerne, til det europ\u00e6iske marked.<\/li>\n<li><b>2 \u00e5rs garanti:<\/b> Vi st\u00e5r inde for vores produkters holdbarhed og ydeevne.<\/li>\n<li><b>Drevet af 2xAAA-batterier:<\/b> En Uden tryk og nem at udskifte str\u00f8mkilde.<\/li>\n<li><b>Klassisk Wayfarer-stil:<\/b> Et universelt popul\u00e6rt og komfortabelt design.<\/li>\n<\/ul>","protected":false},"excerpt":{"rendered":"<p>Skil dig ud ved enhver begivenhed med vores specialdesignede lysende briller. F\u00e5s i 10 livlige farver og to versioner: manuel kontrol eller lydaktiveret, der pulserer med musikken. CE-certificeret.<\/p>","protected":false},"featured_media":6638,"comment_status":"closed","ping_status":"closed","template":"","meta":[],"product_brand":[],"product_cat":[68,76,45],"product_tag":[],"class_list":{"0":"post-5067","1":"product","2":"type-product","3":"status-publish","4":"has-post-thumbnail","6":"product_cat-event-supplies","7":"product_cat-glow-led-products","8":"product_cat-other","10":"first","11":"instock","12":"shipping-taxable","13":"purchasable","14":"product-type-simple"},"_links":{"self":[{"href":"https:\/\/displayproducts.eu\/da\/wp-json\/wp\/v2\/product\/5067","targetHints":{"allow":["GET"]}}],"collection":[{"href":"https:\/\/displayproducts.eu\/da\/wp-json\/wp\/v2\/product"}],"about":[{"href":"https:\/\/displayproducts.eu\/da\/wp-json\/wp\/v2\/types\/product"}],"replies":[{"embeddable":true,"href":"https:\/\/displayproducts.eu\/da\/wp-json\/wp\/v2\/comments?post=5067"}],"wp:featuredmedia":[{"embeddable":true,"href":"https:\/\/displayproducts.eu\/da\/wp-json\/wp\/v2\/media\/6638"}],"wp:attachment":[{"href":"https:\/\/displayproducts.eu\/da\/wp-json\/wp\/v2\/media?parent=5067"}],"wp:term":[{"taxonomy":"product_brand","embeddable":true,"href":"https:\/\/displayproducts.eu\/da\/wp-json\/wp\/v2\/product_brand?post=5067"},{"taxonomy":"product_cat","embeddable":true,"href":"https:\/\/displayproducts.eu\/da\/wp-json\/wp\/v2\/product_cat?post=5067"},{"taxonomy":"product_tag","embeddable":true,"href":"https:\/\/displayproducts.eu\/da\/wp-json\/wp\/v2\/product_tag?post=5067"}],"curies":[{"name":"wp","href":"https:\/\/api.w.org\/{rel}","templated":true}]}}