{"id":5063,"date":"2025-10-06T16:48:59","date_gmt":"2025-10-06T13:48:59","guid":{"rendered":"https:\/\/wristbandfactory.eu\/?post_type=product&#038;p=5063"},"modified":"2026-04-01T21:52:04","modified_gmt":"2026-04-01T18:52:04","slug":"remote-controlled-led-glow-wands","status":"publish","type":"product","link":"https:\/\/displayproducts.eu\/da\/p\/remote-controlled-led-glow-wands\/","title":{"rendered":"Fjernstyrede LED-lysstave"},"content":{"rendered":"<p>Giv publikum energi og skab et fantastisk visuelt landskab med vores med eget tryk LED-lysstave. Disse 30 cm stave er et uundv\u00e6rligt element til koncerter, festivaler og sportsbegivenheder og er designet til stor publikumsdeltagelse. Med et komfortabelt, ergonomisk ABS-h\u00e5ndtag og en lysstav oplyst af 4 kraftige LED&#039;er er de en betydelig opgradering fra standard engangsskumpinde.<\/p>\n<p>H\u00e5ndtaget kan tilpasses med dit brands farve og logo, hvilket forvandler hver stang til et effektivt reklamev\u00e6rkt\u00f8j. Vi tilbyder to funktionelle versioner, der perfekt matcher behovene til dit arrangement.<\/p>\n<p><b>V\u00e6lg din version:<\/b><\/p>\n<ol start=\"1\">\n<li><b>Knapskiftversion:<\/b> Det klassiske valg til nem betjening. Brugere kan skifte mellem 15 livlige farver og forskellige tilstande med en simpel knap p\u00e5 h\u00e5ndtaget.<\/li>\n<li><b>Fjernbetjeningsversion:<\/b> Forvandl din begivenhed til et interaktivt lysshow. Denne version er kompatibel med vores <b><a class=\"ng-star-inserted\" href=\"https:\/\/displayproducts.eu\/da\/p\/remote-dmx-controllers-for-led-wristbands\/\" target=\"_blank\" rel=\"noopener\" data-hveid=\"0\" data-ved=\"0CAAQ_4QMahgKEwih_pyAto-QAxUAAAAAHQAAAAAQ7Rg\">Fjernbetjeninger og DMX-controllere<\/a><\/b>, s\u00e5 du kan synkronisere hver tryllestav i publikum for en uforglemmelig og koordineret forestilling.<\/li>\n<\/ol>\n<p>Bedst af alt er det, at der f\u00f8lger batterier med hver stav, hvilket sikrer, at de er klar til brug lige ud af \u00e6sken.<\/p>\n<p><b>N\u00f8glefunktioner:<\/b><\/p>\n<ul>\n<li><b>Ergonomisk genanvendeligt h\u00e5ndtag:<\/b> Giver et komfortabelt og holdbart greb.<\/li>\n<li><b>Lys 30 cm gl\u00f8dende tryllestav:<\/b> Oplyst af 4 interne LED&#039;er for fremragende synlighed.<\/li>\n<li><b>To versioner tilg\u00e6ngelige:<\/b> V\u00e6lg mellem en manuel knapkontakt eller en model med fuld fjernbetjening.<\/li>\n<li><b>15 livlige farvemuligheder:<\/b> Et bredt spektrum af farver, der giver energi til enhver begivenhed.<\/li>\n<li><b>Batterier inkluderet:<\/b> Klar til \u00f8jeblikkelig brug, problemfrit for eventarrang\u00f8rer.<\/li>\n<li><b>Brugerdefineret h\u00e5ndtag til branding:<\/b> Tilf\u00f8j dit logo eller en brugerdefineret farve til at promovere dit brand.<\/li>\n<\/ul>","protected":false},"excerpt":{"rendered":"<p>Lys op til din koncert eller fest med vores f\u00f8rsteklasses LED-lysstave. De har et komfortabelt h\u00e5ndtag og klare lys og f\u00e5s i en manuel eller en fjernbetjent interaktiv model.<\/p>","protected":false},"featured_media":6596,"comment_status":"closed","ping_status":"closed","template":"","meta":[],"product_brand":[],"product_cat":[68,76,45],"product_tag":[],"class_list":{"0":"post-5063","1":"product","2":"type-product","3":"status-publish","4":"has-post-thumbnail","6":"product_cat-event-supplies","7":"product_cat-glow-led-products","8":"product_cat-other","10":"first","11":"instock","12":"shipping-taxable","13":"product-type-simple"},"_links":{"self":[{"href":"https:\/\/displayproducts.eu\/da\/wp-json\/wp\/v2\/product\/5063","targetHints":{"allow":["GET"]}}],"collection":[{"href":"https:\/\/displayproducts.eu\/da\/wp-json\/wp\/v2\/product"}],"about":[{"href":"https:\/\/displayproducts.eu\/da\/wp-json\/wp\/v2\/types\/product"}],"replies":[{"embeddable":true,"href":"https:\/\/displayproducts.eu\/da\/wp-json\/wp\/v2\/comments?post=5063"}],"wp:featuredmedia":[{"embeddable":true,"href":"https:\/\/displayproducts.eu\/da\/wp-json\/wp\/v2\/media\/6596"}],"wp:attachment":[{"href":"https:\/\/displayproducts.eu\/da\/wp-json\/wp\/v2\/media?parent=5063"}],"wp:term":[{"taxonomy":"product_brand","embeddable":true,"href":"https:\/\/displayproducts.eu\/da\/wp-json\/wp\/v2\/product_brand?post=5063"},{"taxonomy":"product_cat","embeddable":true,"href":"https:\/\/displayproducts.eu\/da\/wp-json\/wp\/v2\/product_cat?post=5063"},{"taxonomy":"product_tag","embeddable":true,"href":"https:\/\/displayproducts.eu\/da\/wp-json\/wp\/v2\/product_tag?post=5063"}],"curies":[{"name":"wp","href":"https:\/\/api.w.org\/{rel}","templated":true}]}}