{"id":5058,"date":"2025-10-06T16:43:30","date_gmt":"2025-10-06T13:43:30","guid":{"rendered":"https:\/\/wristbandfactory.eu\/?post_type=product&#038;p=5058"},"modified":"2026-04-01T21:52:35","modified_gmt":"2026-04-01T18:52:35","slug":"custom-shaped-led-light-sticks","status":"publish","type":"product","link":"https:\/\/displayproducts.eu\/da\/p\/custom-shaped-led-light-sticks\/","title":{"rendered":"Med eget tryk LED-lyspinde"},"content":{"rendered":"<p data-path-to-node=\"7\">Skab et fordybende &quot;lyshav&quot; og den ultimative fanoplevelse med vores fuldt brugerdefinerbare LED-koncertlyspinde. Dette er det f\u00f8rsteklasses v\u00e6rkt\u00f8j til kunstnere, bands og firmaarrangementer, der s\u00f8ger effektfuldt samlerobjekt, der forbinder publikum direkte med brandet.<\/p>\n<p data-path-to-node=\"8\">Produktets sande styrke ligger i dets uovertrufne niveau af tilpasning. Den store akrylkugle kan tilpasses pr\u00e6cis din organisations behov:<\/p>\n<ul data-path-to-node=\"9\">\n<li>\n<p data-path-to-node=\"9,0,0\"><b>Med eget tryk 3D-figurer:<\/b> Placer en specialst\u00f8bt 3D-figur inde i globussen for at skabe et virkelig unikt og v\u00e6rdifuldt samlerobjekt.<\/p>\n<\/li>\n<li>\n<p data-path-to-node=\"9,1,0\"><b>Laser\u00e6tsede indsatser:<\/b> Grav\u00e9r dit logo, eventsymbol eller tekst for et skarpt og elegant look.<\/p>\n<\/li>\n<li>\n<p data-path-to-node=\"9,2,0\"><b>Indstik i fuld farvetryk:<\/b> Fremvis detaljerede brandbilleder eller -design i fuld farve.<\/p>\n<\/li>\n<\/ul>\n<p data-path-to-node=\"10\">For at fuldende brandingen kan h\u00e5ndtaget produceres i din med eget tryk firmafarve og trykkes med dit logo.<\/p>\n<p data-path-to-node=\"11\">V\u00e6lg den teknologiversion, der bedst passer til dit arrangements budget og tekniske behov:<\/p>\n<ol start=\"1\" data-path-to-node=\"12\">\n<li>\n<p data-path-to-node=\"12,0,0\"><b>Manuel (uden tryktfarvet):<\/b> Ideel til st\u00e6rk, ensartet brandfarve.<\/p>\n<\/li>\n<li>\n<p data-path-to-node=\"12,1,0\"><b>Manuel (15 farver):<\/b> En alsidig mulighed, der giver brugerne mulighed for at v\u00e6lge mellem 15 forskellige farver.<\/p>\n<\/li>\n<li>\n<p data-path-to-node=\"12,2,0\"><b>DMX-fjernbetjening:<\/b> Den ultimative interaktive oplevelse. Denne version er kompatibel med vores fjernbetjeninger og DMX-controllere, s\u00e5 dit team kan synkronisere alle lyspindene i lokalet for at skabe fantastiske, koordinerede lysshows timet til musik.<\/p>\n<\/li>\n<\/ol>\n<p data-path-to-node=\"13\">Hver lyspind er lavet af holdbart ABS og akryl og drives af tre AAA-batterier (medf\u00f8lger ikke).<\/p>\n<p data-path-to-node=\"14\"><b>N\u00f8glefunktioner:<\/b><\/p>\n<ul data-path-to-node=\"15\">\n<li>\n<p data-path-to-node=\"15,0,0\"><b>Fuldt tilpasselig globus:<\/b> Muligheder for med eget tryk 3D-figurer, laser\u00e6tsning eller indl\u00e6g i fuld farve.<\/p>\n<\/li>\n<li>\n<p data-path-to-node=\"15,1,0\"><b>H\u00e5ndtag med brugerdefineret logo:<\/b> Kan f\u00e5s i specialfarve og med logotryk.<\/p>\n<\/li>\n<li>\n<p data-path-to-node=\"15,2,0\"><b>DMX fjernbetjeningsmulighed:<\/b> Giver mulighed for fuldt synkroniserede lysshows for hele spillestedet.<\/p>\n<\/li>\n<li>\n<p data-path-to-node=\"15,3,0\"><b>Manuelle tekniske muligheder:<\/b> F\u00e5s ogs\u00e5 i budgetvenlige ensfarvede eller manuelle versioner med 15 farver.<\/p>\n<\/li>\n<li>\n<p data-path-to-node=\"15,4,0\"><b>Holdbare materialer:<\/b> Lavet af eventklar, st\u00e6rk ABS og akryl.<\/p>\n<\/li>\n<li>\n<p data-path-to-node=\"15,5,0\"><b>Effektiv merchandise:<\/b> Det perfekte samlerobjekt til koncerter, fanturn\u00e9er og firmaarrangementer.<\/p>\n<\/li>\n<\/ul>","protected":false},"excerpt":{"rendered":"<ul data-path-to-node=\"6\">\n<li>\n<p data-path-to-node=\"6,0,0\">Fuldt tilpasselig akrylkugle: Placer en 3D-figur indeni, laser\u00e6ts et logo, eller brug et farvetrykt indsats.<\/p>\n<\/li>\n<li>\n<p data-path-to-node=\"6,1,0\">H\u00e5ndtag i specialfarve med dit logo-tryk muligt.<\/p>\n<\/li>\n<li>\n<p data-path-to-node=\"6,2,0\">V\u00e6lg din teknologi: Ensfarvet, manuel 15-farvet lysshow eller DMX-fjernstyrede versioner til synkroniserede lysshows.<\/p>\n<\/li>\n<li>\n<p data-path-to-node=\"6,3,0\">Det ultimative merchandise med h\u00f8j effekt til koncerter, fansammenkomster og brandevents.<\/p>\n<\/li>\n<\/ul>","protected":false},"featured_media":5057,"comment_status":"closed","ping_status":"closed","template":"","meta":[],"product_brand":[],"product_cat":[76,45],"product_tag":[],"class_list":{"0":"post-5058","1":"product","2":"type-product","3":"status-publish","4":"has-post-thumbnail","6":"product_cat-glow-led-products","7":"product_cat-other","9":"first","10":"instock","11":"shipping-taxable","12":"product-type-simple"},"_links":{"self":[{"href":"https:\/\/displayproducts.eu\/da\/wp-json\/wp\/v2\/product\/5058","targetHints":{"allow":["GET"]}}],"collection":[{"href":"https:\/\/displayproducts.eu\/da\/wp-json\/wp\/v2\/product"}],"about":[{"href":"https:\/\/displayproducts.eu\/da\/wp-json\/wp\/v2\/types\/product"}],"replies":[{"embeddable":true,"href":"https:\/\/displayproducts.eu\/da\/wp-json\/wp\/v2\/comments?post=5058"}],"wp:featuredmedia":[{"embeddable":true,"href":"https:\/\/displayproducts.eu\/da\/wp-json\/wp\/v2\/media\/5057"}],"wp:attachment":[{"href":"https:\/\/displayproducts.eu\/da\/wp-json\/wp\/v2\/media?parent=5058"}],"wp:term":[{"taxonomy":"product_brand","embeddable":true,"href":"https:\/\/displayproducts.eu\/da\/wp-json\/wp\/v2\/product_brand?post=5058"},{"taxonomy":"product_cat","embeddable":true,"href":"https:\/\/displayproducts.eu\/da\/wp-json\/wp\/v2\/product_cat?post=5058"},{"taxonomy":"product_tag","embeddable":true,"href":"https:\/\/displayproducts.eu\/da\/wp-json\/wp\/v2\/product_tag?post=5058"}],"curies":[{"name":"wp","href":"https:\/\/api.w.org\/{rel}","templated":true}]}}