{"id":5052,"date":"2025-10-06T16:33:54","date_gmt":"2025-10-06T13:33:54","guid":{"rendered":"https:\/\/wristbandfactory.eu\/?post_type=product&#038;p=5052"},"modified":"2026-04-01T21:52:35","modified_gmt":"2026-04-01T18:52:35","slug":"remote-dmx-controllers-for-led-wristbands","status":"publish","type":"product","link":"https:\/\/displayproducts.eu\/da\/p\/remote-dmx-controllers-for-led-wristbands\/","title":{"rendered":"Fjernbetjeninger og DMX-controllere til LED-armb\u00e5nd"},"content":{"rendered":"<p>For at opn\u00e5 fuld synkronisering og skabe fordybende lysshows med vores fjernstyrede armb\u00e5nd er en central controller et vigtigt tilbeh\u00f8r. Vores controllere giver dig absolut kontrol over stedets atmosf\u00e6re, s\u00e5 en uden trykt operat\u00f8r kan udl\u00f8se levende farveskift og dynamiske blinkende sekvenser p\u00e5 tv\u00e6rs af hele publikum. Uanset om du er v\u00e6rt for en firmagalla eller en stadionrundvisning i verdensklasse, sikrer disse enheder, at hvert armb\u00e5nd forbliver perfekt synkroniseret.<\/p>\n<h2 data-path-to-node=\"12\">Den &quot;store&quot; DMX-controller (professionel hub)<\/h2>\n<p data-path-to-node=\"13\">Dette er vores kraftigste styreenhed, designet til professionelle lysteknikere og storskalaproduktioner. Den har fuld DMX512-kompatibilitet, s\u00e5 du kan integrere armb\u00e5ndene direkte i dit lokales eksisterende lyskonsol.<\/p>\n<ul data-path-to-node=\"14\">\n<li>\n<p data-path-to-node=\"14,0,0\"><b data-path-to-node=\"14,0,0\" data-index-in-node=\"0\">R\u00e6kkevidde:<\/b> Op til 500 meter i \u00e5bne omr\u00e5der.<\/p>\n<\/li>\n<li>\n<p data-path-to-node=\"14,1,0\"><b data-path-to-node=\"14,1,0\" data-index-in-node=\"0\">Kapacitet:<\/b> Styrer op til 5000+ armb\u00e5nd samtidigt.<\/p>\n<\/li>\n<li>\n<p data-path-to-node=\"14,2,0\"><b data-path-to-node=\"14,2,0\" data-index-in-node=\"0\">Magt:<\/b> Ekstern str\u00f8mforsyning til kontinuerlig drift.<\/p>\n<\/li>\n<\/ul>\n<h2 data-path-to-node=\"15\">Den &quot;lille&quot; h\u00e5ndholdte controller (b\u00e6rbar og nem)<\/h2>\n<p data-path-to-node=\"16\">Small Controlleren er ideel til mindre arrangementer, fester og produktlanceringer og tilbyder en uden tryk, intuitiv brugerflade til manuel styring. Den er batteridrevet og b\u00e6rbar, hvilket giver operat\u00f8ren frihed til at bev\u00e6ge sig rundt p\u00e5 stedet, mens den styrer lysshowet.<\/p>\n<ul data-path-to-node=\"17\">\n<li>\n<p data-path-to-node=\"17,0,0\"><b data-path-to-node=\"17,0,0\" data-index-in-node=\"0\">R\u00e6kkevidde:<\/b> P\u00e5lideligt signal op til 200-300 meter.<\/p>\n<\/li>\n<li>\n<p data-path-to-node=\"17,1,0\"><b data-path-to-node=\"17,1,0\" data-index-in-node=\"0\">Funktioner:<\/b> Brugervenlige knapper til 15 forudindstillinger af farver og 8 blinkende tilstande.<\/p>\n<\/li>\n<li>\n<p data-path-to-node=\"17,2,0\"><b data-path-to-node=\"17,2,0\" data-index-in-node=\"0\">B\u00e6rbarhed:<\/b> Letv\u00e6gtsdesign med lang batterilevetid.<\/p>\n<\/li>\n<\/ul>\n<h2 data-path-to-node=\"18\">N\u00f8glefunktioner og tilslutningsmuligheder<\/h2>\n<ul data-path-to-node=\"19\">\n<li>\n<p data-path-to-node=\"19,0,0\"><b data-path-to-node=\"19,0,0\" data-index-in-node=\"0\">RF-teknologi:<\/b> Bruger en h\u00f8jstabilitet p\u00e5 433 MHz-frekvens for at sikre signalgennemtr\u00e6ngning selv gennem t\u00e6tte menneskem\u00e6ngder.<\/p>\n<\/li>\n<li>\n<p data-path-to-node=\"19,1,0\"><b data-path-to-node=\"19,1,0\" data-index-in-node=\"0\">DMX512-integration:<\/b> Synkroniserer problemfrit med professionelle lysborde til forprogrammerede showsekvenser.<\/p>\n<\/li>\n<li>\n<p data-path-to-node=\"19,2,0\"><b data-path-to-node=\"19,2,0\" data-index-in-node=\"0\">\u00d8jeblikkelig respons:<\/b> Nul-latens signaltransmission for perfekt timing med musik og visuelle signaler.<\/p>\n<\/li>\n<\/ul>\n<h2 data-path-to-node=\"20\">Specifikationer<\/h2>\n<ul data-path-to-node=\"21\">\n<li>\n<p data-path-to-node=\"21,0,0\"><b data-path-to-node=\"21,0,0\" data-index-in-node=\"0\">Frekvenser:<\/b> 433,92 MHz.<\/p>\n<\/li>\n<li>\n<p data-path-to-node=\"21,1,0\"><b data-path-to-node=\"21,1,0\" data-index-in-node=\"0\">Arbejdssp\u00e6nding:<\/b> DC 5V (lille) \/ DC 12V (stor).<\/p>\n<\/li>\n<li>\n<p data-path-to-node=\"21,2,0\"><b data-path-to-node=\"21,2,0\" data-index-in-node=\"0\">Kanaler:<\/b> Underst\u00f8tter flere zoner og gruppespecifik styring.<\/p>\n<\/li>\n<li>\n<p data-path-to-node=\"21,3,0\"><b data-path-to-node=\"21,3,0\" data-index-in-node=\"0\">Dimensioner:<\/b> B\u00e6rbar h\u00e5ndholdt enhed eller professionel enhed til rackmontering.<\/p>\n<\/li>\n<\/ul>\n<p data-path-to-node=\"22\">","protected":false},"excerpt":{"rendered":"<ul>\n<li>\n<p data-path-to-node=\"10,0,0\"><b data-path-to-node=\"10,0,0\" data-index-in-node=\"0\">Universel kommando:<\/b> Styr tusindvis af LED-armb\u00e5nd samtidigt inden for en r\u00e6kkevidde p\u00e5 op til 500 meter.<\/p>\n<\/li>\n<li>\n<p data-path-to-node=\"10,1,0\"><b data-path-to-node=\"10,1,0\" data-index-in-node=\"0\">Dobbelt teknologi:<\/b> Underst\u00f8tter b\u00e5de manuel RF (radiofrekvens) fjernbetjening og professionel DMX512-integration.<\/p>\n<\/li>\n<li>\n<p data-path-to-node=\"10,2,0\"><b data-path-to-node=\"10,2,0\" data-index-in-node=\"0\">Skalerbare l\u00f8sninger:<\/b> V\u00e6lg mellem den b\u00e6rbare lille controller til intime spillesteder eller den store controller til begivenheder p\u00e5 stadionst\u00f8rrelse.<\/p>\n<\/li>\n<li>\n<p data-path-to-node=\"10,3,0\"><b data-path-to-node=\"10,3,0\" data-index-in-node=\"0\">Effekter i realtid:<\/b> Skift \u00f8jeblikkeligt mellem 15+ farver og forskellige blinkende m\u00f8nstre, s\u00e5 de matcher din begivenheds rytme.<\/p>\n<\/li>\n<\/ul>","protected":false},"featured_media":5980,"comment_status":"closed","ping_status":"closed","template":"","meta":[],"product_brand":[],"product_cat":[80],"product_tag":[],"class_list":{"0":"post-5052","1":"product","2":"type-product","3":"status-publish","4":"has-post-thumbnail","6":"product_cat-led-wristbands","8":"first","9":"instock","10":"shipping-taxable","11":"purchasable","12":"product-type-simple"},"_links":{"self":[{"href":"https:\/\/displayproducts.eu\/da\/wp-json\/wp\/v2\/product\/5052","targetHints":{"allow":["GET"]}}],"collection":[{"href":"https:\/\/displayproducts.eu\/da\/wp-json\/wp\/v2\/product"}],"about":[{"href":"https:\/\/displayproducts.eu\/da\/wp-json\/wp\/v2\/types\/product"}],"replies":[{"embeddable":true,"href":"https:\/\/displayproducts.eu\/da\/wp-json\/wp\/v2\/comments?post=5052"}],"wp:featuredmedia":[{"embeddable":true,"href":"https:\/\/displayproducts.eu\/da\/wp-json\/wp\/v2\/media\/5980"}],"wp:attachment":[{"href":"https:\/\/displayproducts.eu\/da\/wp-json\/wp\/v2\/media?parent=5052"}],"wp:term":[{"taxonomy":"product_brand","embeddable":true,"href":"https:\/\/displayproducts.eu\/da\/wp-json\/wp\/v2\/product_brand?post=5052"},{"taxonomy":"product_cat","embeddable":true,"href":"https:\/\/displayproducts.eu\/da\/wp-json\/wp\/v2\/product_cat?post=5052"},{"taxonomy":"product_tag","embeddable":true,"href":"https:\/\/displayproducts.eu\/da\/wp-json\/wp\/v2\/product_tag?post=5052"}],"curies":[{"name":"wp","href":"https:\/\/api.w.org\/{rel}","templated":true}]}}