{"id":5034,"date":"2025-10-06T16:03:54","date_gmt":"2025-10-06T13:03:54","guid":{"rendered":"https:\/\/wristbandfactory.eu\/?post_type=product&#038;p=5034"},"modified":"2026-04-01T21:52:35","modified_gmt":"2026-04-01T18:52:35","slug":"custom-glow-flashing-led-wristbands","status":"publish","type":"product","link":"https:\/\/displayproducts.eu\/da\/p\/custom-glow-flashing-led-wristbands\/","title":{"rendered":"Selvlysende og blinkende LED-armb\u00e5nd"},"content":{"rendered":"<p data-path-to-node=\"9\">N\u00e5r du har brug for en simpel, omkostningseffektiv og levende brandingl\u00f8sning, er vores med eget tryk LED-armb\u00e5nd med gl\u00f8d og blinkende lys det perfekte valg. Disse b\u00e5nd er designet til h\u00f8j synlighed og giver et kraftigt og ensartet lys uden behov for komplekse fjernbetjeninger.<\/p>\n<p data-path-to-node=\"10\">Dette er vores alt-i-\u00e9n-center til manuelle (ikke-fjernstyrede) LED-b\u00e5nd, ideelt til firmaarrangementer, produktlanceringer, festivaler og oplysningskampagner, hvor et samlet brandimage er afg\u00f8rende.<\/p>\n<h2><strong>V\u00e6lg din manuelle LED-model<\/strong><\/h2>\n<p data-path-to-node=\"12\">V\u00e6lg den model, der passer bedst til temaet for dit arrangement:<\/p>\n<h3 data-path-to-node=\"13,0,0\"><strong>Ensfarvet gl\u00f8demodel<\/strong><\/h3>\n<p><img fetchpriority=\"high\" decoding=\"async\" class=\"alignnone wp-image-5554\" src=\"https:\/\/displayproducts.eu\/wp-content\/uploads\/2025\/10\/flashing-led-1.jpeg\" alt=\"\" width=\"300\" height=\"300\" srcset=\"https:\/\/displayproducts.eu\/wp-content\/uploads\/2025\/10\/flashing-led-1.jpeg 600w, https:\/\/displayproducts.eu\/wp-content\/uploads\/2025\/10\/flashing-led-1-12x12.jpeg 12w, https:\/\/displayproducts.eu\/wp-content\/uploads\/2025\/10\/flashing-led-1-300x300.jpeg 300w, https:\/\/displayproducts.eu\/wp-content\/uploads\/2025\/10\/flashing-led-1-100x100.jpeg 100w, https:\/\/displayproducts.eu\/wp-content\/uploads\/2025\/10\/flashing-led-1-64x64.jpeg 64w\" sizes=\"(max-width: 300px) 100vw, 300px\" \/><\/p>\n<p>Denne models styrke er dens uden trykhed. Den lyser op i <b>\u00e9n specifik, levende farve<\/b> (r\u00f8d, bl\u00e5, gr\u00f8n osv.) for perfekt at matche din virksomheds branding eller eventtema. Den er fremstillet af et ultralet (17 g) og holdbart TPU-materiale og tilbyder en meget lang levetid. <b>12 timers batterilevetid<\/b>.<\/p>\n<h3 data-path-to-node=\"13,1,0\"><strong>Flerfarvet blinkende model<\/strong><\/h3>\n<p data-path-to-node=\"13,1,0\"><img decoding=\"async\" class=\"alignnone wp-image-5556\" src=\"https:\/\/displayproducts.eu\/wp-content\/uploads\/2025\/10\/flashing-led.jpg\" alt=\"\" width=\"300\" height=\"300\" srcset=\"https:\/\/displayproducts.eu\/wp-content\/uploads\/2025\/10\/flashing-led.jpg 1080w, https:\/\/displayproducts.eu\/wp-content\/uploads\/2025\/10\/flashing-led-768x768.jpg 768w, https:\/\/displayproducts.eu\/wp-content\/uploads\/2025\/10\/flashing-led-12x12.jpg 12w, https:\/\/displayproducts.eu\/wp-content\/uploads\/2025\/10\/flashing-led-300x300.jpg 300w, https:\/\/displayproducts.eu\/wp-content\/uploads\/2025\/10\/flashing-led-600x600.jpg 600w, https:\/\/displayproducts.eu\/wp-content\/uploads\/2025\/10\/flashing-led-100x100.jpg 100w, https:\/\/displayproducts.eu\/wp-content\/uploads\/2025\/10\/flashing-led-64x64.jpg 64w\" sizes=\"(max-width: 300px) 100vw, 300px\" \/><\/p>\n<p data-path-to-node=\"13,1,0\">Denne model er en klassisk blikfanger. Den har en farvet rem (fuchsia, gr\u00f8n, bl\u00e5 osv.) og en lys LED, der oplyser hele remmen. En diskret t\u00e6nd\/sluk-knap giver brugeren mulighed for at styre blinkningen, hvilket g\u00f8r den til et perfekt interaktivt tilbeh\u00f8r til fester og koncerter.<\/p>\n<p data-path-to-node=\"14\">Begge modeller drives af medf\u00f8lgende batterier og er klar til brug med det samme. Vi tilbyder 1-farvet tampontryk p\u00e5 et dedikeret trykomr\u00e5de til dit med eget tryk logo eller din begivenhedsmeddelelse.<\/p>\n<h2 data-path-to-node=\"15\"><b>N\u00f8glefunktioner:<\/b><\/h2>\n<ul data-path-to-node=\"16\">\n<li>\n<p data-path-to-node=\"16,0,0\"><b>To modelmuligheder:<\/b> V\u00e6lg mellem en <b>Ensfarvet gl\u00f8d<\/b> eller en <b>Flerfarvet blinkende<\/b> model.<\/p>\n<\/li>\n<li>\n<p data-path-to-node=\"16,1,0\"><b>Uden tryk manuel kontrol:<\/b> Begge modeller har en simpel t\u00e6nd\/sluk-knap.<\/p>\n<\/li>\n<li>\n<p data-path-to-node=\"16,2,0\"><b>Ultralet komfort:<\/b> Den ensfarvede model vejer kun 17 g, hvilket sikrer total komfort.<\/p>\n<\/li>\n<li>\n<p data-path-to-node=\"16,3,0\"><b>Lang batterilevetid:<\/b> P\u00e5lidelig ydeevne, hvor modellen i \u00e9n farve holder i op til 12 timer.<\/p>\n<\/li>\n<li>\n<p data-path-to-node=\"16,4,0\"><b>Brugerdefineret branding:<\/b> Begge modeller har et dedikeret trykomr\u00e5de til et 1-farvet (sort eller hvid) logo.<\/p>\n<\/li>\n<li>\n<p data-path-to-node=\"16,5,0\"><b>Klar til brug:<\/b> Drevet af medf\u00f8lgende knapcellebatterier.<\/p>\n<\/li>\n<li>\n<p data-path-to-node=\"16,6,0\"><b>Ideel til:<\/b> Storbestillinger til kampagner, fester og brand awareness-kampagner.<\/p>\n<\/li>\n<\/ul>\n<p data-path-to-node=\"17\">","protected":false},"excerpt":{"rendered":"<p>Lys dit brand op med vores med eget tryk farvede LED-armb\u00e5nd. Disse ultralette TPU-remme f\u00e5s i uden trykte, livlige farver, der perfekt matcher temaet til din begivenhed.<\/p>","protected":false},"featured_media":5035,"comment_status":"closed","ping_status":"closed","template":"","meta":[],"product_brand":[],"product_cat":[80],"product_tag":[],"class_list":{"0":"post-5034","1":"product","2":"type-product","3":"status-publish","4":"has-post-thumbnail","6":"product_cat-led-wristbands","8":"first","9":"instock","10":"shipping-taxable","11":"purchasable","12":"product-type-simple"},"_links":{"self":[{"href":"https:\/\/displayproducts.eu\/da\/wp-json\/wp\/v2\/product\/5034","targetHints":{"allow":["GET"]}}],"collection":[{"href":"https:\/\/displayproducts.eu\/da\/wp-json\/wp\/v2\/product"}],"about":[{"href":"https:\/\/displayproducts.eu\/da\/wp-json\/wp\/v2\/types\/product"}],"replies":[{"embeddable":true,"href":"https:\/\/displayproducts.eu\/da\/wp-json\/wp\/v2\/comments?post=5034"}],"wp:featuredmedia":[{"embeddable":true,"href":"https:\/\/displayproducts.eu\/da\/wp-json\/wp\/v2\/media\/5035"}],"wp:attachment":[{"href":"https:\/\/displayproducts.eu\/da\/wp-json\/wp\/v2\/media?parent=5034"}],"wp:term":[{"taxonomy":"product_brand","embeddable":true,"href":"https:\/\/displayproducts.eu\/da\/wp-json\/wp\/v2\/product_brand?post=5034"},{"taxonomy":"product_cat","embeddable":true,"href":"https:\/\/displayproducts.eu\/da\/wp-json\/wp\/v2\/product_cat?post=5034"},{"taxonomy":"product_tag","embeddable":true,"href":"https:\/\/displayproducts.eu\/da\/wp-json\/wp\/v2\/product_tag?post=5034"}],"curies":[{"name":"wp","href":"https:\/\/api.w.org\/{rel}","templated":true}]}}