{"id":5012,"date":"2025-10-06T15:39:59","date_gmt":"2025-10-06T12:39:59","guid":{"rendered":"https:\/\/wristbandfactory.eu\/?post_type=product&#038;p=5012"},"modified":"2026-04-01T21:52:35","modified_gmt":"2026-04-01T18:52:35","slug":"remote-controlled-fabric-led-wristbands","status":"publish","type":"product","link":"https:\/\/displayproducts.eu\/da\/p\/remote-controlled-fabric-led-wristbands\/","title":{"rendered":"Fjernstyrede LED-armb\u00e5nd i stof"},"content":{"rendered":"<p data-path-to-node=\"11\">L\u00f8ft dit arrangement op med vores f\u00f8rsteklasses fjernstyrede LED-armb\u00e5nd i stof. Dette er den perfekte l\u00f8sning til B2B-kunder og high-end-arrangementer, der kr\u00e6ver komforten og den f\u00f8rsteklasses f\u00f8lelse af et tekstilarmb\u00e5nd kombineret med den fantastiske visuelle effekt af et synkroniseret lysshow. Alle modeller er kompatible med en central fjernbetjening og DMX-controller (s\u00e6lges separat), hvilket giver en uden trykt operat\u00f8r mulighed for at styre alle armb\u00e5nd i lokalet p\u00e5 \u00e9n gang.<\/p>\n<p data-path-to-node=\"12\">Dette er dit centrale knudepunkt for alle vores tekstilbaserede fjernstyrede modeller. Alle modeller er kompatible med en central <strong><a href=\"https:\/\/displayproducts.eu\/da\/p\/remote-dmx-controllers-for-led-wristbands\/\">Fjernbetjening og DMX-controller<\/a><\/strong> som s\u00e6lges separat i vores <strong><a href=\"https:\/\/displayproducts.eu\/da\/c\/event-supplies\/\">Eventartikler<\/a><\/strong> kategori. Denne controller giver en uden trykt operat\u00f8r mulighed for at \u00e6ndre LED-farverne og blinkende m\u00f8nstrene for hvert armb\u00e5nd i lokalet p\u00e5 samme tid.<\/p>\n<h2>V\u00e6lg din stofmodel<\/h2>\n<p data-path-to-node=\"14\">V\u00e6lg den specifikke stofmodel, der passer til dit arrangements \u00e6stetiske og tekniske behov:<\/p>\n<h2 data-path-to-node=\"11\">&quot;Standard&quot; stofb\u00e5nd (fuldtryk)<\/h2>\n<h2 data-path-to-node=\"11\"><img fetchpriority=\"high\" decoding=\"async\" class=\"alignnone wp-image-5551\" src=\"https:\/\/displayproducts.eu\/wp-content\/uploads\/2025\/10\/standard-fabric.jpg\" alt=\"\" width=\"300\" height=\"300\" srcset=\"https:\/\/displayproducts.eu\/wp-content\/uploads\/2025\/10\/standard-fabric.jpg 1024w, https:\/\/displayproducts.eu\/wp-content\/uploads\/2025\/10\/standard-fabric-768x768.jpg 768w, https:\/\/displayproducts.eu\/wp-content\/uploads\/2025\/10\/standard-fabric-12x12.jpg 12w, https:\/\/displayproducts.eu\/wp-content\/uploads\/2025\/10\/standard-fabric-300x300.jpg 300w, https:\/\/displayproducts.eu\/wp-content\/uploads\/2025\/10\/standard-fabric-600x600.jpg 600w, https:\/\/displayproducts.eu\/wp-content\/uploads\/2025\/10\/standard-fabric-100x100.jpg 100w, https:\/\/displayproducts.eu\/wp-content\/uploads\/2025\/10\/standard-fabric-64x64.jpg 64w\" sizes=\"(max-width: 300px) 100vw, 300px\" \/><\/h2>\n<p data-path-to-node=\"12\">Denne model har et slidst\u00e6rkt, bl\u00f8dt nylonarmb\u00e5nd med et klart, fjernbetjent LED-modul. Selve stofremmen kan tilpasses fuldt ud med et levende sublimeringstryk i fuld farve, hvilket g\u00f8r den ideel til detaljerede logoer eller kompleks branding af begivenheder.<\/p>\n<ul data-path-to-node=\"13\">\n<li>\n<p data-path-to-node=\"13,0,0\"><b data-path-to-node=\"13,0,0\" data-index-in-node=\"0\">Bedst til:<\/b> Firmaarrangementer, sponsorater og familiefestivaler.<\/p>\n<\/li>\n<li>\n<p data-path-to-node=\"13,1,0\"><b data-path-to-node=\"13,1,0\" data-index-in-node=\"0\">Batterilevetid:<\/b> 12 timers driftstid med 2x CR2032 udskiftelige batterier.<\/p>\n<\/li>\n<\/ul>\n<h2 data-path-to-node=\"14\">Det &quot;360\u00b0 lysende&quot; stofb\u00e5nd<\/h2>\n<p><img decoding=\"async\" class=\"alignnone wp-image-5044\" src=\"https:\/\/displayproducts.eu\/wp-content\/uploads\/2025\/10\/360\u00b0-Luminous-Remote-LED-Wristbands_main-e1763322702945.jpg\" alt=\"\" width=\"300\" height=\"131\" srcset=\"https:\/\/displayproducts.eu\/wp-content\/uploads\/2025\/10\/360\u00b0-Luminous-Remote-LED-Wristbands_main-e1763322702945.jpg 1080w, https:\/\/displayproducts.eu\/wp-content\/uploads\/2025\/10\/360\u00b0-Luminous-Remote-LED-Wristbands_main-e1763322702945-768x336.jpg 768w, https:\/\/displayproducts.eu\/wp-content\/uploads\/2025\/10\/360\u00b0-Luminous-Remote-LED-Wristbands_main-e1763322702945-18x8.jpg 18w, https:\/\/displayproducts.eu\/wp-content\/uploads\/2025\/10\/360\u00b0-Luminous-Remote-LED-Wristbands_main-e1763322702945-600x263.jpg 600w, https:\/\/displayproducts.eu\/wp-content\/uploads\/2025\/10\/360\u00b0-Luminous-Remote-LED-Wristbands_main-e1763322702945-64x28.jpg 64w\" sizes=\"(max-width: 300px) 100vw, 300px\" \/><\/p>\n<p data-path-to-node=\"19\">Denne innovative model har integrerede LED&#039;er langs <b>hele l\u00e6ngden af den komfortable nylonrem<\/b>, der giver komplet belysning hele vejen rundt. Dette unikke design sikrer en fantastisk visuel effekt fra alle vinkler.<\/p>\n<ul data-path-to-node=\"20\">\n<li>\n<p data-path-to-node=\"20,0,0\"><b>Bedst til:<\/b> Begivenheder, der kr\u00e6ver det absolut maksimale visuelle skue.<\/p>\n<\/li>\n<li>\n<p data-path-to-node=\"20,1,0\"><b>Batteri:<\/b> 8 timer (2x CR2032)<\/p>\n<\/li>\n<\/ul>\n<h2 data-path-to-node=\"17\">&quot;Hybrid&quot;-stof- og silikoneb\u00e5ndet<\/h2>\n<p><img decoding=\"async\" class=\"alignnone wp-image-5552\" src=\"https:\/\/displayproducts.eu\/wp-content\/uploads\/2025\/10\/hybrid-led.jpg\" alt=\"\" width=\"300\" height=\"300\" srcset=\"https:\/\/displayproducts.eu\/wp-content\/uploads\/2025\/10\/hybrid-led.jpg 2048w, https:\/\/displayproducts.eu\/wp-content\/uploads\/2025\/10\/hybrid-led-768x768.jpg 768w, https:\/\/displayproducts.eu\/wp-content\/uploads\/2025\/10\/hybrid-led-1536x1536.jpg 1536w, https:\/\/displayproducts.eu\/wp-content\/uploads\/2025\/10\/hybrid-led-12x12.jpg 12w, https:\/\/displayproducts.eu\/wp-content\/uploads\/2025\/10\/hybrid-led-300x300.jpg 300w, https:\/\/displayproducts.eu\/wp-content\/uploads\/2025\/10\/hybrid-led-600x600.jpg 600w, https:\/\/displayproducts.eu\/wp-content\/uploads\/2025\/10\/hybrid-led-100x100.jpg 100w, https:\/\/displayproducts.eu\/wp-content\/uploads\/2025\/10\/hybrid-led-64x64.jpg 64w\" sizes=\"(max-width: 300px) 100vw, 300px\" \/><\/p>\n<p data-path-to-node=\"22\">Denne model kombinerer en bl\u00f8d stofrem med et behageligt, glat silikone\/ABS LED-modul, der tilbyder en unik blanding af komfort og holdbarhed til brug i flere dage.<\/p>\n<ul data-path-to-node=\"23\">\n<li>\n<p data-path-to-node=\"23,0,0\"><b>Bedst til:<\/b> Flerdagesfestivaler hvor b\u00e5de komfort og et robust design er n\u00f8dvendigt.<\/p>\n<\/li>\n<li>\n<p data-path-to-node=\"23,1,0\"><b>Batteri:<\/b> 12 timer (2x CR2032)<\/p>\n<\/li>\n<\/ul>\n<h2 data-path-to-node=\"20\">N\u00f8glefunktioner og teknologi<\/h2>\n<ul data-path-to-node=\"21\">\n<li>\n<p data-path-to-node=\"21,0,0\"><b data-path-to-node=\"21,0,0\" data-index-in-node=\"0\">Centraliseret RF\/DMX-styring:<\/b> Alle stofmodeller synkroniseres med en central controller til \u00e6ndringer i farver og m\u00f8nster i realtid.<\/p>\n<\/li>\n<li>\n<p data-path-to-node=\"21,1,0\"><b data-path-to-node=\"21,1,0\" data-index-in-node=\"0\">Justerbar pasform:<\/b> F\u00e5s med forskellige l\u00e5semekanismer (perler eller l\u00f8kker) for at sikre en sikker pasform for alle g\u00e6ster.<\/p>\n<\/li>\n<li>\n<p data-path-to-node=\"21,2,0\"><b data-path-to-node=\"21,2,0\" data-index-in-node=\"0\">Brugerdefineret branding:<\/b> Stort, tydeligt synligt omr\u00e5de p\u00e5 stofremmen til f\u00f8rsteklasses 1-farvet eller fuldfarvet tryk.<\/p>\n<\/li>\n<li>\n<p data-path-to-node=\"21,3,0\"><b data-path-to-node=\"21,3,0\" data-index-in-node=\"0\">Lang r\u00e6kkevidde:<\/b> P\u00e5lidelig signalmodtagelse op til 300-500 meter til store steder.<\/p>\n<\/li>\n<\/ul>\n<h2 data-path-to-node=\"22\">Specifikationer<\/h2>\n<ul data-path-to-node=\"23\">\n<li>\n<p data-path-to-node=\"23,0,0\"><b data-path-to-node=\"23,0,0\" data-index-in-node=\"0\">Remmateriale:<\/b> Bl\u00f8d polyester eller nylon (15x350mm).<\/p>\n<\/li>\n<li>\n<p data-path-to-node=\"23,1,0\"><b data-path-to-node=\"23,1,0\" data-index-in-node=\"0\">V\u00e6gt:<\/b> Cirka 24 g.<\/p>\n<\/li>\n<li>\n<p data-path-to-node=\"23,2,0\"><b data-path-to-node=\"23,2,0\" data-index-in-node=\"0\">Frekvens:<\/b> 433 MHz (RF) \/ DMX512.<\/p>\n<\/li>\n<li>\n<p data-path-to-node=\"23,3,0\"><b data-path-to-node=\"23,3,0\" data-index-in-node=\"0\">Batteri:<\/b> 2x CR2032 (udskiftelige).<\/p>\n<\/li>\n<li>\n<p data-path-to-node=\"23,4,0\"><b data-path-to-node=\"23,4,0\" data-index-in-node=\"0\">Minimumsbestilling:<\/b> 100 enheder.<\/p>\n<\/li>\n<\/ul>\n<h3><strong><a href=\"https:\/\/displayproducts.eu\/da\/p\/remote-dmx-controllers-for-led-wristbands\/\">Fjernbetjening og DMX-controller<\/a><\/strong><\/h3>\n<p><img loading=\"lazy\" decoding=\"async\" class=\"\" src=\"https:\/\/displayproducts.eu\/wp-content\/uploads\/2025\/10\/controller-2-scaled.jpeg\" width=\"365\" height=\"365\" \/><\/p>","protected":false},"excerpt":{"rendered":"<ul>\n<li>\n<p data-path-to-node=\"9,0,0\"><b data-path-to-node=\"9,0,0\" data-index-in-node=\"0\">Premium eventoplevelse:<\/b> Kombinerer den bl\u00f8de fornemmelse af tekstilremme med avanceret synkroniseret lysteknologi.<\/p>\n<\/li>\n<li>\n<p data-path-to-node=\"9,1,0\"><b data-path-to-node=\"9,1,0\" data-index-in-node=\"0\">Sublimering i fuld farve:<\/b> Meget brugerdefinerbare stofstropper til detaljerede logoer og levende brandvisuals.<\/p>\n<\/li>\n<li>\n<p data-path-to-node=\"9,2,0\"><b data-path-to-node=\"9,2,0\" data-index-in-node=\"0\">Kontrol p\u00e5 stadionniveau:<\/b> P\u00e5lidelig RF- og DMX-synkronisering p\u00e5 tv\u00e6rs af tusindvis af enheder samtidigt.<\/p>\n<\/li>\n<li>\n<p data-path-to-node=\"9,3,0\"><b data-path-to-node=\"9,3,0\" data-index-in-node=\"0\">Langvarig komfort:<\/b> Letv\u00e6gtsdesign p\u00e5 24 g, udviklet til festivaler og firmaarrangementer over flere dage.<\/p>\n<\/li>\n<\/ul>","protected":false},"featured_media":5983,"comment_status":"closed","ping_status":"closed","template":"","meta":[],"product_brand":[],"product_cat":[80],"product_tag":[],"class_list":{"0":"post-5012","1":"product","2":"type-product","3":"status-publish","4":"has-post-thumbnail","6":"product_cat-led-wristbands","8":"first","9":"instock","10":"shipping-taxable","11":"purchasable","12":"product-type-simple"},"_links":{"self":[{"href":"https:\/\/displayproducts.eu\/da\/wp-json\/wp\/v2\/product\/5012","targetHints":{"allow":["GET"]}}],"collection":[{"href":"https:\/\/displayproducts.eu\/da\/wp-json\/wp\/v2\/product"}],"about":[{"href":"https:\/\/displayproducts.eu\/da\/wp-json\/wp\/v2\/types\/product"}],"replies":[{"embeddable":true,"href":"https:\/\/displayproducts.eu\/da\/wp-json\/wp\/v2\/comments?post=5012"}],"wp:featuredmedia":[{"embeddable":true,"href":"https:\/\/displayproducts.eu\/da\/wp-json\/wp\/v2\/media\/5983"}],"wp:attachment":[{"href":"https:\/\/displayproducts.eu\/da\/wp-json\/wp\/v2\/media?parent=5012"}],"wp:term":[{"taxonomy":"product_brand","embeddable":true,"href":"https:\/\/displayproducts.eu\/da\/wp-json\/wp\/v2\/product_brand?post=5012"},{"taxonomy":"product_cat","embeddable":true,"href":"https:\/\/displayproducts.eu\/da\/wp-json\/wp\/v2\/product_cat?post=5012"},{"taxonomy":"product_tag","embeddable":true,"href":"https:\/\/displayproducts.eu\/da\/wp-json\/wp\/v2\/product_tag?post=5012"}],"curies":[{"name":"wp","href":"https:\/\/api.w.org\/{rel}","templated":true}]}}