{"id":4988,"date":"2025-10-06T14:34:19","date_gmt":"2025-10-06T11:34:19","guid":{"rendered":"https:\/\/wristbandfactory.eu\/?post_type=product&#038;p=4988"},"modified":"2026-04-01T21:52:35","modified_gmt":"2026-04-01T18:52:35","slug":"rechargeable-waterproof-led-sports-belt-for-runners","status":"publish","type":"product","link":"https:\/\/displayproducts.eu\/da\/p\/rechargeable-waterproof-led-sports-belt-for-runners\/","title":{"rendered":"Genopladeligt og vandt\u00e6t LED-sportsb\u00e6lte til l\u00f8bere"},"content":{"rendered":"<p>Bliv synlig og bevar din sikkerhed med det ultimative LED-sportsb\u00e6lte med h\u00f8j synlighed fra Wristbandfactory. Dette b\u00e6lte er designet til atleter, b\u00f8rn og alle, der er aktive i svagt lys, og det er et vigtigt stykke sikkerhedsudstyr. <span class=\"citation-148 citation-end-148\">Den er fremstillet af en behagelig og vandt\u00e6t blanding af Lycra og TPU, der sikrer, at den forbliver funktionel i al slags vejr.<\/span>.<\/p>\n<p><span class=\"citation-147 citation-end-147\">B\u00e6ltet er let med sine kun 60 g og kan nemt justeres fra minimum 30 cm til maksimum 60 cm, hvilket giver en t\u00e6t og sikker pasform til en bred vifte af brugere.<\/span>. <span class=\"citation-146 citation-end-146\">Dette sportsb\u00e6lte drives af et praktisk genopladeligt lithiumbatteri og tilbyder en m\u00e5lt driftstid p\u00e5 10 timer p\u00e5 en uden trykt opladning.<\/span>. <span class=\"citation-145 citation-end-145\">V\u00e6lg mellem fire forskellige lysfunktioner \u2013 langt klart lys, hurtigt blinkende lys, langsomt blinkende lys eller slukket lys \u2013 for at maksimere din synlighed for bilister og andre.<\/span>. <span class=\"citation-144 citation-end-144\">Vi tilbyder dette produkt i standard OPP-emballage, med med eget tryk emballagel\u00f8sninger tilg\u00e6ngelige for engros B2B-ordrer i hele Europa.<\/span>.<\/p>\n<p><b>N\u00f8glefunktioner:<\/b><\/p>\n<ul>\n<li><span class=\"citation-143 citation-end-143\">LED-lys med h\u00f8j synlighed og 4 tilstande (lang lys, hurtig\/langsom blinken, slukket)<\/span>.<\/li>\n<li><span class=\"citation-142 citation-end-142\">Fuldt genopladeligt lithiumbatteri med 10 timers driftstid<\/span>.<\/li>\n<li><span class=\"citation-141 citation-end-141\">Lavet af behageligt, vandt\u00e6t Lycra- og TPU-materiale<\/span>.<\/li>\n<li><span class=\"citation-140 citation-end-140\">Justerbar st\u00f8rrelse fra 30 cm til 60 cm for at sikre en perfekt pasform<\/span>.<\/li>\n<li><span class=\"citation-139 citation-end-139\">Letv\u00e6gtsdesign p\u00e5 kun 60 g<\/span>.<\/li>\n<\/ul>","protected":false},"excerpt":{"rendered":"<p>\u00d8g din sikkerhed under natteaktiviteter med vores genopladelige LED-sportsb\u00e6lte, der er lavet af vandt\u00e6t Lycra for ultimativ komfort og holdbarhed. Med fire forskellige lystilstande sikrer dette justerbare b\u00e6lte, at du forbliver synlig i trafikken, mens du l\u00f8ber, cykler eller g\u00e5r.<\/p>","protected":false},"featured_media":4989,"comment_status":"closed","ping_status":"closed","template":"","meta":[],"product_brand":[],"product_cat":[68,118,45],"product_tag":[],"class_list":{"0":"post-4988","1":"product","2":"type-product","3":"status-publish","4":"has-post-thumbnail","6":"product_cat-event-supplies","7":"product_cat-sports-fitness","8":"product_cat-other","10":"first","11":"instock","12":"shipping-taxable","13":"purchasable","14":"product-type-simple"},"_links":{"self":[{"href":"https:\/\/displayproducts.eu\/da\/wp-json\/wp\/v2\/product\/4988","targetHints":{"allow":["GET"]}}],"collection":[{"href":"https:\/\/displayproducts.eu\/da\/wp-json\/wp\/v2\/product"}],"about":[{"href":"https:\/\/displayproducts.eu\/da\/wp-json\/wp\/v2\/types\/product"}],"replies":[{"embeddable":true,"href":"https:\/\/displayproducts.eu\/da\/wp-json\/wp\/v2\/comments?post=4988"}],"wp:featuredmedia":[{"embeddable":true,"href":"https:\/\/displayproducts.eu\/da\/wp-json\/wp\/v2\/media\/4989"}],"wp:attachment":[{"href":"https:\/\/displayproducts.eu\/da\/wp-json\/wp\/v2\/media?parent=4988"}],"wp:term":[{"taxonomy":"product_brand","embeddable":true,"href":"https:\/\/displayproducts.eu\/da\/wp-json\/wp\/v2\/product_brand?post=4988"},{"taxonomy":"product_cat","embeddable":true,"href":"https:\/\/displayproducts.eu\/da\/wp-json\/wp\/v2\/product_cat?post=4988"},{"taxonomy":"product_tag","embeddable":true,"href":"https:\/\/displayproducts.eu\/da\/wp-json\/wp\/v2\/product_tag?post=4988"}],"curies":[{"name":"wp","href":"https:\/\/api.w.org\/{rel}","templated":true}]}}