{"id":4979,"date":"2025-10-06T14:21:01","date_gmt":"2025-10-06T11:21:01","guid":{"rendered":"https:\/\/wristbandfactory.eu\/?post_type=product&#038;p=4979"},"modified":"2026-04-01T21:52:35","modified_gmt":"2026-04-01T18:52:35","slug":"sound-activated-led-wristbands","status":"publish","type":"product","link":"https:\/\/displayproducts.eu\/da\/p\/sound-activated-led-wristbands\/","title":{"rendered":"\"Lydaktiverede\" LED armb\u00e5nd med logo"},"content":{"rendered":"<p data-path-to-node=\"8\">Giv liv til rytmen med vores &quot;lydaktiverede&quot; LED-armb\u00e5nd. Designet til energiske milj\u00f8er som natklubber, musikfestivaler og livekoncerter, forvandler disse armb\u00e5nd hver g\u00e6st til en del af den visuelle performance. I mods\u00e6tning til DMX-systemer kr\u00e6ver disse autonome b\u00e5nd ingen teknisk ops\u00e6tning \u2013 de reagerer blot p\u00e5 musikniveauet omkring dem og skaber et pulserende lyshav, der matcher rytmen i dit arrangement.<\/p>\n<h2 data-path-to-node=\"9\">N\u00f8glefunktioner<\/h2>\n<ul data-path-to-node=\"10\">\n<li>\n<p data-path-to-node=\"10,0,0\"><b data-path-to-node=\"10,0,0\" data-index-in-node=\"0\">Intelligente akustiske sensorer:<\/b> Kalibreret til at registrere rytmiske m\u00f8nstre, hvilket sikrer, at lyset blinker pr\u00e6cis synkront med bas og diskant.<\/p>\n<\/li>\n<li>\n<p data-path-to-node=\"10,1,0\"><b data-path-to-node=\"10,1,0\" data-index-in-node=\"0\">Plug-and-Play-uden trykhed:<\/b> Ingen eksterne controllere eller programmering kr\u00e6ves; b\u00e5ndene er klar til brug direkte fra g\u00e5 til betalingn.<\/p>\n<\/li>\n<li>\n<p data-path-to-node=\"10,2,0\"><b data-path-to-node=\"10,2,0\" data-index-in-node=\"0\">Levende farvemuligheder:<\/b> V\u00e6lg mellem et bredt udvalg af LED-farver, der matcher din brandidentitet eller dit eventtema.<\/p>\n<\/li>\n<li>\n<p data-path-to-node=\"10,3,0\"><b data-path-to-node=\"10,3,0\" data-index-in-node=\"0\">Holdbar pudetryk:<\/b> Vi bruger professionelle bl\u00e6ktyper for at sikre, at dit med eget tryk logo forbliver skarpt og synligt under hele arrangementet.<\/p>\n<\/li>\n<\/ul>\n<h2 data-path-to-node=\"11\">Specifikationer<\/h2>\n<ul data-path-to-node=\"12\">\n<li>\n<p data-path-to-node=\"12,0,0\"><b data-path-to-node=\"12,0,0\" data-index-in-node=\"0\">Kontrolmekanisme:<\/b> H\u00f8jf\u00f8lsom intern akustisk sensor.<\/p>\n<\/li>\n<li>\n<p data-path-to-node=\"12,1,0\"><b data-path-to-node=\"12,1,0\" data-index-in-node=\"0\">Materialer:<\/b> ABS-hus med bl\u00f8d silikone- eller PVC-rem.<\/p>\n<\/li>\n<li>\n<p data-path-to-node=\"12,2,0\"><b data-path-to-node=\"12,2,0\" data-index-in-node=\"0\">V\u00e6gt:<\/b> 22 g.<\/p>\n<\/li>\n<li>\n<p data-path-to-node=\"12,3,0\"><b data-path-to-node=\"12,3,0\" data-index-in-node=\"0\">Batterilevetid:<\/b> 8-12 timers aktiv blinkning.<\/p>\n<\/li>\n<li>\n<p data-path-to-node=\"12,4,0\"><b data-path-to-node=\"12,4,0\" data-index-in-node=\"0\">Batteritype:<\/b> 2x CR2032 (medf\u00f8lger og kan udskiftes).<\/p>\n<\/li>\n<li>\n<p data-path-to-node=\"12,5,0\"><b data-path-to-node=\"12,5,0\" data-index-in-node=\"0\">Tilpasning:<\/b> Pr\u00e6cisionslogotryk p\u00e5 LED-modulet.<\/p>\n<\/li>\n<\/ul>\n<h2 data-path-to-node=\"13\">Brugsscenarier<\/h2>\n<ul data-path-to-node=\"14\">\n<li>\n<p data-path-to-node=\"14,0,0\"><b data-path-to-node=\"14,0,0\" data-index-in-node=\"0\">Natklubber og VIP-fester:<\/b> Forbedre stemningen p\u00e5 dansegulvet og \u00f8ge g\u00e6sternes engagement.<\/p>\n<\/li>\n<li>\n<p data-path-to-node=\"14,1,0\"><b data-path-to-node=\"14,1,0\" data-index-in-node=\"0\">Musikfestivaler:<\/b> En omkostningseffektiv m\u00e5de at skabe et massivt, reaktivt lysshow for publikum.<\/p>\n<\/li>\n<li>\n<p data-path-to-node=\"14,2,0\"><b data-path-to-node=\"14,2,0\" data-index-in-node=\"0\">Koncerter og rundvisninger:<\/b> Styrkelse af forbindelsen mellem performer og publikum gennem lys.<\/p>\n<\/li>\n<li>\n<p data-path-to-node=\"14,3,0\"><b data-path-to-node=\"14,3,0\" data-index-in-node=\"0\">Firmamiddage:<\/b> Tilf\u00f8jelse af et h\u00f8jteknologisk, interaktivt element til prisuddelinger og pr\u00e6sentationer.<\/p>\n<\/li>\n<\/ul>\n<p data-path-to-node=\"15\">","protected":false},"excerpt":{"rendered":"<ul>\n<li>\n<p data-path-to-node=\"7,0,0\"><b data-path-to-node=\"7,0,0\" data-index-in-node=\"0\">Musiksynkroniseringsteknologi:<\/b> Integrerede akustiske sensorer g\u00f8r det muligt for LED&#039;erne at blinke i perfekt harmoni med den omgivende rytme eller publikumsst\u00f8j.<\/p>\n<\/li>\n<li>\n<p data-path-to-node=\"7,1,0\"><b data-path-to-node=\"7,1,0\" data-index-in-node=\"0\">Autonom drift:<\/b> Ingen controllere eller fjernbetjeninger n\u00f8dvendige \u2013 et uafh\u00e6ngigt lysshow, der reagerer \u00f8jeblikkeligt p\u00e5 omgivelserne.<\/p>\n<\/li>\n<li>\n<p data-path-to-node=\"7,2,0\"><b data-path-to-node=\"7,2,0\" data-index-in-node=\"0\">Let og holdbar:<\/b> Komfortabelt 22g design med et slagfast ABS-kabinet, perfekt til festivaler og koncerter, der kan k\u00f8re hele natten.<\/p>\n<\/li>\n<li>\n<p data-path-to-node=\"7,3,0\"><b data-path-to-node=\"7,3,0\" data-index-in-node=\"0\">Branding med h\u00f8j effekt:<\/b> Dedikeret printomr\u00e5de til applikation af livlige firmalogoer i \u00e9n eller flere farver.<\/p>\n<\/li>\n<\/ul>","protected":false},"featured_media":6003,"comment_status":"closed","ping_status":"closed","template":"","meta":[],"product_brand":[],"product_cat":[80],"product_tag":[],"class_list":{"0":"post-4979","1":"product","2":"type-product","3":"status-publish","4":"has-post-thumbnail","6":"product_cat-led-wristbands","8":"first","9":"instock","10":"shipping-taxable","11":"purchasable","12":"product-type-simple"},"_links":{"self":[{"href":"https:\/\/displayproducts.eu\/da\/wp-json\/wp\/v2\/product\/4979","targetHints":{"allow":["GET"]}}],"collection":[{"href":"https:\/\/displayproducts.eu\/da\/wp-json\/wp\/v2\/product"}],"about":[{"href":"https:\/\/displayproducts.eu\/da\/wp-json\/wp\/v2\/types\/product"}],"replies":[{"embeddable":true,"href":"https:\/\/displayproducts.eu\/da\/wp-json\/wp\/v2\/comments?post=4979"}],"wp:featuredmedia":[{"embeddable":true,"href":"https:\/\/displayproducts.eu\/da\/wp-json\/wp\/v2\/media\/6003"}],"wp:attachment":[{"href":"https:\/\/displayproducts.eu\/da\/wp-json\/wp\/v2\/media?parent=4979"}],"wp:term":[{"taxonomy":"product_brand","embeddable":true,"href":"https:\/\/displayproducts.eu\/da\/wp-json\/wp\/v2\/product_brand?post=4979"},{"taxonomy":"product_cat","embeddable":true,"href":"https:\/\/displayproducts.eu\/da\/wp-json\/wp\/v2\/product_cat?post=4979"},{"taxonomy":"product_tag","embeddable":true,"href":"https:\/\/displayproducts.eu\/da\/wp-json\/wp\/v2\/product_tag?post=4979"}],"curies":[{"name":"wp","href":"https:\/\/api.w.org\/{rel}","templated":true}]}}