{"id":4966,"date":"2025-10-06T14:11:43","date_gmt":"2025-10-06T11:11:43","guid":{"rendered":"https:\/\/wristbandfactory.eu\/?post_type=product&#038;p=4966"},"modified":"2026-04-01T21:52:35","modified_gmt":"2026-04-01T18:52:35","slug":"custom-rfid-fabric-wristbands","status":"publish","type":"product","link":"https:\/\/displayproducts.eu\/da\/p\/custom-rfid-fabric-wristbands\/","title":{"rendered":"Stofarmb\u00e5nd med RFID"},"content":{"rendered":"<p data-path-to-node=\"10\">Str\u00f8mlin dine eventaktiviteter med vores <b data-path-to-node=\"10\" data-index-in-node=\"67\">Stofarmb\u00e5nd med RFID<\/b>, branchestandarden for kontantl\u00f8se festivaler og h\u00f8jsikkerhedssteder. Det klassiske design kombinerer en bl\u00f8d, v\u00e6vet eller satin polyesterrem med en robust <b data-path-to-node=\"10\" data-index-in-node=\"250\">PVC Smart Slider<\/b> der beskytter RFID-chippen mod vand og st\u00f8d.<\/p>\n<p data-path-to-node=\"11\"><b data-path-to-node=\"11\" data-index-in-node=\"0\">Brug for en Premium-opgradering?<\/b> Selvom PVC-skyderen er vores mest popul\u00e6re og omkostningseffektive l\u00f8sning, tilbyder vi ogs\u00e5 <b data-path-to-node=\"11\" data-index-in-node=\"106\">Indlejret RFID-teknologi<\/b>. I denne premium-version er chippen hermetisk forseglet direkte inde i tekstillagene, hvilket skaber et helt glat og glidefrit armb\u00e5nd, der f\u00f8les som et uden trykt stofb\u00e5nd. <i data-path-to-node=\"11\" data-index-in-node=\"316\">Kontakt vores team for at anmode om Embedded \/ Chip-in-Band-modellen.<\/i><\/p>\n<p data-path-to-node=\"12\">Begge versioner tilbyder <b data-path-to-node=\"12\" data-index-in-node=\"20\">to forskellige brandingoverflader<\/b>Sublimeringstryk i h\u00f8j opl\u00f8sning p\u00e5 selve armb\u00e5ndet og (p\u00e5 slidermodellen) brugerdefineret tryk eller lasergravering p\u00e5 PVC-m\u00e6rket.<\/p>\n<h2 data-path-to-node=\"13\">N\u00f8glefunktioner<\/h2>\n<ul data-path-to-node=\"14\">\n<li>\n<p data-path-to-node=\"14,0,0\"><b data-path-to-node=\"14,0,0\" data-index-in-node=\"0\">Alsidige muligheder:<\/b> V\u00e6lg mellem standarden <b data-path-to-node=\"14,0,0\" data-index-in-node=\"47\">H\u00e5rd PVC-skyder<\/b> (for maksimal holdbarhed) eller <b data-path-to-node=\"14,0,0\" data-index-in-node=\"95\">Indlejret smart stof<\/b> (for maksimal komfort).<\/p>\n<\/li>\n<li>\n<p data-path-to-node=\"14,1,0\"><b data-path-to-node=\"14,1,0\" data-index-in-node=\"0\">P\u00e5lidelig scanning:<\/b> H\u00f8jkvalitetsantenner sikrer hurtig afl\u00e6sning ved porte og bomme, uanset model.<\/p>\n<\/li>\n<li>\n<p data-path-to-node=\"14,2,0\"><b data-path-to-node=\"14,2,0\" data-index-in-node=\"0\">Chipfleksibilitet:<\/b> Kompatibel med Mifare 1K, NTAG213, I-CODE SLIX og UHF-chips, s\u00e5 de passer til dit system.<\/p>\n<\/li>\n<li>\n<p data-path-to-node=\"14,3,0\"><b data-path-to-node=\"14,3,0\" data-index-in-node=\"0\">Sikringssikre l\u00e5se:<\/b> Sikre envejsskydel\u00e5se sikrer, at armb\u00e5ndet ikke kan overf\u00f8res mellem g\u00e6ster.<\/p>\n<\/li>\n<\/ul>\n<h2 data-path-to-node=\"15\">Specifikationer<\/h2>\n<ul data-path-to-node=\"16\">\n<li>\n<p data-path-to-node=\"16,0,0\"><b data-path-to-node=\"16,0,0\" data-index-in-node=\"0\">B\u00e5ndmateriale:<\/b> Polyester (sublimering eller v\u00e6vet)<\/p>\n<\/li>\n<li>\n<p data-path-to-node=\"16,1,0\"><b data-path-to-node=\"16,1,0\" data-index-in-node=\"0\">Standardmodel:<\/b> PVC-skydem\u00e6rke (35x25mm)<\/p>\n<\/li>\n<li>\n<p data-path-to-node=\"16,2,0\"><b data-path-to-node=\"16,2,0\" data-index-in-node=\"0\">Premium-model:<\/b> Indlejret chip (usynlig)<\/p>\n<\/li>\n<li>\n<p data-path-to-node=\"16,3,0\"><b data-path-to-node=\"16,3,0\" data-index-in-node=\"0\">Chipfrekvens:<\/b> 13,56 MHz (HF) \/ 860-960 MHz (UHF)<\/p>\n<\/li>\n<li>\n<p data-path-to-node=\"16,4,0\"><b data-path-to-node=\"16,4,0\" data-index-in-node=\"0\">Trykning:<\/b> Fuldfarvet CMYK<\/p>\n<\/li>\n<li>\n<p data-path-to-node=\"16,5,0\"><b data-path-to-node=\"16,5,0\" data-index-in-node=\"0\">Vandt\u00e6t:<\/b> Ja (IP68)<\/p>\n<\/li>\n<\/ul>\n<h2 data-path-to-node=\"17\">Brugsscenarier<\/h2>\n<ul data-path-to-node=\"18\">\n<li>\n<p data-path-to-node=\"18,0,0\"><b data-path-to-node=\"18,0,0\" data-index-in-node=\"0\">Musikfestivaler:<\/b> Hurtig adgang og kontantl\u00f8se betalinger reducerer k\u00f8er og \u00f8ger indt\u00e6gterne fra baren.<\/p>\n<\/li>\n<li>\n<p data-path-to-node=\"18,1,0\"><b data-path-to-node=\"18,1,0\" data-index-in-node=\"0\">VIP-adgang:<\/b> Brug <b data-path-to-node=\"18,1,0\" data-index-in-node=\"20\">Indlejret<\/b> version til VIP-g\u00e6ster, der forventer et h\u00f8jere niveau af komfort og eksklusivitet.<\/p>\n<\/li>\n<li>\n<p data-path-to-node=\"18,2,0\"><b data-path-to-node=\"18,2,0\" data-index-in-node=\"0\">Vandlande:<\/b> Holdbar konstruktion, der modst\u00e5r klor og fuldst\u00e6ndig neds\u00e6nkning.<\/p>\n<\/li>\n<li>\n<p data-path-to-node=\"18,3,0\"><b data-path-to-node=\"18,3,0\" data-index-in-node=\"0\">Brandaktiveringer:<\/b> \u201c&quot;Tryk&quot; for at oprette forbindelse til sociale medier eller l\u00e5se op for digitalt indhold.<\/p>\n<\/li>\n<\/ul>","protected":false},"excerpt":{"rendered":"<ul>\n<li>\n<p data-path-to-node=\"9,0,0\"><b data-path-to-node=\"9,0,0\" data-index-in-node=\"0\">Smart Slider-teknologi:<\/b> Standardmodellen har en holdbar PVC-tag, der indeholder RFID-chippen, for p\u00e5lidelig scanning.<\/p>\n<\/li>\n<li>\n<p data-path-to-node=\"9,1,0\"><b data-path-to-node=\"9,1,0\" data-index-in-node=\"0\">Premium-mulighed tilg\u00e6ngelig:<\/b> Leder du efter et mere elegant look? Sp\u00f8rg om vores <b data-path-to-node=\"9,1,0\" data-index-in-node=\"68\">\u201c&quot;Chip-in-Band&quot;\u201d<\/b> l\u00f8sning hvor splinten er skjult inde i stoffet.<\/p>\n<\/li>\n<li>\n<p data-path-to-node=\"9,2,0\"><b data-path-to-node=\"9,2,0\" data-index-in-node=\"0\">Klar til kontantl\u00f8s betaling:<\/b> Integrerede chips (Mifare, NTAG) muligg\u00f8r hurtige &quot;Tap &amp; Go&quot;-betalinger og adgangskontrol.<\/p>\n<\/li>\n<li>\n<p data-path-to-node=\"9,3,0\"><b data-path-to-node=\"9,3,0\" data-index-in-node=\"0\">H\u00f8j sikkerhed:<\/b> Sikre l\u00e5set\u00e6nder forhindrer overf\u00f8rsel og billetsvindel.<\/p>\n<\/li>\n<\/ul>","protected":false},"featured_media":5933,"comment_status":"closed","ping_status":"closed","template":"","meta":[],"product_brand":[],"product_cat":[47,81,88],"product_tag":[],"class_list":{"0":"post-4966","1":"product","2":"type-product","3":"status-publish","4":"has-post-thumbnail","6":"product_cat-fabric-wristbands","7":"product_cat-rfid","8":"product_cat-smart-wristbands","10":"first","11":"instock","12":"shipping-taxable","13":"purchasable","14":"product-type-simple"},"_links":{"self":[{"href":"https:\/\/displayproducts.eu\/da\/wp-json\/wp\/v2\/product\/4966","targetHints":{"allow":["GET"]}}],"collection":[{"href":"https:\/\/displayproducts.eu\/da\/wp-json\/wp\/v2\/product"}],"about":[{"href":"https:\/\/displayproducts.eu\/da\/wp-json\/wp\/v2\/types\/product"}],"replies":[{"embeddable":true,"href":"https:\/\/displayproducts.eu\/da\/wp-json\/wp\/v2\/comments?post=4966"}],"wp:featuredmedia":[{"embeddable":true,"href":"https:\/\/displayproducts.eu\/da\/wp-json\/wp\/v2\/media\/5933"}],"wp:attachment":[{"href":"https:\/\/displayproducts.eu\/da\/wp-json\/wp\/v2\/media?parent=4966"}],"wp:term":[{"taxonomy":"product_brand","embeddable":true,"href":"https:\/\/displayproducts.eu\/da\/wp-json\/wp\/v2\/product_brand?post=4966"},{"taxonomy":"product_cat","embeddable":true,"href":"https:\/\/displayproducts.eu\/da\/wp-json\/wp\/v2\/product_cat?post=4966"},{"taxonomy":"product_tag","embeddable":true,"href":"https:\/\/displayproducts.eu\/da\/wp-json\/wp\/v2\/product_tag?post=4966"}],"curies":[{"name":"wp","href":"https:\/\/api.w.org\/{rel}","templated":true}]}}