{"id":4277,"date":"2025-06-05T15:54:38","date_gmt":"2025-06-05T12:54:38","guid":{"rendered":"https:\/\/wristbandfactory.eu\/?post_type=product&#038;p=4277"},"modified":"2026-04-01T21:52:35","modified_gmt":"2026-04-01T18:52:35","slug":"extra-large-reusable-event-cups-900ml","status":"publish","type":"product","link":"https:\/\/displayproducts.eu\/da\/p\/extra-large-reusable-event-cups-900ml\/","title":{"rendered":"Ekstra store genanvendelige eventkopper (900 ml)"},"content":{"rendered":"<p data-path-to-node=\"8\">N\u00e5r en standardkop ikke er nok, er vores 900 ml ekstra store genanvendelige eventkop den ideelle l\u00f8sning. Denne kop er specielt designet til steder, hvor store drikkevolumener og reduceret genfyldningsfrekvens er afg\u00f8rende, og den er perfekt til sportsarenaer, travle udend\u00f8rsfestivaler og sundhedskampagner.<\/p>\n<p data-path-to-node=\"9\">Ved at tilbyde en betydeligt st\u00f8rre kapacitet end standard 500 ml kopper forbedrer 900 ml Malsuk-modellen serviceeffektiviteten og \u00f8ger brugervenlighed.<\/p>\n<p data-path-to-node=\"10\">Denne kop er lavet af fleksibel og holdbar PP (polypropylen) plastik og er designet til langvarig og p\u00e5lidelig brug. Den er certificeret BPA-fri og har en ren, semitransparent finish.<\/p>\n<p data-path-to-node=\"11\">Denne ekstra store kapacitet giver ogs\u00e5 en ekstra stor brandingmulighed. Koppen har et massivt trykomr\u00e5de p\u00e5 270 x 70 mm, der g\u00f8r det muligt at vise dit logo eller kampagnebudskab tydeligt ved hj\u00e6lp af 1-farvet serigrafi.<\/p>\n<p data-path-to-node=\"12\"><b>N\u00f8glefunktioner:<\/b><\/p>\n<ul data-path-to-node=\"13\">\n<li>\n<p data-path-to-node=\"13,0,0\"><b>Ekstra stor 900 ml kapacitet:<\/b> Ideel til servering af st\u00f8rre drikkevarer og minimering af genopfyldninger ved arrangementer med h\u00f8j trafik.<\/p>\n<\/li>\n<li>\n<p data-path-to-node=\"13,1,0\"><b>Holdbart og fleksibelt materiale:<\/b> Lavet af slidst\u00e6rk, genanvendelig PP-plast.<\/p>\n<\/li>\n<li>\n<p data-path-to-node=\"13,2,0\"><b>Sundhedssikker:<\/b> Certificeret 100% BPA-fri.<\/p>\n<\/li>\n<li>\n<p data-path-to-node=\"13,3,0\"><b>Halvtransparent finish:<\/b> Giver et rent og moderne udseende, samtidig med at indholdet er synligt.<\/p>\n<\/li>\n<li>\n<p data-path-to-node=\"13,4,0\"><b>Massivt printomr\u00e5de:<\/b> Giver et omr\u00e5de p\u00e5 270 x 70 mm til effektfuld 1-farvet serigrafi.<\/p>\n<\/li>\n<\/ul>","protected":false},"excerpt":{"rendered":"<ul data-path-to-node=\"7\">\n<li>\n<p data-path-to-node=\"7,0,0\">Ekstra stor kapacitet p\u00e5 900 ml reducerer hyppigheden af genopfyldning p\u00e5 store steder.<\/p>\n<\/li>\n<li>\n<p data-path-to-node=\"7,1,0\">Lavet af fleksibel, holdbar og BPA-fri PP-plast.<\/p>\n<\/li>\n<li>\n<p data-path-to-node=\"7,2,0\">Har en ren, semi-transparent finish.<\/p>\n<\/li>\n<li>\n<p data-path-to-node=\"7,3,0\">K\u00e6mpe trykomr\u00e5de p\u00e5 270 x 70 mm til 1-farvet serigrafi.<\/p>\n<\/li>\n<\/ul>","protected":false},"featured_media":6493,"comment_status":"closed","ping_status":"closed","template":"","meta":[],"product_brand":[],"product_cat":[111],"product_tag":[],"class_list":{"0":"post-4277","1":"product","2":"type-product","3":"status-publish","4":"has-post-thumbnail","6":"product_cat-reusable-event-cups","8":"first","9":"instock","10":"shipping-taxable","11":"purchasable","12":"product-type-simple"},"_links":{"self":[{"href":"https:\/\/displayproducts.eu\/da\/wp-json\/wp\/v2\/product\/4277","targetHints":{"allow":["GET"]}}],"collection":[{"href":"https:\/\/displayproducts.eu\/da\/wp-json\/wp\/v2\/product"}],"about":[{"href":"https:\/\/displayproducts.eu\/da\/wp-json\/wp\/v2\/types\/product"}],"replies":[{"embeddable":true,"href":"https:\/\/displayproducts.eu\/da\/wp-json\/wp\/v2\/comments?post=4277"}],"wp:featuredmedia":[{"embeddable":true,"href":"https:\/\/displayproducts.eu\/da\/wp-json\/wp\/v2\/media\/6493"}],"wp:attachment":[{"href":"https:\/\/displayproducts.eu\/da\/wp-json\/wp\/v2\/media?parent=4277"}],"wp:term":[{"taxonomy":"product_brand","embeddable":true,"href":"https:\/\/displayproducts.eu\/da\/wp-json\/wp\/v2\/product_brand?post=4277"},{"taxonomy":"product_cat","embeddable":true,"href":"https:\/\/displayproducts.eu\/da\/wp-json\/wp\/v2\/product_cat?post=4277"},{"taxonomy":"product_tag","embeddable":true,"href":"https:\/\/displayproducts.eu\/da\/wp-json\/wp\/v2\/product_tag?post=4277"}],"curies":[{"name":"wp","href":"https:\/\/api.w.org\/{rel}","templated":true}]}}