{"id":4271,"date":"2025-06-05T15:43:08","date_gmt":"2025-06-05T12:43:08","guid":{"rendered":"https:\/\/wristbandfactory.eu\/?post_type=product&#038;p=4271"},"modified":"2026-04-01T21:52:35","modified_gmt":"2026-04-01T18:52:35","slug":"reusable-event-cups-600ml","status":"publish","type":"product","link":"https:\/\/displayproducts.eu\/da\/p\/reusable-event-cups-600ml\/","title":{"rendered":"Genanvendelige eventkopper (600 ml)"},"content":{"rendered":"<p data-path-to-node=\"8\">G\u00e5 ud over standardst\u00f8rrelsen p\u00e5 500 ml med vores 600 ml genanvendelige eventkop. Denne kop er specielt designet til milj\u00f8er med h\u00f8j trafik som festivaler, sportsarenaer og store koncerter, hvor reduktion af genopfyldningshyppigheden er n\u00f8glen til at forbedre servicehastigheden og bes\u00f8gstilfredsheden.<\/p>\n<p data-path-to-node=\"9\">Denne kop er lavet af fleksibel, men holdbar PP (polypropylen) plastik og har en ren, semitransparent finish, der passer godt til enhver branding. Dens st\u00f8rre volumen giver ekstra bekvemmelighed for deltagere ved travle udend\u00f8rsarrangementer.<\/p>\n<p data-path-to-node=\"10\">Denne kop er ikke kun praktisk, men ogs\u00e5 et fremragende brandingv\u00e6rkt\u00f8j. Den tilbyder et gener\u00f8st 220 x 70 mm omsluttende trykomr\u00e5de til dit firmalogo eller kampagnebudskab, som kan p\u00e5f\u00f8res med slidst\u00e6rkt, ensfarvet serigrafi. Materialet er certificeret BPA-frit, hvilket sikrer en sikker og h\u00f8jkvalitetsl\u00f8sning til dit arrangement.<\/p>\n<p data-path-to-node=\"11\"><b>N\u00f8glefunktioner:<\/b><\/p>\n<ul data-path-to-node=\"12\">\n<li>\n<p data-path-to-node=\"12,0,0\"><b>Over standard 600 ml kapacitet:<\/b> Giver mere volumen for at reducere hyppigheden af genopfyldning p\u00e5 travle steder.<\/p>\n<\/li>\n<li>\n<p data-path-to-node=\"12,1,0\"><b>Holdbart og fleksibelt materiale:<\/b> Lavet af genanvendelig, BPA-fri PP-plast.<\/p>\n<\/li>\n<li>\n<p data-path-to-node=\"12,2,0\"><b>Halvtransparent finish:<\/b> Giver et rent og moderne l\u00e6rred til din branding.<\/p>\n<\/li>\n<li>\n<p data-path-to-node=\"12,3,0\"><b>Stort trykomr\u00e5de:<\/b> Har et omr\u00e5de p\u00e5 220 x 70 mm til 1-farvet serigrafi.<\/p>\n<\/li>\n<li>\n<p data-path-to-node=\"12,4,0\"><b>Milj\u00f8venlig l\u00f8sning:<\/b> Et genanvendeligt alternativ til engangsplastik, ideelt til storskaladistribution.<\/p>\n<\/li>\n<\/ul>\n<p data-path-to-node=\"13\">","protected":false},"excerpt":{"rendered":"<ul>\n<li>\n<p data-path-to-node=\"7,0,0\">Har en kapacitet p\u00e5 600 ml, der er h\u00f8jere end standarden, for at reducere hyppigheden af p\u00e5fyldning.<\/p>\n<\/li>\n<li>\n<p data-path-to-node=\"7,1,0\">Lavet af fleksibel, holdbar og BPA-fri PP-plast.<\/p>\n<\/li>\n<li>\n<p data-path-to-node=\"7,2,0\">Moderne, semi-transparent finish giver et rent udseende.<\/p>\n<\/li>\n<li>\n<p data-path-to-node=\"7,3,0\">Stort printomr\u00e5de p\u00e5 220 x 70 mm til 1-farvet serigrafi.<\/p>\n<\/li>\n<\/ul>","protected":false},"featured_media":6621,"comment_status":"closed","ping_status":"closed","template":"","meta":[],"product_brand":[],"product_cat":[111],"product_tag":[],"class_list":{"0":"post-4271","1":"product","2":"type-product","3":"status-publish","4":"has-post-thumbnail","6":"product_cat-reusable-event-cups","8":"first","9":"instock","10":"shipping-taxable","11":"purchasable","12":"product-type-simple"},"_links":{"self":[{"href":"https:\/\/displayproducts.eu\/da\/wp-json\/wp\/v2\/product\/4271","targetHints":{"allow":["GET"]}}],"collection":[{"href":"https:\/\/displayproducts.eu\/da\/wp-json\/wp\/v2\/product"}],"about":[{"href":"https:\/\/displayproducts.eu\/da\/wp-json\/wp\/v2\/types\/product"}],"replies":[{"embeddable":true,"href":"https:\/\/displayproducts.eu\/da\/wp-json\/wp\/v2\/comments?post=4271"}],"wp:featuredmedia":[{"embeddable":true,"href":"https:\/\/displayproducts.eu\/da\/wp-json\/wp\/v2\/media\/6621"}],"wp:attachment":[{"href":"https:\/\/displayproducts.eu\/da\/wp-json\/wp\/v2\/media?parent=4271"}],"wp:term":[{"taxonomy":"product_brand","embeddable":true,"href":"https:\/\/displayproducts.eu\/da\/wp-json\/wp\/v2\/product_brand?post=4271"},{"taxonomy":"product_cat","embeddable":true,"href":"https:\/\/displayproducts.eu\/da\/wp-json\/wp\/v2\/product_cat?post=4271"},{"taxonomy":"product_tag","embeddable":true,"href":"https:\/\/displayproducts.eu\/da\/wp-json\/wp\/v2\/product_tag?post=4271"}],"curies":[{"name":"wp","href":"https:\/\/api.w.org\/{rel}","templated":true}]}}