{"id":4265,"date":"2025-06-05T15:20:53","date_gmt":"2025-06-05T12:20:53","guid":{"rendered":"https:\/\/wristbandfactory.eu\/?post_type=product&#038;p=4265"},"modified":"2026-04-01T21:52:04","modified_gmt":"2026-04-01T18:52:04","slug":"colored-reusable-event-cups-500ml","status":"publish","type":"product","link":"https:\/\/displayproducts.eu\/da\/p\/colored-reusable-event-cups-500ml\/","title":{"rendered":"Farvede genanvendelige eventkopper (500 ml)"},"content":{"rendered":"<p data-path-to-node=\"7\">G\u00f8r dit brand umuligt at overse p\u00e5 travle festivaler, konferencer og events med vores farvede genanvendelige eventkrus. En farverig kop giver \u00f8jeblikkelig brandgenkendelse og fungerer som et uden trykt og effektivt v\u00e6rkt\u00f8j til driftseffektivitet.<\/p>\n<p data-path-to-node=\"8\">Disse kopper f\u00e5s i seks i\u00f8jnefaldende, semitransparente farver (inklusive r\u00f8d, bl\u00e5 og gr\u00f8n) og er perfekte til at matche din brandidentitet eller til praktisk farvekodning ved dit arrangement. Brug forskellige farver til at skelne mellem adgangszoner, drikkevaretyper (f.eks. alkoholholdige vs. alkoholfrie) eller til at fremh\u00e6ve forskellige eventsponsorer.<\/p>\n<p data-path-to-node=\"9\">Disse 500 ml kopper er lavet af holdbart, fleksibelt og let PP-plast og er designet til gentagen brug. De er et omkostningseffektivt og b\u00e6redygtigt alternativ til engangsplast. Hver kop er certificeret BPA-fri, hvilket sikrer sikkerheden for alle deltagere.<\/p>\n<p data-path-to-node=\"10\">Tilpas dine kopper med et stort, ensfarvet serigrafitryk (170 x 60 mm) for at fremh\u00e6ve dit logo, kampagnebudskab eller sponsorbranding. Denne kombination af klare farver og brugerdefineret tryk skaber en mindev\u00e6rdig og synlig reklameartikel.<\/p>\n<p data-path-to-node=\"11\"><b>N\u00f8glefunktioner:<\/b><\/p>\n<ul data-path-to-node=\"12\">\n<li>\n<p data-path-to-node=\"12,0,0\"><b>Branding med h\u00f8j synlighed:<\/b> F\u00e5s i 6 livlige, semitransparente farver, der matcher brandidentiteten.<\/p>\n<\/li>\n<li>\n<p data-path-to-node=\"12,1,0\"><b>Holdbar og genanvendelig:<\/b> Lavet af fleksibel, let og brudsikker PP-plast.<\/p>\n<\/li>\n<li>\n<p data-path-to-node=\"12,2,0\"><b>Sundhedssikkert materiale:<\/b> 100% BPA-fri og egnet til alle deltagere i arrangementer.<\/p>\n<\/li>\n<li>\n<p data-path-to-node=\"12,3,0\"><b>Praktisk eventv\u00e6rkt\u00f8j:<\/b> Ideel til farvekodningszoner, sponsorer eller drikkevaretyper.<\/p>\n<\/li>\n<li>\n<p data-path-to-node=\"12,4,0\"><b>Kan tilpasses:<\/b> Tilbyder et stort printomr\u00e5de p\u00e5 170 x 60 mm til 1-farvet serigrafi.<\/p>\n<\/li>\n<li>\n<p data-path-to-node=\"12,5,0\"><b>Standard 500 ml kapacitet:<\/b> Perfekt st\u00f8rrelse til \u00f8l, sodavand og andre drikkevarer til begivenheder.<\/p>\n<\/li>\n<\/ul>","protected":false},"excerpt":{"rendered":"<ul>\n<li>\n<p data-path-to-node=\"6,0,0\">\u00d8g brandets synlighed med 6 livlige, semitransparente farvemuligheder.<\/p>\n<\/li>\n<li>\n<p data-path-to-node=\"6,1,0\">Ideel til farvekodning af adgangszoner, drikkevaretyper eller sponsoromr\u00e5der.<\/p>\n<\/li>\n<li>\n<p data-path-to-node=\"6,2,0\">Holdbar, fleksibel og genanvendelig PP-plast (BPA-fri).<\/p>\n<\/li>\n<li>\n<p data-path-to-node=\"6,3,0\">Kan tilpasses med et 1-farvet serigrafitryk (170 x 60 mm omr\u00e5de).<\/p>\n<\/li>\n<\/ul>","protected":false},"featured_media":6445,"comment_status":"closed","ping_status":"closed","template":"","meta":[],"product_brand":[],"product_cat":[111],"product_tag":[],"class_list":{"0":"post-4265","1":"product","2":"type-product","3":"status-publish","4":"has-post-thumbnail","6":"product_cat-reusable-event-cups","8":"first","9":"instock","10":"shipping-taxable","11":"purchasable","12":"product-type-simple"},"_links":{"self":[{"href":"https:\/\/displayproducts.eu\/da\/wp-json\/wp\/v2\/product\/4265","targetHints":{"allow":["GET"]}}],"collection":[{"href":"https:\/\/displayproducts.eu\/da\/wp-json\/wp\/v2\/product"}],"about":[{"href":"https:\/\/displayproducts.eu\/da\/wp-json\/wp\/v2\/types\/product"}],"replies":[{"embeddable":true,"href":"https:\/\/displayproducts.eu\/da\/wp-json\/wp\/v2\/comments?post=4265"}],"wp:featuredmedia":[{"embeddable":true,"href":"https:\/\/displayproducts.eu\/da\/wp-json\/wp\/v2\/media\/6445"}],"wp:attachment":[{"href":"https:\/\/displayproducts.eu\/da\/wp-json\/wp\/v2\/media?parent=4265"}],"wp:term":[{"taxonomy":"product_brand","embeddable":true,"href":"https:\/\/displayproducts.eu\/da\/wp-json\/wp\/v2\/product_brand?post=4265"},{"taxonomy":"product_cat","embeddable":true,"href":"https:\/\/displayproducts.eu\/da\/wp-json\/wp\/v2\/product_cat?post=4265"},{"taxonomy":"product_tag","embeddable":true,"href":"https:\/\/displayproducts.eu\/da\/wp-json\/wp\/v2\/product_tag?post=4265"}],"curies":[{"name":"wp","href":"https:\/\/api.w.org\/{rel}","templated":true}]}}