{"id":4241,"date":"2025-06-05T15:07:14","date_gmt":"2025-06-05T12:07:14","guid":{"rendered":"https:\/\/wristbandfactory.eu\/?post_type=product&#038;p=4241"},"modified":"2026-04-01T21:52:36","modified_gmt":"2026-04-01T18:52:36","slug":"reusable-event-cups-with-lanyard-hook-500ml","status":"publish","type":"product","link":"https:\/\/displayproducts.eu\/da\/p\/reusable-event-cups-with-lanyard-hook-500ml\/","title":{"rendered":"Genanvendelige eventkrus med snorkrog (500 ml)"},"content":{"rendered":"<p data-path-to-node=\"6\">Tilbyd ultimativ bekvemmelighed p\u00e5 din n\u00e6ste festival, messe eller udend\u00f8rsarrangement med vores genanvendelige eventkrus med integreret snorkrog. Denne 500 ml kop er den perfekte l\u00f8sning for deltagerne, da den giver h\u00e5ndfri bekvemmelighed, n\u00e5r de bev\u00e6ger sig mellem boder, netv\u00e6rker eller bruger faciliteter.<\/p>\n<p data-path-to-node=\"7\">Den innovative krog er kompatibel med standard lanyards \/ N\u00f8glesnore, hvilket forbedrer hygiejnen og g\u00e6steoplevelsen betydeligt. Det er en praktisk og smart l\u00f8sning til ethvert stort arrangement, hvor deltagerne har brug for at holde h\u00e6nderne fri.<\/p>\n<p data-path-to-node=\"8\">Disse kopper er fremstillet i Spanien og er bygget til gentagen brug. De er lavet af holdbart, let (21 g) og semitransparent PP-plast, der er 100% BPA-fri. Koppene t\u00e5ler mikrob\u00f8lgeovn og opvaskemaskine, hvilket sikrer nem og hygiejnisk reng\u00f8ring og en langvarig og b\u00e6redygtig investering for din organisation. Den samlede kapacitet p\u00e5 500 ml (450 ml brugbar volumen) er ideel til servering af Uden tryke drikkevarer, samtidig med at den forhindrer spild.<\/p>\n<p data-path-to-node=\"9\">Fremh\u00e6v dit brand eller dine sponsorer med et effektfuldt, roterende serigrafitryk. Det store trykomr\u00e5de p\u00e5 200 x 65 mm giver fremragende synlighed til dit logo eller eventbranding i \u00e9n farve.<\/p>\n<p data-path-to-node=\"10\"><b>N\u00f8glefunktioner:<\/b><\/p>\n<ul data-path-to-node=\"11\">\n<li>\n<p data-path-to-node=\"11,0,0\"><b>Integreret snorkrog:<\/b> Giver h\u00e5ndfri bekvemmelighed for deltagerne; kompatibel med standard halsliner.<\/p>\n<\/li>\n<li>\n<p data-path-to-node=\"11,1,0\"><b>Holdbart og sikkert materiale:<\/b> Lavet i Spanien af semitransparent PP-plast; 100% BPA-fri.<\/p>\n<\/li>\n<li>\n<p data-path-to-node=\"11,2,0\"><b>Hygiejnisk og genanvendelig:<\/b> T\u00e5ler opvaskemaskine og mikrob\u00f8lgeovn for nem reng\u00f8ring og langvarig brug til begivenheder.<\/p>\n<\/li>\n<li>\n<p data-path-to-node=\"11,3,0\"><b>Let og robust:<\/b> Vejer kun 21 gram, hvilket g\u00f8r den ideel til distribution i stor skala.<\/p>\n<\/li>\n<li>\n<p data-path-to-node=\"11,4,0\"><b>Stort trykomr\u00e5de:<\/b> Tilbyder et fuldt omviklet omr\u00e5de p\u00e5 200 x 65 mm til 1-farvet rotationssk\u00e6rmtryk.<\/p>\n<\/li>\n<li>\n<p data-path-to-node=\"11,5,0\"><b>Praktisk kapacitet:<\/b> 500 ml samlet volumen (450 ml brugbar) er designet til at forhindre overl\u00f8b.<\/p>\n<\/li>\n<\/ul>","protected":false},"excerpt":{"rendered":"<ul>\n<li>\n<p data-path-to-node=\"5,0,0\">Har en integreret krog til halssnore \u2013 ideel til h\u00e5ndfri brug.<\/p>\n<\/li>\n<li>\n<p data-path-to-node=\"5,1,0\">Holdbar, let (21 g) og semitransparent PP-plast (BPA-fri).<\/p>\n<\/li>\n<li>\n<p data-path-to-node=\"5,2,0\">Fuldt opvaskemaskine- og mikrob\u00f8lgeovnssikker for hygiejnisk og langvarig genbrug.<\/p>\n<\/li>\n<li>\n<p data-path-to-node=\"5,3,0\">Stort printomr\u00e5de p\u00e5 200 x 65 mm til 1-farvet rotationssk\u00e6rmtryk.<\/p>\n<\/li>\n<\/ul>","protected":false},"featured_media":6628,"comment_status":"closed","ping_status":"closed","template":"","meta":[],"product_brand":[],"product_cat":[111],"product_tag":[],"class_list":{"0":"post-4241","1":"product","2":"type-product","3":"status-publish","4":"has-post-thumbnail","6":"product_cat-reusable-event-cups","8":"first","9":"instock","10":"shipping-taxable","11":"purchasable","12":"product-type-simple"},"_links":{"self":[{"href":"https:\/\/displayproducts.eu\/da\/wp-json\/wp\/v2\/product\/4241","targetHints":{"allow":["GET"]}}],"collection":[{"href":"https:\/\/displayproducts.eu\/da\/wp-json\/wp\/v2\/product"}],"about":[{"href":"https:\/\/displayproducts.eu\/da\/wp-json\/wp\/v2\/types\/product"}],"replies":[{"embeddable":true,"href":"https:\/\/displayproducts.eu\/da\/wp-json\/wp\/v2\/comments?post=4241"}],"wp:featuredmedia":[{"embeddable":true,"href":"https:\/\/displayproducts.eu\/da\/wp-json\/wp\/v2\/media\/6628"}],"wp:attachment":[{"href":"https:\/\/displayproducts.eu\/da\/wp-json\/wp\/v2\/media?parent=4241"}],"wp:term":[{"taxonomy":"product_brand","embeddable":true,"href":"https:\/\/displayproducts.eu\/da\/wp-json\/wp\/v2\/product_brand?post=4241"},{"taxonomy":"product_cat","embeddable":true,"href":"https:\/\/displayproducts.eu\/da\/wp-json\/wp\/v2\/product_cat?post=4241"},{"taxonomy":"product_tag","embeddable":true,"href":"https:\/\/displayproducts.eu\/da\/wp-json\/wp\/v2\/product_tag?post=4241"}],"curies":[{"name":"wp","href":"https:\/\/api.w.org\/{rel}","templated":true}]}}