{"id":4229,"date":"2025-06-05T14:14:57","date_gmt":"2025-06-05T11:14:57","guid":{"rendered":"https:\/\/wristbandfactory.eu\/?post_type=product&#038;p=4229"},"modified":"2026-04-01T21:52:36","modified_gmt":"2026-04-01T18:52:36","slug":"digital-printed-reusable-cups-360-wrap","status":"publish","type":"product","link":"https:\/\/displayproducts.eu\/da\/p\/digital-printed-reusable-cups-360-wrap\/","title":{"rendered":"Digitaltrykte genanvendelige kopper (360\u00b0 indpakning)"},"content":{"rendered":"<p data-path-to-node=\"11\">Maksimer dit brands effekt med vores digitaltrykte genanvendelige kopper. Denne 500 ml kop er en f\u00f8rsteklasses brandingl\u00f8sning, der tilbyder avanceret 360\u00b0 digitaltryk, der bringer komplekse designs i fuld farve og sponsorlogoer til live.<\/p>\n<p data-path-to-node=\"12\">Denne kop er lavet af slidst\u00e6rkt PP-plast af h\u00f8j kvalitet med en elegant semi-transparent mat finish og er det perfekte valg til eksklusive firmaarrangementer, produktlanceringer og festivaler, hvor brandpr\u00e6sentation er afg\u00f8rende.<\/p>\n<p data-path-to-node=\"13\">Selvom dens speciale er digitaltryk med h\u00f8j effekt, underst\u00f8tter denne alsidige kop en bred vifte af tilpasningsmuligheder, der passer til ethvert budget, herunder 1-farvet serigrafi i hele pakken og pr\u00e6cist tampontryk p\u00e5 flere steder til mindre logoer.<\/p>\n<p data-path-to-node=\"14\">Som en stabelbar, let og milj\u00f8bevidst l\u00f8sning, der er fremstillet i Europa, reducerer den ikke kun plastikaffald, men fungerer ogs\u00e5 som en h\u00f8jkvalitets og mindev\u00e6rdig souvenir, der repr\u00e6senterer dit brand p\u00e5 en st\u00e6rk m\u00e5de.<\/p>\n<p data-path-to-node=\"15\"><b>N\u00f8glefunktioner:<\/b><\/p>\n<ul data-path-to-node=\"16\">\n<li>\n<p data-path-to-node=\"16,0,0\"><b>Premium 360\u00b0 digitalt print:<\/b> Tilbyder problemfri, held\u00e6kkende print (270 x 116 mm) til kompleks grafik i fuld farve.<\/p>\n<\/li>\n<li>\n<p data-path-to-node=\"16,1,0\"><b>Alsidige printmuligheder:<\/b> Underst\u00f8tter ogs\u00e5 1-farvet serigrafi og multi-location tampontryk til enklere brandingbehov.<\/p>\n<\/li>\n<li>\n<p data-path-to-node=\"16,2,0\"><b>Holdbar 500 ml kop:<\/b> Lavet af genanvendelig PP-plast af h\u00f8j kvalitet, ideel til servering af drikkevarer.<\/p>\n<\/li>\n<li>\n<p data-path-to-node=\"16,3,0\"><b>Elegant mat finish:<\/b> Har en moderne, semitransparent mat finish, der forbedrer brandets visuelle udtryk.<\/p>\n<\/li>\n<li>\n<p data-path-to-node=\"16,4,0\"><b>Europ\u00e6isk produktion:<\/b> Garanterer overholdelse af h\u00f8je sikkerheds- og kvalitetsstandarder.<\/p>\n<\/li>\n<\/ul>","protected":false},"excerpt":{"rendered":"<ul data-path-to-node=\"10\">\n<li>\n<p data-path-to-node=\"10,0,0\">F\u00f8rsteklasses 360\u00b0 digitalprint til fotorealistiske, komplekse designs.<\/p>\n<\/li>\n<li>\n<p data-path-to-node=\"10,1,0\">Holdbar 500 ml genanvendelig PP-plast med en moderne semitransparent mat finish.<\/p>\n<\/li>\n<li>\n<p data-path-to-node=\"10,2,0\">Flere trykteknikker er tilg\u00e6ngelige, fra full-wrap digitalt tryk til 1-farvet serigrafi eller tampontryk.<\/p>\n<\/li>\n<li>\n<p data-path-to-node=\"10,3,0\">Fremstillet i Europa, hvilket sikrer h\u00f8je kvalitets- og sikkerhedsstandarder.<\/p>\n<\/li>\n<\/ul>","protected":false},"featured_media":6494,"comment_status":"closed","ping_status":"closed","template":"","meta":[],"product_brand":[],"product_cat":[111],"product_tag":[],"class_list":{"0":"post-4229","1":"product","2":"type-product","3":"status-publish","4":"has-post-thumbnail","6":"product_cat-reusable-event-cups","8":"first","9":"instock","10":"shipping-taxable","11":"purchasable","12":"product-type-simple"},"_links":{"self":[{"href":"https:\/\/displayproducts.eu\/da\/wp-json\/wp\/v2\/product\/4229","targetHints":{"allow":["GET"]}}],"collection":[{"href":"https:\/\/displayproducts.eu\/da\/wp-json\/wp\/v2\/product"}],"about":[{"href":"https:\/\/displayproducts.eu\/da\/wp-json\/wp\/v2\/types\/product"}],"replies":[{"embeddable":true,"href":"https:\/\/displayproducts.eu\/da\/wp-json\/wp\/v2\/comments?post=4229"}],"wp:featuredmedia":[{"embeddable":true,"href":"https:\/\/displayproducts.eu\/da\/wp-json\/wp\/v2\/media\/6494"}],"wp:attachment":[{"href":"https:\/\/displayproducts.eu\/da\/wp-json\/wp\/v2\/media?parent=4229"}],"wp:term":[{"taxonomy":"product_brand","embeddable":true,"href":"https:\/\/displayproducts.eu\/da\/wp-json\/wp\/v2\/product_brand?post=4229"},{"taxonomy":"product_cat","embeddable":true,"href":"https:\/\/displayproducts.eu\/da\/wp-json\/wp\/v2\/product_cat?post=4229"},{"taxonomy":"product_tag","embeddable":true,"href":"https:\/\/displayproducts.eu\/da\/wp-json\/wp\/v2\/product_tag?post=4229"}],"curies":[{"name":"wp","href":"https:\/\/api.w.org\/{rel}","templated":true}]}}