{"id":4202,"date":"2025-06-05T13:39:24","date_gmt":"2025-06-05T10:39:24","guid":{"rendered":"https:\/\/wristbandfactory.eu\/?post_type=product&#038;p=4202"},"modified":"2026-04-01T21:52:04","modified_gmt":"2026-04-01T18:52:04","slug":"standard-reusable-event-cups-500ml","status":"publish","type":"product","link":"https:\/\/displayproducts.eu\/da\/p\/standard-reusable-event-cups-500ml\/","title":{"rendered":"Standard genanvendelige eventkopper (500 ml)"},"content":{"rendered":"<p data-path-to-node=\"8\">Denne standard genanvendelige kop p\u00e5 500 ml er den ideelle omkostningseffektive l\u00f8sning til store events, festivaler og reklamekampagner. Den er designet til organisationer, der s\u00f8ger et holdbart, b\u00e6redygtigt og brandvenligt alternativ til engangsplastik uden en kompleks ops\u00e6tning.<\/p>\n<p data-path-to-node=\"9\">Denne kop er fremstillet i Europa af robust, uden tryktlags PP-plast og er let, men robust nok til at modst\u00e5 travle eventmilj\u00f8er. Dens 500 ml kapacitet er den perfekte standard til servering af de fleste drikkevarer. Det minimalistiske design giver et rent l\u00e6rred til dit brand.<\/p>\n<p data-path-to-node=\"10\">Denne kop er optimeret til overkommelig og tydelig branding i \u00e9n farve. Vi tilbyder b\u00e5de tampontryk og serigrafi for at vise dit logo eller eventbudskab effektivt.<\/p>\n<p data-path-to-node=\"11\">Materialet er certificeret BPA-frit, hvilket sikrer sikkerheden for alle deltagere. Som et genanvendeligt, europ\u00e6isk fremstillet produkt er det et p\u00e5lideligt og milj\u00f8bevidst valg til ethvert arrangement.<\/p>\n<p data-path-to-node=\"12\"><b>N\u00f8glefunktioner:<\/b><\/p>\n<ul data-path-to-node=\"13\">\n<li>\n<p data-path-to-node=\"13,0,0\"><b>Omkostningseffektiv branding:<\/b> Optimeret til overkommelig 1-farvet tampontryk eller serigrafi.<\/p>\n<\/li>\n<li>\n<p data-path-to-node=\"13,1,0\"><b>Standard 500 ml kapacitet:<\/b> Den perfekte alsidige st\u00f8rrelse til festivaler, firmaarrangementer og promoveringer.<\/p>\n<\/li>\n<li>\n<p data-path-to-node=\"13,2,0\"><b>Holdbar og let:<\/b> Lavet af robust, uden tryktv\u00e6gget PP-plast, ideel til distribution i stor skala.<\/p>\n<\/li>\n<li>\n<p data-path-to-node=\"13,3,0\"><b>Sikker og b\u00e6redygtig:<\/b> Certificeret BPA-fri og fremstillet i Europa for h\u00f8je kvalitetsstandarder.<\/p>\n<\/li>\n<li>\n<p data-path-to-node=\"13,4,0\"><b>Milj\u00f8venlig l\u00f8sning:<\/b> Et holdbart, genanvendeligt alternativ til at reducere m\u00e6ngden af engangsplastik.<\/p>\n<\/li>\n<\/ul>","protected":false},"excerpt":{"rendered":"<ul>\n<li>\n<p data-path-to-node=\"7,0,0\">Dit omkostningseffektive valg til store ordrer og store arrangementer.<\/p>\n<\/li>\n<li>\n<p data-path-to-node=\"7,1,0\">Ideel til overkommelig 1-farvet branding (tampon- eller serigrafi).<\/p>\n<\/li>\n<li>\n<p data-path-to-node=\"7,2,0\">Holdbar, letv\u00e6gts PP-plast med uden tryktlag.<\/p>\n<\/li>\n<li>\n<p data-path-to-node=\"7,3,0\">Lavet i Europa og certificeret BPA-fri.<\/p>\n<\/li>\n<\/ul>","protected":false},"featured_media":6639,"comment_status":"closed","ping_status":"closed","template":"","meta":[],"product_brand":[],"product_cat":[111],"product_tag":[],"class_list":{"0":"post-4202","1":"product","2":"type-product","3":"status-publish","4":"has-post-thumbnail","6":"product_cat-reusable-event-cups","8":"first","9":"instock","10":"shipping-taxable","11":"purchasable","12":"product-type-simple"},"_links":{"self":[{"href":"https:\/\/displayproducts.eu\/da\/wp-json\/wp\/v2\/product\/4202","targetHints":{"allow":["GET"]}}],"collection":[{"href":"https:\/\/displayproducts.eu\/da\/wp-json\/wp\/v2\/product"}],"about":[{"href":"https:\/\/displayproducts.eu\/da\/wp-json\/wp\/v2\/types\/product"}],"replies":[{"embeddable":true,"href":"https:\/\/displayproducts.eu\/da\/wp-json\/wp\/v2\/comments?post=4202"}],"wp:featuredmedia":[{"embeddable":true,"href":"https:\/\/displayproducts.eu\/da\/wp-json\/wp\/v2\/media\/6639"}],"wp:attachment":[{"href":"https:\/\/displayproducts.eu\/da\/wp-json\/wp\/v2\/media?parent=4202"}],"wp:term":[{"taxonomy":"product_brand","embeddable":true,"href":"https:\/\/displayproducts.eu\/da\/wp-json\/wp\/v2\/product_brand?post=4202"},{"taxonomy":"product_cat","embeddable":true,"href":"https:\/\/displayproducts.eu\/da\/wp-json\/wp\/v2\/product_cat?post=4202"},{"taxonomy":"product_tag","embeddable":true,"href":"https:\/\/displayproducts.eu\/da\/wp-json\/wp\/v2\/product_tag?post=4202"}],"curies":[{"name":"wp","href":"https:\/\/api.w.org\/{rel}","templated":true}]}}