{"id":4159,"date":"2025-06-04T23:53:14","date_gmt":"2025-06-04T20:53:14","guid":{"rendered":"https:\/\/wristbandfactory.eu\/?post_type=product&#038;p=4159"},"modified":"2026-04-01T21:52:04","modified_gmt":"2026-04-01T18:52:04","slug":"iml-printed-reusable-event-cups-bpa-free","status":"publish","type":"product","link":"https:\/\/displayproducts.eu\/da\/p\/iml-printed-reusable-event-cups-bpa-free\/","title":{"rendered":"IML-trykte genanvendelige krus"},"content":{"rendered":"<p data-path-to-node=\"8\"><span class=\"citation-103 citation-end-103\">Styrk dine brand- og b\u00e6redygtighedsm\u00e5l med vores f\u00f8rsteklasses genanvendelige eventkopper med IML-tryk i fuld farve og h\u00f8j opl\u00f8sning. <\/span><span class=\"citation-102 citation-end-102\">Dette er den ultimative l\u00f8sning til festivaler, stadioner og virksomheder, der s\u00f8ger et effektivt og milj\u00f8venligt brandingv\u00e6rkt\u00f8j. <\/span><span class=\"citation-101 citation-end-101\">Denne teknologi forvandler en simpel kop til en kraftfuld, fotorealistisk reklamesouvenir, som deltagerne gerne vil beholde. <\/span><\/p>\n<p data-path-to-node=\"9\">Vi specialiserer os i to h\u00f8jkvalitets, interne trykteknologier, der matcher dit brands behov:<\/p>\n<ol start=\"1\" data-path-to-node=\"10\">\n<li>\n<p data-path-to-node=\"10,0,1\"><b><span class=\"citation-100\">IML-trykning (In-Mould Labelling):<\/span><\/b><span class=\"citation-100 citation-end-100\"> Vores f\u00f8rsteklasses valg, der tilbyder fantastisk, fotorealistisk grafik, der omslutter hele koppen. <\/span><span class=\"citation-99 citation-end-99\">Denne unikke teknologi v\u00e6kker komplekse, farvestr\u00e5lende designs til live med exceptionelle detaljer. <\/span><span class=\"citation-98 citation-end-98\">Vi tilbyder et valg mellem en stilfuld mat eller en klassisk transparent finish for at skabe det perfekte l\u00e6rred til dit brand. <\/span> (Minimumsbestilling: 1.000 enheder)<span class=\"citation-97 citation-end-97\">. <\/span><\/p>\n<\/li>\n<li>\n<p data-path-to-node=\"10,1,1\"><b><span class=\"citation-96\">Rotationssk\u00e6rmtryk:<\/span><\/b><span class=\"citation-96 citation-end-96\"> En yderst holdbar og omkostningseffektiv l\u00f8sning, perfekt til vektorbaserede logoer og enklere designs. <\/span> Denne metode giver et tryk af h\u00f8j kvalitet og lang holdbarhed p\u00e5 enten gennemsigtige eller farvede kopper. (Minimumsbestilling: 250 stk.)<span class=\"citation-95 citation-end-95\">. <\/span><\/p>\n<\/li>\n<\/ol>\n<p data-path-to-node=\"11\">Ud over branding er disse kopper en smart driftsinvestering. <span class=\"citation-94 citation-end-94\">De er fremstillet i Europa og er certificeret sundhedssikre, 100% BPA-fri, f\u00f8devaresikre og 100% genanvendelige. <\/span><span class=\"citation-93 citation-end-93\">Mange af vores IML-modeller (som Nicknack-serien) har en metrologisk verificeret m\u00e5leskala for pr\u00e6cis og professionel servering af drikkevarer. <\/span><\/p>\n<p data-path-to-node=\"12\"><span class=\"citation-92 citation-end-92\">Den slidst\u00e6rke PP-plastkonstruktion er bygget til at holde <\/span> og t\u00e5ler opvaskemaskine. (For maksimal holdbarhed p\u00e5 IML-design anbefales h\u00e5ndvask)<span class=\"citation-91 citation-end-91\">. <\/span><span class=\"citation-90 citation-end-90\">De f\u00e5s i flere st\u00f8rrelser, herunder 330 ml og 500 ml, og er en praktisk, stabelbar og pladsbesparende l\u00f8sning til ethvert sted. <\/span><\/p>\n<p data-path-to-node=\"13\">De er det ideelle b\u00e6redygtige valg til:<\/p>\n<ul data-path-to-node=\"14\">\n<li>\n<p data-path-to-node=\"14,0,0\"><span class=\"citation-89 citation-end-89\">Festivaler, koncerter og klubber <\/span><\/p>\n<\/li>\n<li>\n<p data-path-to-node=\"14,1,0\"><span class=\"citation-88 citation-end-88\">Sportsarenaer og holdbegivenheder <\/span><\/p>\n<\/li>\n<li>\n<p data-path-to-node=\"14,2,0\"><span class=\"citation-87 citation-end-87\">Firmaarrangementer og messer <\/span><\/p>\n<\/li>\n<li>\n<p data-path-to-node=\"14,3,0\"><span class=\"citation-86 citation-end-86\">Kommunale arrangementer, messer og markeder <\/span><\/p>\n<\/li>\n<\/ul>\n<p data-path-to-node=\"15\">Kontakt os i dag for at dr\u00f8fte dit IML- eller serigrafiprojekt og giv et varigt indtryk med dine med eget tryk genanvendelige kopper.<\/p>\n<h3 data-path-to-node=\"16\"><b>N\u00f8glefunktioner:<\/b><\/h3>\n<ul data-path-to-node=\"17\">\n<li>\n<p data-path-to-node=\"17,0,1\"><b><span class=\"citation-85\">Premium IML-udskrivning:<\/span><\/b><span class=\"citation-85 citation-end-85\"> Tilbyder fotorealistisk, fuldt omsluttende branding p\u00e5 tv\u00e6rs af hele koppens overflade. <\/span><\/p>\n<\/li>\n<li>\n<p data-path-to-node=\"17,1,1\"><b><span class=\"citation-84\">Med eget tryk finishmuligheder:<\/span><\/b><span class=\"citation-84 citation-end-84\"> F\u00e5s i b\u00e5de matte og transparente finish til IML-designs. <\/span><\/p>\n<\/li>\n<li>\n<p data-path-to-node=\"17,2,1\"><b><span class=\"citation-83\">Holdbar serigrafi:<\/span><\/b><span class=\"citation-83 citation-end-83\"> Et h\u00f8jkvalitets, langtidsholdbart alternativ til vektorbaserede logoer. <\/span><\/p>\n<\/li>\n<li>\n<p data-path-to-node=\"17,3,1\"><b><span class=\"citation-82\">Certificeret sundhedssikker:<\/span><\/b><span class=\"citation-82 citation-end-82\"> Lavet af 100% BPA-fri, f\u00f8devaresikker og 100% genanvendelig PP-plast. <\/span><\/p>\n<\/li>\n<li>\n<p data-path-to-node=\"17,4,1\"><b><span class=\"citation-81\">Bekr\u00e6ftet m\u00e5leskala:<\/span><\/b><span class=\"citation-81 citation-end-81\"> Mange modeller har en verificeret v\u00e6gt for pr\u00e6cis og ensartet drikkevareservering. <\/span><\/p>\n<\/li>\n<li>\n<p data-path-to-node=\"17,5,1\"><b><span class=\"citation-80\">Flere kapaciteter:<\/span><\/b><span class=\"citation-80 citation-end-80\"> F\u00e5s i forskellige st\u00f8rrelser (f.eks. 330 ml, 500 ml) for at im\u00f8dekomme dine behov. <\/span><\/p>\n<\/li>\n<li>\n<p data-path-to-node=\"17,6,1\"><b><span class=\"citation-79\">EU-produktion af h\u00f8j kvalitet:<\/span><\/b><span class=\"citation-79 citation-end-79\"> Fremstillet i Europa (f.eks. Tjekkiet) i henhold til h\u00f8je sikkerheds- og kvalitetsstandarder. <\/span><\/p>\n<\/li>\n<\/ul>","protected":false},"excerpt":{"rendered":"<ul>\n<li data-path-to-node=\"7,0,0\"><span class=\"citation-108 citation-end-108\">F\u00f8rsteklasses, fotorealistisk IML-print i fuld farve for maksimal brandp\u00e5virkning. <\/span><\/li>\n<li data-path-to-node=\"7,0,0\"><span class=\"citation-107 citation-end-107\">F\u00e5s i flere st\u00f8rrelser (f.eks. 330 ml, 500 ml) og finish (mat eller transparent). <\/span><\/li>\n<li data-path-to-node=\"7,0,0\"><span class=\"citation-106 citation-end-106\">Certificeret BPA-frit, sundhedssikkert materiale <\/span><span class=\"citation-105 citation-end-105\">; Mange modeller har en verificeret m\u00e5leskala. <\/span><\/li>\n<li data-path-to-node=\"7,0,0\"><span class=\"citation-104 citation-end-104\">F\u00e5s ogs\u00e5 med holdbart og omkostningseffektivt rotationstryk til enklere logoer. <\/span><\/li>\n<li style=\"list-style-type: none;\"><\/li>\n<\/ul>","protected":false},"featured_media":6517,"comment_status":"closed","ping_status":"closed","template":"","meta":[],"product_brand":[],"product_cat":[111],"product_tag":[],"class_list":{"0":"post-4159","1":"product","2":"type-product","3":"status-publish","4":"has-post-thumbnail","6":"product_cat-reusable-event-cups","8":"first","9":"instock","10":"shipping-taxable","11":"purchasable","12":"product-type-simple"},"_links":{"self":[{"href":"https:\/\/displayproducts.eu\/da\/wp-json\/wp\/v2\/product\/4159","targetHints":{"allow":["GET"]}}],"collection":[{"href":"https:\/\/displayproducts.eu\/da\/wp-json\/wp\/v2\/product"}],"about":[{"href":"https:\/\/displayproducts.eu\/da\/wp-json\/wp\/v2\/types\/product"}],"replies":[{"embeddable":true,"href":"https:\/\/displayproducts.eu\/da\/wp-json\/wp\/v2\/comments?post=4159"}],"wp:featuredmedia":[{"embeddable":true,"href":"https:\/\/displayproducts.eu\/da\/wp-json\/wp\/v2\/media\/6517"}],"wp:attachment":[{"href":"https:\/\/displayproducts.eu\/da\/wp-json\/wp\/v2\/media?parent=4159"}],"wp:term":[{"taxonomy":"product_brand","embeddable":true,"href":"https:\/\/displayproducts.eu\/da\/wp-json\/wp\/v2\/product_brand?post=4159"},{"taxonomy":"product_cat","embeddable":true,"href":"https:\/\/displayproducts.eu\/da\/wp-json\/wp\/v2\/product_cat?post=4159"},{"taxonomy":"product_tag","embeddable":true,"href":"https:\/\/displayproducts.eu\/da\/wp-json\/wp\/v2\/product_tag?post=4159"}],"curies":[{"name":"wp","href":"https:\/\/api.w.org\/{rel}","templated":true}]}}