{"id":4098,"date":"2025-05-09T18:19:48","date_gmt":"2025-05-09T15:19:48","guid":{"rendered":"https:\/\/wristbandfactory.eu\/?post_type=product&#038;p=4098"},"modified":"2026-04-01T21:52:04","modified_gmt":"2026-04-01T18:52:04","slug":"pu-leather-wristbands-with-details","status":"publish","type":"product","link":"https:\/\/displayproducts.eu\/da\/p\/pu-leather-wristbands-with-details\/","title":{"rendered":"PU-l\u00e6derarmb\u00e5nd med detaljer"},"content":{"rendered":"<p class=\"\" data-start=\"132\" data-end=\"394\">Tilf\u00f8j et strejf af glans og elegance til din accessories-samling med dette stilfulde armb\u00e5nd i PU-imiteret l\u00e6der med et moderne design og farvestr\u00e5lende krystallignende detaljer. Armb\u00e5ndet er perfekt til b\u00e5de hverdagsbrug og som en f\u00f8rsteklasses firmagave.<\/p>\n<p class=\"\" data-start=\"396\" data-end=\"640\">Den justerbare trykknaprem passer til forskellige h\u00e5ndledsst\u00f8rrelser. Armb\u00e5ndet f\u00e5s i tre elegante toner: guld, sort og s\u00f8lv \u2013 der hver is\u00e6r fremh\u00e6ver b\u00e6rerens stil p\u00e5 sin egen m\u00e5de og danner en smuk baggrund for de funklende sten.<\/p>\n<p class=\"\" data-start=\"642\" data-end=\"891\">Dette produkt kan ogs\u00e5 personligg\u00f8res \u2013 trykomr\u00e5det er placeret i n\u00e6rheden af l\u00e5sen, hvor et logo eller en besked kan tilf\u00f8jes ved hj\u00e6lp af tampontryk i \u00e9n farve med en trykst\u00f8rrelse p\u00e5 15 \u00d7 12 mm. Dette g\u00f8r armb\u00e5ndet ideelt som en reklame- eller kampagnegave.<\/p>\n<p class=\"\" data-start=\"893\" data-end=\"912\"><strong data-start=\"893\" data-end=\"912\">Specifikationer:<\/strong><\/p>\n<ul data-start=\"913\" data-end=\"1238\">\n<li class=\"\" data-start=\"913\" data-end=\"941\">\n<p class=\"\" data-start=\"915\" data-end=\"941\"><strong data-start=\"915\" data-end=\"928\">Materiale:<\/strong> PU-l\u00e6der<\/p>\n<\/li>\n<li class=\"\" data-start=\"942\" data-end=\"995\">\n<p class=\"\" data-start=\"944\" data-end=\"995\"><strong data-start=\"944\" data-end=\"955\">Design:<\/strong> Funklende detaljer med elegant finish<\/p>\n<\/li>\n<li class=\"\" data-start=\"996\" data-end=\"1038\">\n<p class=\"\" data-start=\"998\" data-end=\"1038\"><strong data-start=\"998\" data-end=\"1016\">Farvemuligheder:<\/strong> Guld, sort, s\u00f8lv<\/p>\n<\/li>\n<li class=\"\" data-start=\"1039\" data-end=\"1084\">\n<p class=\"\" data-start=\"1041\" data-end=\"1084\"><strong data-start=\"1041\" data-end=\"1051\">H\u00e6gte:<\/strong> Justerbar trykknaplukning<\/p>\n<\/li>\n<li class=\"\" data-start=\"1085\" data-end=\"1118\">\n<p class=\"\" data-start=\"1087\" data-end=\"1118\"><strong data-start=\"1087\" data-end=\"1102\">Dimensioner:<\/strong> 20,5 \u00d7 2,6 cm<\/p>\n<\/li>\n<li class=\"\" data-start=\"1119\" data-end=\"1138\">\n<p class=\"\" data-start=\"1121\" data-end=\"1138\"><strong data-start=\"1121\" data-end=\"1132\">V\u00e6gt:<\/strong> 8 gram<\/p>\n<\/li>\n<li class=\"\" data-start=\"1139\" data-end=\"1181\">\n<p class=\"\" data-start=\"1141\" data-end=\"1181\"><strong data-start=\"1141\" data-end=\"1156\">Udskriftsomr\u00e5de:<\/strong> N\u00e6rl\u00e5s, 15 \u00d7 12 mm<\/p>\n<\/li>\n<li class=\"\" data-start=\"1182\" data-end=\"1238\">\n<p class=\"\" data-start=\"1184\" data-end=\"1238\"><strong data-start=\"1184\" data-end=\"1207\">Trykteknik:<\/strong> Tampontryk (maks. 1 farve)<\/p>\n<\/li>\n<\/ul>","protected":false},"excerpt":{"rendered":"<p class=\"\" data-start=\"80\" data-end=\"438\">Armb\u00e5ndet i PU-imiteret l\u00e6der har i\u00f8jnefaldende krystalformede farvede detaljer. Armb\u00e5ndet har en justerbar trykknaplukning og f\u00e5s i tre stilfulde toner: guld, sort og s\u00f8lv - der hver is\u00e6r fremh\u00e6ver b\u00e6rerens personlighed. Et logo eller en besked kan tilf\u00f8jes ved siden af l\u00e5sen ved hj\u00e6lp af tampontryk, hvilket g\u00f8r det til en cool kampagne- eller reklamegave.<\/p>","protected":false},"featured_media":6430,"comment_status":"closed","ping_status":"closed","template":"","meta":[],"product_brand":[],"product_cat":[66,117],"product_tag":[],"class_list":{"0":"post-4098","1":"product","2":"type-product","3":"status-publish","4":"has-post-thumbnail","6":"product_cat-wristbands","7":"product_cat-leather-wristbands","9":"first","10":"instock","11":"shipping-taxable","12":"purchasable","13":"product-type-simple"},"_links":{"self":[{"href":"https:\/\/displayproducts.eu\/da\/wp-json\/wp\/v2\/product\/4098","targetHints":{"allow":["GET"]}}],"collection":[{"href":"https:\/\/displayproducts.eu\/da\/wp-json\/wp\/v2\/product"}],"about":[{"href":"https:\/\/displayproducts.eu\/da\/wp-json\/wp\/v2\/types\/product"}],"replies":[{"embeddable":true,"href":"https:\/\/displayproducts.eu\/da\/wp-json\/wp\/v2\/comments?post=4098"}],"wp:featuredmedia":[{"embeddable":true,"href":"https:\/\/displayproducts.eu\/da\/wp-json\/wp\/v2\/media\/6430"}],"wp:attachment":[{"href":"https:\/\/displayproducts.eu\/da\/wp-json\/wp\/v2\/media?parent=4098"}],"wp:term":[{"taxonomy":"product_brand","embeddable":true,"href":"https:\/\/displayproducts.eu\/da\/wp-json\/wp\/v2\/product_brand?post=4098"},{"taxonomy":"product_cat","embeddable":true,"href":"https:\/\/displayproducts.eu\/da\/wp-json\/wp\/v2\/product_cat?post=4098"},{"taxonomy":"product_tag","embeddable":true,"href":"https:\/\/displayproducts.eu\/da\/wp-json\/wp\/v2\/product_tag?post=4098"}],"curies":[{"name":"wp","href":"https:\/\/api.w.org\/{rel}","templated":true}]}}