{"id":4065,"date":"2025-05-09T17:33:44","date_gmt":"2025-05-09T14:33:44","guid":{"rendered":"https:\/\/wristbandfactory.eu\/?post_type=product&#038;p=4065"},"modified":"2026-04-01T21:52:04","modified_gmt":"2026-04-01T18:52:04","slug":"three-strand-leather-wristband-with-light-green-glass-beads","status":"publish","type":"product","link":"https:\/\/displayproducts.eu\/da\/p\/three-strand-leather-wristband-with-light-green-glass-beads\/","title":{"rendered":"Tredelt l\u00e6derarmb\u00e5nd med glasperler"},"content":{"rendered":"<p data-path-to-node=\"12\">Leder du efter en firmagave, der f\u00f8les mere som et modetilbeh\u00f8r end et reklameprodukt? <b data-path-to-node=\"12\" data-index-in-node=\"124\">H\u00e5ndlavet armb\u00e5nd i l\u00e6der med tre strenge<\/b> blander rustik charme med elegance. I mods\u00e6tning til uden tryke silikone- eller stofremme er dette armb\u00e5nd fremstillet af naturlige materialer, hvilket g\u00f8r det til et fremragende valg til milj\u00f8bevidste brands, boutique-arrangementer og medarbejdergaver.<\/p>\n<h2 data-path-to-node=\"13\">N\u00f8glefunktioner<\/h2>\n<ul data-path-to-node=\"14\">\n<li>\n<p data-path-to-node=\"14,0,0\"><b data-path-to-node=\"14,0,0\" data-index-in-node=\"0\">Karakteristisk trio-design:<\/b> Armb\u00e5ndet kombinerer en glat lysebrun l\u00e6derstrimmel, en tekstureret flettet m\u00f8rkebrun l\u00e6dersnor og en midterstreng prydet med lysegr\u00f8nne glasperler.<\/p>\n<\/li>\n<li>\n<p data-path-to-node=\"14,1,0\"><b data-path-to-node=\"14,1,0\" data-index-in-node=\"0\">M\u00e6rkevareemballage:<\/b> Tilpasning anvendes p\u00e5 <b data-path-to-node=\"14,1,0\" data-index-in-node=\"51\">Kraftpapirkort<\/b> holder armb\u00e5ndet. Vi bruger tampontryk (op til 4 farver) til at vise dit logo eller din besked direkte over armb\u00e5ndet og dermed skabe en professionel pr\u00e6sentation, der er klar til detailhandel.<\/p>\n<\/li>\n<li>\n<p data-path-to-node=\"14,2,0\"><b data-path-to-node=\"14,2,0\" data-index-in-node=\"0\">Universel komfort:<\/b> Den justerbare voksede bomuldslukning sikrer en behagelig pasform til forskellige h\u00e5ndledsst\u00f8rrelser, hvilket eliminerer behovet for komplekse st\u00f8rrelsesdiagrammer.<\/p>\n<\/li>\n<li>\n<p data-path-to-node=\"14,3,0\"><b data-path-to-node=\"14,3,0\" data-index-in-node=\"0\">Klar til gavegivning:<\/b> Disse armb\u00e5nd leveres monteret p\u00e5 kortet og er straks klar til at blive udleveret ved arrangementer eller inkluderet i velkomstposer.<\/p>\n<\/li>\n<\/ul>\n<h2 data-path-to-node=\"15\">Specifikationer<\/h2>\n<ul data-path-to-node=\"16\">\n<li>\n<p data-path-to-node=\"16,0,0\"><b data-path-to-node=\"16,0,0\" data-index-in-node=\"0\">Materialer:<\/b> \u00c6gte l\u00e6der, glasperler, vokset bomuld.<\/p>\n<\/li>\n<li>\n<p data-path-to-node=\"16,1,0\"><b data-path-to-node=\"16,1,0\" data-index-in-node=\"0\">Dimensioner:<\/b> 26 \u00d7 1,2 cm (Justerbar l\u00e6ngde).<\/p>\n<\/li>\n<li>\n<p data-path-to-node=\"16,2,0\"><b data-path-to-node=\"16,2,0\" data-index-in-node=\"0\">V\u00e6gt:<\/b> 6 g.<\/p>\n<\/li>\n<li>\n<p data-path-to-node=\"16,3,0\"><b data-path-to-node=\"16,3,0\" data-index-in-node=\"0\">Brandingomr\u00e5de:<\/b> 25 \u00d7 15 mm (P\u00e5 kortets overskrift).<\/p>\n<\/li>\n<li>\n<p data-path-to-node=\"16,4,0\"><b data-path-to-node=\"16,4,0\" data-index-in-node=\"0\">Trykteknik:<\/b> Tampontryk (maks. 4 farver).<\/p>\n<\/li>\n<li>\n<p data-path-to-node=\"16,5,0\"><b data-path-to-node=\"16,5,0\" data-index-in-node=\"0\">Emballage:<\/b> Milj\u00f8venligt kraftpapirkort.<\/p>\n<\/li>\n<\/ul>\n<h2 data-path-to-node=\"17\">Brugsscenarier<\/h2>\n<ul data-path-to-node=\"18\">\n<li>\n<p data-path-to-node=\"18,0,0\"><b data-path-to-node=\"18,0,0\" data-index-in-node=\"0\">Firmagaver:<\/b> En stilfuld gave med h\u00f8j v\u00e6rdi til medarbejdere eller partnere.<\/p>\n<\/li>\n<li>\n<p data-path-to-node=\"18,1,0\"><b data-path-to-node=\"18,1,0\" data-index-in-node=\"0\">Festival VIP-gave:<\/b> Et boho-chic tilbeh\u00f8r, som g\u00e6sterne vil have p\u00e5 l\u00e6nge efter arrangementet.<\/p>\n<\/li>\n<li>\n<p data-path-to-node=\"18,2,0\"><b data-path-to-node=\"18,2,0\" data-index-in-node=\"0\">Velg\u00f8renhedskampagner:<\/b> Et diskret, naturinspireret armb\u00e5nd, der st\u00f8tter milj\u00f8sager.<\/p>\n<\/li>\n<li>\n<p data-path-to-node=\"18,3,0\"><b data-path-to-node=\"18,3,0\" data-index-in-node=\"0\">Detailhandelsvarer:<\/b> Perfekt til museumsbutikker, zoologiske haver eller naturreservater til salg med brugerdefineret branding.<\/p>\n<\/li>\n<\/ul>\n<p data-path-to-node=\"19\">","protected":false},"excerpt":{"rendered":"<ul>\n<li>\n<p data-path-to-node=\"11,0,0\"><b data-path-to-node=\"11,0,0\" data-index-in-node=\"0\">H\u00e5ndlavet design:<\/b> Har tre forskellige tr\u00e5de - glat l\u00e6der, flettet l\u00e6der og gr\u00f8nne glasperler.<\/p>\n<\/li>\n<li>\n<p data-path-to-node=\"11,1,0\"><b data-path-to-node=\"11,1,0\" data-index-in-node=\"0\">Brugerdefineret branding:<\/b> Dit logo er tampografisk trykt p\u00e5 det medf\u00f8lgende kraftpapirkort.<\/p>\n<\/li>\n<li>\n<p data-path-to-node=\"11,2,0\"><b data-path-to-node=\"11,2,0\" data-index-in-node=\"0\">Justerbar pasform:<\/b> Lukkes med en slidst\u00e6rk vokset bomuldsglideknude, der passer til de fleste h\u00e5ndledsst\u00f8rrelser.<\/p>\n<\/li>\n<li>\n<p data-path-to-node=\"11,3,0\"><b data-path-to-node=\"11,3,0\" data-index-in-node=\"0\">Naturmaterialer:<\/b> Lavet af \u00e6gte l\u00e6der og glas for et f\u00f8rsteklasses look i detailhandelskvalitet.<\/p>\n<\/li>\n<\/ul>","protected":false},"featured_media":6412,"comment_status":"closed","ping_status":"closed","template":"","meta":[],"product_brand":[],"product_cat":[66,117],"product_tag":[],"class_list":{"0":"post-4065","1":"product","2":"type-product","3":"status-publish","4":"has-post-thumbnail","6":"product_cat-wristbands","7":"product_cat-leather-wristbands","9":"first","10":"instock","11":"shipping-taxable","12":"purchasable","13":"product-type-simple"},"_links":{"self":[{"href":"https:\/\/displayproducts.eu\/da\/wp-json\/wp\/v2\/product\/4065","targetHints":{"allow":["GET"]}}],"collection":[{"href":"https:\/\/displayproducts.eu\/da\/wp-json\/wp\/v2\/product"}],"about":[{"href":"https:\/\/displayproducts.eu\/da\/wp-json\/wp\/v2\/types\/product"}],"replies":[{"embeddable":true,"href":"https:\/\/displayproducts.eu\/da\/wp-json\/wp\/v2\/comments?post=4065"}],"wp:featuredmedia":[{"embeddable":true,"href":"https:\/\/displayproducts.eu\/da\/wp-json\/wp\/v2\/media\/6412"}],"wp:attachment":[{"href":"https:\/\/displayproducts.eu\/da\/wp-json\/wp\/v2\/media?parent=4065"}],"wp:term":[{"taxonomy":"product_brand","embeddable":true,"href":"https:\/\/displayproducts.eu\/da\/wp-json\/wp\/v2\/product_brand?post=4065"},{"taxonomy":"product_cat","embeddable":true,"href":"https:\/\/displayproducts.eu\/da\/wp-json\/wp\/v2\/product_cat?post=4065"},{"taxonomy":"product_tag","embeddable":true,"href":"https:\/\/displayproducts.eu\/da\/wp-json\/wp\/v2\/product_tag?post=4065"}],"curies":[{"name":"wp","href":"https:\/\/api.w.org\/{rel}","templated":true}]}}