{"id":4046,"date":"2025-05-09T17:16:59","date_gmt":"2025-05-09T14:16:59","guid":{"rendered":"https:\/\/wristbandfactory.eu\/?post_type=product&#038;p=4046"},"modified":"2026-04-01T21:52:04","modified_gmt":"2026-04-01T18:52:04","slug":"custom-leather-wristbands","status":"publish","type":"product","link":"https:\/\/displayproducts.eu\/da\/p\/custom-leather-wristbands\/","title":{"rendered":"Med eget tryk l\u00e6derarmb\u00e5nd"},"content":{"rendered":"<p>Dette elegante armb\u00e5nd er fremstillet af brunt l\u00e6der af h\u00f8j kvalitet, fremh\u00e6vet med slidst\u00e6rke voksede bomuldssnore og smagfulde fors\u00f8lvede perler. En central perle med det universelle fredssymbol tilf\u00f8jer et meningsfuldt touch, der repr\u00e6senterer harmoni og partnerskab. Designet er sikret med en poleret s\u00f8lvfarvet metallegeringssp\u00e6nde, der sikrer b\u00e5de holdbarhed og en raffineret finish til hverdagsbrug.<\/p>\n<p>N\u00f8glen til dens v\u00e6rdi som reklamev\u00e6rkt\u00f8j ligger i dens emballage. Hvert armb\u00e5nd er monteret p\u00e5 et naturligt kraftpapirkarton, der fungerer som l\u00e6rred for dit brand. Vi tilbyder pr\u00e6cist tampontryk af dit firmalogo eller en brugerdefineret besked i op til fire farver inden for et omr\u00e5de p\u00e5 25 \u00d7 15 mm. Denne gennemt\u00e6nkte pr\u00e6sentation sikrer, at dit brand er i centrum og skaber et varigt indtryk l\u00e6nge efter, at gaven er modtaget.<\/p>\n<p><b>N\u00f8glefunktioner:<\/b><\/p>\n<ul>\n<li><b>Materiale:<\/b> \u00c6gte l\u00e6der, vokset bomuld og fors\u00f8lvet legering<\/li>\n<li><b>Branding:<\/b> Specialtrykt kraftpapirbagkort<\/li>\n<li><b>Udskriftsomr\u00e5de:<\/b> 25 \u00d7 15 mm p\u00e5 toppen af kortet<\/li>\n<li><b>Udskrivningsmetode:<\/b> H\u00f8jkvalitets tampongtryk (op til 4 farver)<\/li>\n<li><b>Symbolik:<\/b> Har en perle med et fredssymbol, der skaber et budskab om enhed<\/li>\n<li><b>H\u00e6gte:<\/b> Sikker og stilfuld l\u00e5s i s\u00f8lvfarvet metallegering<\/li>\n<\/ul>\n<p>&nbsp;<\/p>","protected":false},"excerpt":{"rendered":"<article class=\"text-token-text-primary w-full\" dir=\"auto\" data-testid=\"conversation-turn-440\" data-scroll-anchor=\"true\">\n<div class=\"text-base my-auto mx-auto py-5 [--thread-content-margin:--spacing(4)] @[37rem]:[--thread-content-margin:--spacing(6)] @[72rem]:[--thread-content-margin:--spacing(16)] px-(--thread-content-margin)\">\n<div class=\"[--thread-content-max-width:32rem] @[34rem]:[--thread-content-max-width:40rem] @[64rem]:[--thread-content-max-width:48rem] mx-auto flex max-w-(--thread-content-max-width) flex-1 text-base gap-4 md:gap-5 lg:gap-6 group\/turn-messages focus-visible:outline-hidden\" tabindex=\"-1\">\n<div class=\"group\/conversation-turn relative flex w-full min-w-0 flex-col agent-turn\">\n<div class=\"relative flex-col gap-1 md:gap-3\">\n<div class=\"flex max-w-full flex-col grow\">\n<div class=\"min-h-8 text-message relative flex w-full flex-col items-end gap-2 text-start break-words whitespace-normal [.text-message+&amp;]:mt-5\" dir=\"auto\" data-message-author-role=\"assistant\" data-message-id=\"90623f22-b929-41cf-a2ca-210f95d4ea1a\" data-message-model-slug=\"gpt-4o\">\n<div class=\"flex w-full flex-col gap-1 empty:hidden first:pt-[3px]\">\n<div class=\"markdown prose dark:prose-invert w-full break-words light\">\n<p>Opdag den perfekte firmagave, der kombinerer tidl\u00f8s stil med st\u00e6rk branding. Vores premium l\u00e6derarmb\u00e5nd tilbyder en sofistikeret m\u00e5de at vise p\u00e5sk\u00f8nnelse til kunder, bel\u00f8nne medarbejdere eller skabe unikke merchandise. Pr\u00e6senteret p\u00e5 et fuldt brugerdefinerbart bagkort forvandler dette produkt en simpel gestus til en mindev\u00e6rdig brandoplevelse.<\/p>\n<\/div>\n<\/div>\n<\/div>\n<\/div>\n<\/div>\n<\/div>\n<\/div>\n<\/div>\n<\/article>\n<div class=\"pointer-events-none h-px w-px\" aria-hidden=\"true\" data-edge=\"true\"><\/div>","protected":false},"featured_media":6404,"comment_status":"closed","ping_status":"closed","template":"","meta":[],"product_brand":[],"product_cat":[66,117],"product_tag":[],"class_list":{"0":"post-4046","1":"product","2":"type-product","3":"status-publish","4":"has-post-thumbnail","6":"product_cat-wristbands","7":"product_cat-leather-wristbands","9":"first","10":"instock","11":"shipping-taxable","12":"purchasable","13":"product-type-simple"},"_links":{"self":[{"href":"https:\/\/displayproducts.eu\/da\/wp-json\/wp\/v2\/product\/4046","targetHints":{"allow":["GET"]}}],"collection":[{"href":"https:\/\/displayproducts.eu\/da\/wp-json\/wp\/v2\/product"}],"about":[{"href":"https:\/\/displayproducts.eu\/da\/wp-json\/wp\/v2\/types\/product"}],"replies":[{"embeddable":true,"href":"https:\/\/displayproducts.eu\/da\/wp-json\/wp\/v2\/comments?post=4046"}],"wp:featuredmedia":[{"embeddable":true,"href":"https:\/\/displayproducts.eu\/da\/wp-json\/wp\/v2\/media\/6404"}],"wp:attachment":[{"href":"https:\/\/displayproducts.eu\/da\/wp-json\/wp\/v2\/media?parent=4046"}],"wp:term":[{"taxonomy":"product_brand","embeddable":true,"href":"https:\/\/displayproducts.eu\/da\/wp-json\/wp\/v2\/product_brand?post=4046"},{"taxonomy":"product_cat","embeddable":true,"href":"https:\/\/displayproducts.eu\/da\/wp-json\/wp\/v2\/product_cat?post=4046"},{"taxonomy":"product_tag","embeddable":true,"href":"https:\/\/displayproducts.eu\/da\/wp-json\/wp\/v2\/product_tag?post=4046"}],"curies":[{"name":"wp","href":"https:\/\/api.w.org\/{rel}","templated":true}]}}