{"id":4024,"date":"2025-05-09T16:57:10","date_gmt":"2025-05-09T13:57:10","guid":{"rendered":"https:\/\/wristbandfactory.eu\/?post_type=product&#038;p=4024"},"modified":"2026-04-01T21:52:36","modified_gmt":"2026-04-01T18:52:36","slug":"custom-engraved-multifunctional-paracord-survival-wristbands","status":"publish","type":"product","link":"https:\/\/displayproducts.eu\/da\/p\/custom-engraved-multifunctional-paracord-survival-wristbands\/","title":{"rendered":"Paracord armb\u00e5nd med logo"},"content":{"rendered":"<p data-path-to-node=\"8\">Giv din firmagave et l\u00f8ft med et v\u00e6rkt\u00f8j, der kombinerer funktionalitet med robust stil. Vores multifunktionelle paracord-overlevelsesarmb\u00e5nd er mere end blot et tilbeh\u00f8r; det er et kompakt n\u00f8ds\u00e6t designet til aktive individer og eventyrlystne. Uanset om det bruges til vandreture, camping eller taktisk tr\u00e6ning, giver dette armb\u00e5nd essentielle v\u00e6rkt\u00f8jer lige p\u00e5 h\u00e5ndleddet.<\/p>\n<p data-path-to-node=\"9\">Armb\u00e5ndets kerne er lavet af h\u00f8jstyrke nylon paracord, der kan vikles ud i n\u00f8dsituationer. Den integrerede, sikre sp\u00e6ndel\u00e5s indeholder en h\u00f8j n\u00f8dfl\u00f8jte og en opt\u00e6ndingsskraber, mens toppen har et p\u00e5lideligt kompas og en robust flaske\u00e5bner.<\/p>\n<h2 data-path-to-node=\"10\">N\u00f8glefunktioner<\/h2>\n<ul data-path-to-node=\"11\">\n<li>\n<p data-path-to-node=\"11,0,0\"><b data-path-to-node=\"11,0,0\" data-index-in-node=\"0\">Alt-i-en-v\u00e6rkt\u00f8j:<\/b> Fem essentielle overlevelsesv\u00e6rkt\u00f8jer integreret i et uden trykt b\u00e6rbart design.<\/p>\n<\/li>\n<li>\n<p data-path-to-node=\"11,1,0\"><b data-path-to-node=\"11,1,0\" data-index-in-node=\"0\">Brugerdefineret lasergravering:<\/b> Dit firmalogo er pr\u00e6cisionsgraveret p\u00e5 metalpladen, hvilket sikrer, at brandingen aldrig falmer eller skaller af.<\/p>\n<\/li>\n<li>\n<p data-path-to-node=\"11,2,0\"><b data-path-to-node=\"11,2,0\" data-index-in-node=\"0\">Robust konstruktion:<\/b> Bygget til at modst\u00e5 barske milj\u00f8forhold, hvilket g\u00f8r den til en favorit for friluftsentusiaster.<\/p>\n<\/li>\n<li>\n<p data-path-to-node=\"11,3,0\"><b data-path-to-node=\"11,3,0\" data-index-in-node=\"0\">Ergonomisk pasform:<\/b> Designet til komfort under langvarig brug, med et sikkert sp\u00e6ndesystem.<\/p>\n<\/li>\n<\/ul>\n<h2 data-path-to-node=\"12\">Specifikationer<\/h2>\n<ul data-path-to-node=\"13\">\n<li>\n<p data-path-to-node=\"13,0,0\"><b data-path-to-node=\"13,0,0\" data-index-in-node=\"0\">Materiale:<\/b> H\u00f8jstyrke nylon paracord og metalkomponenter<\/p>\n<\/li>\n<li>\n<p data-path-to-node=\"13,1,0\"><b data-path-to-node=\"13,1,0\" data-index-in-node=\"0\">Dimensioner:<\/b> 25,5 \u00d7 3,4 \u00d7 1,1 cm<\/p>\n<\/li>\n<li>\n<p data-path-to-node=\"13,2,0\"><b data-path-to-node=\"13,2,0\" data-index-in-node=\"0\">V\u00e6gt:<\/b> 36 g<\/p>\n<\/li>\n<li>\n<p data-path-to-node=\"13,3,0\"><b data-path-to-node=\"13,3,0\" data-index-in-node=\"0\">Integrerede funktioner:<\/b> Armb\u00e5nd, kompas, fl\u00f8jte, opt\u00e6ndingsskraber, flaske\u00e5bner<\/p>\n<\/li>\n<li>\n<p data-path-to-node=\"13,4,0\"><b data-path-to-node=\"13,4,0\" data-index-in-node=\"0\">Tilpasningsomr\u00e5de:<\/b> 20 \u00d7 10 mm p\u00e5 metalpladen<\/p>\n<\/li>\n<li>\n<p data-path-to-node=\"13,5,0\"><b data-path-to-node=\"13,5,0\" data-index-in-node=\"0\">Teknik:<\/b> Ensfarvet lasergravering<\/p>\n<\/li>\n<\/ul>\n<h2 data-path-to-node=\"14\">Brugsscenarier<\/h2>\n<ul data-path-to-node=\"15\">\n<li>\n<p data-path-to-node=\"15,0,0\"><b data-path-to-node=\"15,0,0\" data-index-in-node=\"0\">Virksomhedsteambuilding:<\/b> En perfekt gave til vildmarksferier og udend\u00f8rs overlevelsesudfordringer.<\/p>\n<\/li>\n<li>\n<p data-path-to-node=\"15,1,0\"><b data-path-to-node=\"15,1,0\" data-index-in-node=\"0\">Eventyrturisme:<\/b> Rejsebureauer og turoperat\u00f8rer kan tilbyde m\u00e6rkevareudstyr til deres kunder.<\/p>\n<\/li>\n<li>\n<p data-path-to-node=\"15,2,0\"><b data-path-to-node=\"15,2,0\" data-index-in-node=\"0\">Detailhandel og merchandising:<\/b> Fremragende vare med h\u00f8j opfattelse af v\u00e6rdi til frilufts- og sportsforretninger.<\/p>\n<\/li>\n<li>\n<p data-path-to-node=\"15,3,0\"><b data-path-to-node=\"15,3,0\" data-index-in-node=\"0\">Sikkerhedsbevidsthedskampagner:<\/b> Ideel til organisationer med fokus p\u00e5 beredskab og n\u00f8dtjenester.<\/p>\n<\/li>\n<\/ul>","protected":false},"excerpt":{"rendered":"<article class=\"text-token-text-primary w-full\" dir=\"auto\" data-testid=\"conversation-turn-434\" data-scroll-anchor=\"true\">\n<div class=\"text-base my-auto mx-auto py-5 [--thread-content-margin:--spacing(4)] @[37rem]:[--thread-content-margin:--spacing(6)] @[72rem]:[--thread-content-margin:--spacing(16)] px-(--thread-content-margin)\">\n<div class=\"[--thread-content-max-width:32rem] @[34rem]:[--thread-content-max-width:40rem] @[64rem]:[--thread-content-max-width:48rem] mx-auto flex max-w-(--thread-content-max-width) flex-1 text-base gap-4 md:gap-5 lg:gap-6 group\/turn-messages focus-visible:outline-hidden\" tabindex=\"-1\">\n<div class=\"group\/conversation-turn relative flex w-full min-w-0 flex-col agent-turn\">\n<div class=\"relative flex-col gap-1 md:gap-3\">\n<div class=\"flex max-w-full flex-col grow\">\n<div class=\"min-h-8 text-message relative flex w-full flex-col items-end gap-2 text-start break-words whitespace-normal [.text-message+&amp;]:mt-5\" dir=\"auto\" data-message-author-role=\"assistant\" data-message-id=\"209e0cfa-4190-4646-a2b0-a9a360850576\" data-message-model-slug=\"gpt-4o\">\n<div class=\"flex w-full flex-col gap-1 empty:hidden first:pt-[3px]\">\n<div class=\"markdown prose dark:prose-invert w-full break-words light\">\n<ul>\n<li>\n<p data-path-to-node=\"7,0,0\"><b data-path-to-node=\"7,0,0\" data-index-in-node=\"0\">Multifunktionelt 5-i-1-v\u00e6rkt\u00f8j:<\/b> Indeholder kompas, fl\u00f8jte, opt\u00e6ndingsanordning, flaske\u00e5bner og holdbart faldsk\u00e6rmsline.<\/p>\n<\/li>\n<li>\n<p data-path-to-node=\"7,1,0\"><b data-path-to-node=\"7,1,0\" data-index-in-node=\"0\">Premium-branding:<\/b> Professionel lasergravering p\u00e5 en 20 \u00d7 10 mm metalplade for permanent logosynlighed.<\/p>\n<\/li>\n<li>\n<p data-path-to-node=\"7,2,0\"><b data-path-to-node=\"7,2,0\" data-index-in-node=\"0\">Ekstrem holdbarhed:<\/b> Lavet af kraftig nylon, designet til udend\u00f8rs eventyr og n\u00f8dberedskab.<\/p>\n<\/li>\n<li>\n<p data-path-to-node=\"7,3,0\"><b data-path-to-node=\"7,3,0\" data-index-in-node=\"0\">B2B-alsidighed:<\/b> Ideel til rejsebureauer, teambuilding-arrangementer og forhandlere af udend\u00f8rsudstyr.<\/p>\n<\/li>\n<\/ul>\n<\/div>\n<\/div>\n<\/div>\n<\/div>\n<\/div>\n<\/div>\n<\/div>\n<\/div>\n<\/article>","protected":false},"featured_media":6416,"comment_status":"closed","ping_status":"closed","template":"","meta":[],"product_brand":[],"product_cat":[66,112,45],"product_tag":[],"class_list":{"0":"post-4024","1":"product","2":"type-product","3":"status-publish","4":"has-post-thumbnail","6":"product_cat-wristbands","7":"product_cat-paracord-wristbands","8":"product_cat-other","10":"first","11":"instock","12":"shipping-taxable","13":"purchasable","14":"product-type-simple"},"_links":{"self":[{"href":"https:\/\/displayproducts.eu\/da\/wp-json\/wp\/v2\/product\/4024","targetHints":{"allow":["GET"]}}],"collection":[{"href":"https:\/\/displayproducts.eu\/da\/wp-json\/wp\/v2\/product"}],"about":[{"href":"https:\/\/displayproducts.eu\/da\/wp-json\/wp\/v2\/types\/product"}],"replies":[{"embeddable":true,"href":"https:\/\/displayproducts.eu\/da\/wp-json\/wp\/v2\/comments?post=4024"}],"wp:featuredmedia":[{"embeddable":true,"href":"https:\/\/displayproducts.eu\/da\/wp-json\/wp\/v2\/media\/6416"}],"wp:attachment":[{"href":"https:\/\/displayproducts.eu\/da\/wp-json\/wp\/v2\/media?parent=4024"}],"wp:term":[{"taxonomy":"product_brand","embeddable":true,"href":"https:\/\/displayproducts.eu\/da\/wp-json\/wp\/v2\/product_brand?post=4024"},{"taxonomy":"product_cat","embeddable":true,"href":"https:\/\/displayproducts.eu\/da\/wp-json\/wp\/v2\/product_cat?post=4024"},{"taxonomy":"product_tag","embeddable":true,"href":"https:\/\/displayproducts.eu\/da\/wp-json\/wp\/v2\/product_tag?post=4024"}],"curies":[{"name":"wp","href":"https:\/\/api.w.org\/{rel}","templated":true}]}}