{"id":3908,"date":"2025-05-08T15:38:19","date_gmt":"2025-05-08T12:38:19","guid":{"rendered":"https:\/\/wristbandfactory.eu\/?post_type=product&#038;p=3908"},"modified":"2026-04-01T21:52:36","modified_gmt":"2026-04-01T18:52:36","slug":"phone-wrist-straps-with-bamboo-holder","status":"publish","type":"product","link":"https:\/\/displayproducts.eu\/da\/p\/phone-wrist-straps-with-bamboo-holder\/","title":{"rendered":"Telefonh\u00e5ndledsremme med bambusholder"},"content":{"rendered":"<p>Giv en funktionel og milj\u00f8venlig firmagave med vores h\u00e5ndledsrem i bomuld til telefonen. Denne praktiske genstand er ideel til at holde smartphones sikre og tilg\u00e6ngelige under travle konferencer, messer eller firmaarrangementer, s\u00e5 du kan bev\u00e6ge dig h\u00e5ndfrit.<\/p>\n<p>Remmen er lavet af bl\u00f8dt og slidst\u00e6rkt bomuld, mens telefonholderen er fremstillet af b\u00e6redygtig bambus. Denne bambusdel tilbyder en elegant og fremtr\u00e6dende overflade til branding og er perfekt egnet til pr\u00e6cis lasergravering af dit firmalogo.<\/p>\n<p>S\u00e6ttet indeholder et monteringsv\u00e6rkt\u00f8j, der diskret passer mellem telefonen og dens cover for sikker fastg\u00f8relse. Hver rem er individuelt pakket i en genbrugspapirpose, hvilket understreger din organisations engagement i b\u00e6redygtighed, hvilket g\u00f8r den til et ideelt udleveringssted for milj\u00f8bevidste brands.<\/p>\n<p><b>N\u00f8glefunktioner:<\/b><\/p>\n<ul>\n<li><b>Praktisk h\u00e5ndfri l\u00f8sning:<\/b> Holder smartphones sikre og tilg\u00e6ngelige ved firmaarrangementer.<\/li>\n<li><b>Milj\u00f8venlige materialer:<\/b> Lavet af bl\u00f8d bomuld og en b\u00e6redygtig bambusholder.<\/li>\n<li><b>Premium brandingoverflade:<\/b> Bambusholderen er ideel til brugerdefineret lasergravering eller tampontryk.<\/li>\n<li><b>Justerbart design:<\/b> Passer komfortabelt til alle h\u00e5ndledsst\u00f8rrelser for universel brug.<\/li>\n<li><b>B\u00e6redygtig emballage:<\/b> Individuelt pakket i en pose af genbrugspapir, der forst\u00e6rker dit milj\u00f8venlige budskab.<\/li>\n<li><b>Alsidig udskrivning:<\/b> Tilpas med lasergravering, tampontryk eller transfertryk.<\/li>\n<\/ul>","protected":false},"excerpt":{"rendered":"<ul>\n<li>Milj\u00f8venlig firmagave lavet af bl\u00f8d bomuld og b\u00e6redygtig bambus.<\/li>\n<li>Giver h\u00e5ndfri telefonadgang, ideel til konferencer og aktive arrangementer.<\/li>\n<li>Bambusholderen er perfekt til brugerdefineret lasergravering af dit logo.<\/li>\n<li>Individuelt pakket i en pose med genbrugspapir for nem distribution.<\/li>\n<\/ul>","protected":false},"featured_media":6657,"comment_status":"closed","ping_status":"closed","template":"","meta":[],"product_brand":[],"product_cat":[128],"product_tag":[],"class_list":{"0":"post-3908","1":"product","2":"type-product","3":"status-publish","4":"has-post-thumbnail","6":"product_cat-mobile-tech-accessories","8":"first","9":"instock","10":"shipping-taxable","11":"purchasable","12":"product-type-simple"},"_links":{"self":[{"href":"https:\/\/displayproducts.eu\/da\/wp-json\/wp\/v2\/product\/3908","targetHints":{"allow":["GET"]}}],"collection":[{"href":"https:\/\/displayproducts.eu\/da\/wp-json\/wp\/v2\/product"}],"about":[{"href":"https:\/\/displayproducts.eu\/da\/wp-json\/wp\/v2\/types\/product"}],"replies":[{"embeddable":true,"href":"https:\/\/displayproducts.eu\/da\/wp-json\/wp\/v2\/comments?post=3908"}],"wp:featuredmedia":[{"embeddable":true,"href":"https:\/\/displayproducts.eu\/da\/wp-json\/wp\/v2\/media\/6657"}],"wp:attachment":[{"href":"https:\/\/displayproducts.eu\/da\/wp-json\/wp\/v2\/media?parent=3908"}],"wp:term":[{"taxonomy":"product_brand","embeddable":true,"href":"https:\/\/displayproducts.eu\/da\/wp-json\/wp\/v2\/product_brand?post=3908"},{"taxonomy":"product_cat","embeddable":true,"href":"https:\/\/displayproducts.eu\/da\/wp-json\/wp\/v2\/product_cat?post=3908"},{"taxonomy":"product_tag","embeddable":true,"href":"https:\/\/displayproducts.eu\/da\/wp-json\/wp\/v2\/product_tag?post=3908"}],"curies":[{"name":"wp","href":"https:\/\/api.w.org\/{rel}","templated":true}]}}