{"id":3867,"date":"2025-05-07T17:40:16","date_gmt":"2025-05-07T14:40:16","guid":{"rendered":"https:\/\/wristbandfactory.eu\/?post_type=product&#038;p=3867"},"modified":"2026-04-01T21:52:04","modified_gmt":"2026-04-01T18:52:04","slug":"tie-on-ribbon-wristbands","status":"publish","type":"product","link":"https:\/\/displayproducts.eu\/da\/p\/tie-on-ribbon-wristbands\/","title":{"rendered":"Armb\u00e5nd med bindeb\u00e5nd"},"content":{"rendered":"<p>St\u00f8t din sag eller styrk din markedsf\u00f8ring med vores enkle og effektive Tie-On Ribbon-armb\u00e5nd. Disse b\u00e5nd er et klassisk valg til oplysningskampagner, velg\u00f8renhedsindsamlinger og arrangementer for virksomhedsansvar, da de tilbyder et meget synligt brandingv\u00e6rkt\u00f8j til en omkostningseffektiv pris.<\/p>\n<p>Disse armb\u00e5nd er lavet af et bl\u00f8dt polyesterb\u00e5nd med en glat satinfinish og er designet til at blive bundet p\u00e5 af brugeren, hvilket giver en komfortabel one-size-fits-all-l\u00f8sning. Den enkle sn\u00f8relukning g\u00f8r dem perfekte til massedistribution p\u00e5 messer, konferencer eller offentlige oplysningskampagner.<\/p>\n<p>Den glatte overflade er ideel til specialtryk, da det giver mulighed for at vise dit logo, kampagneslogan eller budskab tydeligt. De fungerer som et st\u00e6rkt og synligt symbol p\u00e5 st\u00f8tte til virksomhedsinitiativer eller nonprofitorganisationer.<\/p>\n<p><b>N\u00f8glefunktioner:<\/b><\/p>\n<ul>\n<li><b>Selvbindende lukning:<\/b> Simpelt, justerbart fastg\u00f8relsesdesign for nem distribution og universel pasform.<\/li>\n<li><b>Bl\u00f8dt b\u00e5ndmateriale:<\/b> Komfortabelt polyesterb\u00e5nd med satinfinish, velegnet til kortvarig brug.<\/li>\n<li><b>Ideel til bevidsthed:<\/b> Det klassiske valg til velg\u00f8renheds-, nonprofit- og virksomhedsbevidsthedskampagner.<\/li>\n<li><b>Tilpasset overflade:<\/b> Perfekt til at tilf\u00f8je et serigrafisk logo eller en reklamebesked.<\/li>\n<li><b>Omkostningseffektiv branding:<\/b> En fremragende l\u00f8sning til bulkbestillinger og distribution af store reklameartikler.<\/li>\n<\/ul>","protected":false},"excerpt":{"rendered":"<article class=\"text-token-text-primary w-full\" dir=\"auto\" data-testid=\"conversation-turn-2\" data-scroll-anchor=\"true\">\n<div class=\"text-base my-auto mx-auto py-5 [--thread-content-margin:--spacing(4)] @[37rem]:[--thread-content-margin:--spacing(6)] @[72rem]:[--thread-content-margin:--spacing(16)] px-(--thread-content-margin)\">\n<div class=\"[--thread-content-max-width:32rem] @[34rem]:[--thread-content-max-width:40rem] @[64rem]:[--thread-content-max-width:48rem] mx-auto flex max-w-(--thread-content-max-width) flex-1 text-base gap-4 md:gap-5 lg:gap-6 group\/turn-messages focus-visible:outline-hidden\" tabindex=\"-1\">\n<div class=\"group\/conversation-turn relative flex w-full min-w-0 flex-col agent-turn\">\n<div class=\"relative flex-col gap-1 md:gap-3\">\n<div class=\"flex max-w-full flex-col grow\">\n<div class=\"min-h-8 text-message relative flex w-full flex-col items-end gap-2 text-start break-words whitespace-normal [.text-message+&amp;]:mt-5\" dir=\"auto\" data-message-author-role=\"assistant\" data-message-id=\"d5fd0877-4229-4aba-9632-b344fd91f147\" data-message-model-slug=\"gpt-4o\">\n<div class=\"flex w-full flex-col gap-1 empty:hidden first:pt-[3px]\">\n<div class=\"markdown prose dark:prose-invert w-full break-words light\">\n<ul>\n<li>Uden tryk, selvbindende lukning for nem massefordeling.<\/li>\n<li>Bl\u00f8dt polyesterb\u00e5ndmateriale med satinfinish.<\/li>\n<li>Fremragende til oplysningskampagner, nonprofitorganisationer og giveaways til events.<\/li>\n<li>Tilpas med din organisations logo eller budskab.<\/li>\n<\/ul>\n<\/div>\n<\/div>\n<\/div>\n<\/div>\n<\/div>\n<\/div>\n<\/div>\n<\/div>\n<\/article>","protected":false},"featured_media":6255,"comment_status":"closed","ping_status":"closed","template":"","meta":[],"product_brand":[],"product_cat":[66,96],"product_tag":[],"class_list":{"0":"post-3867","1":"product","2":"type-product","3":"status-publish","4":"has-post-thumbnail","6":"product_cat-wristbands","7":"product_cat-ribbons","9":"first","10":"instock","11":"shipping-taxable","12":"purchasable","13":"product-type-simple"},"_links":{"self":[{"href":"https:\/\/displayproducts.eu\/da\/wp-json\/wp\/v2\/product\/3867","targetHints":{"allow":["GET"]}}],"collection":[{"href":"https:\/\/displayproducts.eu\/da\/wp-json\/wp\/v2\/product"}],"about":[{"href":"https:\/\/displayproducts.eu\/da\/wp-json\/wp\/v2\/types\/product"}],"replies":[{"embeddable":true,"href":"https:\/\/displayproducts.eu\/da\/wp-json\/wp\/v2\/comments?post=3867"}],"wp:featuredmedia":[{"embeddable":true,"href":"https:\/\/displayproducts.eu\/da\/wp-json\/wp\/v2\/media\/6255"}],"wp:attachment":[{"href":"https:\/\/displayproducts.eu\/da\/wp-json\/wp\/v2\/media?parent=3867"}],"wp:term":[{"taxonomy":"product_brand","embeddable":true,"href":"https:\/\/displayproducts.eu\/da\/wp-json\/wp\/v2\/product_brand?post=3867"},{"taxonomy":"product_cat","embeddable":true,"href":"https:\/\/displayproducts.eu\/da\/wp-json\/wp\/v2\/product_cat?post=3867"},{"taxonomy":"product_tag","embeddable":true,"href":"https:\/\/displayproducts.eu\/da\/wp-json\/wp\/v2\/product_tag?post=3867"}],"curies":[{"name":"wp","href":"https:\/\/api.w.org\/{rel}","templated":true}]}}