{"id":3823,"date":"2025-05-06T18:09:47","date_gmt":"2025-05-06T15:09:47","guid":{"rendered":"https:\/\/wristbandfactory.eu\/?post_type=product&#038;p=3823"},"modified":"2026-04-01T21:52:36","modified_gmt":"2026-04-01T18:52:36","slug":"tyvek-safety-wristbands-for-children","status":"publish","type":"product","link":"https:\/\/displayproducts.eu\/da\/p\/tyvek-safety-wristbands-for-children\/","title":{"rendered":"Tyvek sikkerhedsarmb\u00e5nd til b\u00f8rn"},"content":{"rendered":"<p>Organisering af arrangementer med b\u00f8rn kr\u00e6ver et ekstra lag af sikkerhed. Vores Tyvek-sikkerhedsarmb\u00e5nd til b\u00f8rn er en uden tryk, effektiv og meget synlig l\u00f8sning, der holder unge deltagere sikre, synlig og let identificerbare, hvilket giver personale og for\u00e6ldre v\u00e6rdifuld ro i sindet.<\/p>\n<p>Disse armb\u00e5nd er specielt fremstillet til at passe komfortabelt og sikkert p\u00e5 mindre h\u00e5ndled. De er lavet af \u00e6gte DuPont\u2122 Tyvek\u00ae og er utroligt lette, men alligevel st\u00e6rke nok til at klare energiske aktiviteter uden at g\u00e5 i stykker. Det vandt\u00e6tte materiale g\u00f8r dem perfekte til enhver begivenhed, lige fra skoleture til sommerlejre og vandlande.<\/p>\n<p>Hvert armb\u00e5nd har en sikker engangslukning med selvkl\u00e6bende b\u00e5nd, der forhindrer, at det overf\u00f8res, hvilket er afg\u00f8rende for at opretholde n\u00f8jagtige opt\u00e6llinger og p\u00e5lidelig adgangskontrol. Det dedikerede printomr\u00e5de p\u00e5 60 x 20 mm giver dig mulighed for at tilf\u00f8je vigtige oplysninger, s\u00e5som et gruppenavn, et n\u00f8dkontaktnummer eller allergiadvarsler, hvilket forvandler et simpelt identifikationsv\u00e6rkt\u00f8j til en afg\u00f8rende sikkerhedsanordning.<\/p>\n<p><b>N\u00f8glefunktioner:<\/b><\/p>\n<ul>\n<li><b>\u00c6gte Tyvek\u00ae-materiale:<\/b> Holdbar, let, vandt\u00e6t og slidst\u00e6rk til at modst\u00e5 aktiv brug hele dagen.<\/li>\n<li><b>B\u00f8rnespecifik st\u00f8rrelse:<\/b> Udviklet til en sikker og behagelig pasform p\u00e5 mindre h\u00e5ndled.<\/li>\n<li><b>Sikker lukning:<\/b> Sikkerhedssikret kl\u00e6belukning med sikkerhedsl\u00e5s forhindrer overf\u00f8rsel mellem b\u00f8rn.<\/li>\n<li><b>Brugerdefineret sikkerhedstryk:<\/b> Et omr\u00e5de p\u00e5 60 x 20 mm til at tilf\u00f8je vigtige oplysninger som kontaktnumre eller allergiadvarsler.<\/li>\n<li><b>Farver med h\u00f8j synlighed:<\/b> F\u00e5s i klar bl\u00e5, r\u00f8d og gul for nem visuel gruppeidentifikation.<\/li>\n<li><b>Nem distribution:<\/b> Leveres i ark med 10 stk. for effektiv h\u00e5ndtering og udskrivning.<\/li>\n<\/ul>","protected":false},"excerpt":{"rendered":"<ul>\n<li>Specielt dimensioneret til en sikker og komfortabel pasform p\u00e5 b\u00f8rns h\u00e5ndled.<\/li>\n<li>Holdbart, vandt\u00e6t og slidst\u00e6rkt Tyvek\u00ae-materiale til leg hele dagen.<\/li>\n<li>Sikker, manipulationssikker kl\u00e6belukning med en sikkerhedsl\u00e5s.<\/li>\n<li>Tilpas med n\u00f8dkontaktnumre eller allergioplysninger (60x20 mm trykomr\u00e5de).<\/li>\n<\/ul>","protected":false},"featured_media":6124,"comment_status":"closed","ping_status":"closed","template":"","meta":[],"product_brand":[],"product_cat":[66,41,68],"product_tag":[],"class_list":{"0":"post-3823","1":"product","2":"type-product","3":"status-publish","4":"has-post-thumbnail","6":"product_cat-wristbands","7":"product_cat-tyvek","8":"product_cat-event-supplies","10":"first","11":"instock","12":"shipping-taxable","13":"purchasable","14":"product-type-simple"},"_links":{"self":[{"href":"https:\/\/displayproducts.eu\/da\/wp-json\/wp\/v2\/product\/3823","targetHints":{"allow":["GET"]}}],"collection":[{"href":"https:\/\/displayproducts.eu\/da\/wp-json\/wp\/v2\/product"}],"about":[{"href":"https:\/\/displayproducts.eu\/da\/wp-json\/wp\/v2\/types\/product"}],"replies":[{"embeddable":true,"href":"https:\/\/displayproducts.eu\/da\/wp-json\/wp\/v2\/comments?post=3823"}],"wp:featuredmedia":[{"embeddable":true,"href":"https:\/\/displayproducts.eu\/da\/wp-json\/wp\/v2\/media\/6124"}],"wp:attachment":[{"href":"https:\/\/displayproducts.eu\/da\/wp-json\/wp\/v2\/media?parent=3823"}],"wp:term":[{"taxonomy":"product_brand","embeddable":true,"href":"https:\/\/displayproducts.eu\/da\/wp-json\/wp\/v2\/product_brand?post=3823"},{"taxonomy":"product_cat","embeddable":true,"href":"https:\/\/displayproducts.eu\/da\/wp-json\/wp\/v2\/product_cat?post=3823"},{"taxonomy":"product_tag","embeddable":true,"href":"https:\/\/displayproducts.eu\/da\/wp-json\/wp\/v2\/product_tag?post=3823"}],"curies":[{"name":"wp","href":"https:\/\/api.w.org\/{rel}","templated":true}]}}