{"id":3583,"date":"2025-03-24T15:51:08","date_gmt":"2025-03-24T12:51:08","guid":{"rendered":"https:\/\/wristbandfactory.eu\/?post_type=product&#038;p=3583"},"modified":"2026-04-01T21:52:36","modified_gmt":"2026-04-01T18:52:36","slug":"rpet-lanyards-with-wheat-straw-breakaway","status":"publish","type":"product","link":"https:\/\/displayproducts.eu\/da\/p\/rpet-lanyards-with-wheat-straw-breakaway\/","title":{"rendered":"rPET keyhangers med hvedestr\u00e5-l\u00e5s (Sublimering)"},"content":{"rendered":"<p data-path-to-node=\"11\">G\u00f8r din organisations engagement i b\u00e6redygtighed synlig ned til mindste detalje med vores <b>rPET-snore med hvedehalm-afbryder<\/b>. Dette er ikke bare en n\u00f8glesnor; det er et komplet milj\u00f8venligt identifikationss\u00e6t designet til virksomheder, der \u00f8nsker at eliminere jomfruelig plastik helt fra deres arrangementer.<\/p>\n<p data-path-to-node=\"12\">Lanyardremmen er lavet af <b>100% genbrugt PET (rPET)<\/b>, hvilket giver nyt liv til genbrugte plastikflasker. I mods\u00e6tning til standardmuligheder l\u00f8ser denne model problemet med &quot;skjult plastik&quot;: den valgfri sikkerhedsafbryderklips er lavet af <b>holdbart hvedehalm<\/b>, et bionedbrydeligt plantebaseret biprodukt. Dette naturlige kompositmateriale er lige s\u00e5 st\u00e6rkt som plastik, men reducerer milj\u00f8p\u00e5virkningen betydeligt.<\/p>\n<p data-path-to-node=\"13\">For at fuldende s\u00e6ttet inkluderer vi en letv\u00e6gts <b>genanvendeligt papir ID-holder<\/b>, hvilket sikrer, at selv badge-coveret stemmer overens med dine gr\u00f8nne v\u00e6rdier. Det glatte rPET-stof er perfekt til <b>fuldfarvet farvesublimering<\/b>, s\u00e5 du kan fremvise din visuelle identitet i skarpe, fotorealistiske detaljer p\u00e5 begge sider af remmen. Dette er det ideelle valg til &quot;gr\u00f8nne konferencer&quot; p\u00e5 h\u00f8jt niveau, hvor hver eneste detalje t\u00e6ller.<\/p>\n<p data-path-to-node=\"14\"><b>N\u00f8glefunktioner:<\/b><\/p>\n<ul data-path-to-node=\"15\">\n<li>\n<p data-path-to-node=\"15,0,0\"><b>Materiale for snor:<\/b> 100% rPET (genbrugt fra PET-flasker fra brugte forbrugsvarer).<\/p>\n<\/li>\n<li>\n<p data-path-to-node=\"15,1,0\"><b>Innovation:<\/b> Sikkerhedsafbryder lavet af bionedbrydeligt <b>Hvedehalm<\/b>.<\/p>\n<\/li>\n<li>\n<p data-path-to-node=\"15,2,0\"><b>Trykning:<\/b> Fuldfarvet, dobbeltsidet farvesublimering til kompleks grafik.<\/p>\n<\/li>\n<li>\n<p data-path-to-node=\"15,3,0\"><b>Komplet s\u00e6t:<\/b> Inkluderer en standard ID-holder af genbrugspapir.<\/p>\n<\/li>\n<li>\n<p data-path-to-node=\"15,4,0\"><b>Milj\u00f8bevidst:<\/b> Kombinerer genbrugsaffald og fornyelige plantematerialer.<\/p>\n<\/li>\n<li>\n<p data-path-to-node=\"15,5,0\"><b>Sikkerhed:<\/b> Hvedestr\u00e5klemmen udl\u00f8ses under sp\u00e6nding for at forhindre skader.<\/p>\n<\/li>\n<\/ul>","protected":false},"excerpt":{"rendered":"<ul data-path-to-node=\"9\">\n<li>\n<p data-path-to-node=\"9,0,0\"><b>Plastreduceret hardware:<\/b> Har en unik sikkerhedsafbryderklemme lavet af bionedbrydeligt materiale <b>hvedehalm<\/b> i stedet for uden tryk plastik.<\/p>\n<\/li>\n<li>\n<p data-path-to-node=\"9,1,0\"><b>Komplet \u00f8ko-s\u00e6t:<\/b> Inkluderer en 100% genbrugt PET-snor og en genanvendelig <b>papir-ID-indehaver<\/b> for en fuldt b\u00e6redygtig l\u00f8sning.<\/p>\n<\/li>\n<li>\n<p data-path-to-node=\"9,2,0\"><b>Branding i fuld farve:<\/b> High-definition dye-sublimation-print giver mulighed for livlige designs fra kant til kant p\u00e5 begge sider.<\/p>\n<\/li>\n<li>\n<p data-path-to-node=\"9,3,0\"><b>Cirkul\u00e6r \u00f8konomi:<\/b> Giver nyt liv til plastaffald (1 snor \u2248 1 plastikflaske) ved hj\u00e6lp af vedvarende plantematerialer.<\/p>\n<\/li>\n<\/ul>","protected":false},"featured_media":6632,"comment_status":"closed","ping_status":"closed","template":"","meta":[],"product_brand":[],"product_cat":[104,106,107,68],"product_tag":[],"class_list":{"0":"post-3583","1":"product","2":"type-product","3":"status-publish","4":"has-post-thumbnail","6":"product_cat-custom-printed-lanyards","7":"product_cat-breakaway-lanyards","8":"product_cat-eco-friendly-lanyards","9":"product_cat-event-supplies","11":"first","12":"instock","13":"shipping-taxable","14":"purchasable","15":"product-type-simple"},"_links":{"self":[{"href":"https:\/\/displayproducts.eu\/da\/wp-json\/wp\/v2\/product\/3583","targetHints":{"allow":["GET"]}}],"collection":[{"href":"https:\/\/displayproducts.eu\/da\/wp-json\/wp\/v2\/product"}],"about":[{"href":"https:\/\/displayproducts.eu\/da\/wp-json\/wp\/v2\/types\/product"}],"replies":[{"embeddable":true,"href":"https:\/\/displayproducts.eu\/da\/wp-json\/wp\/v2\/comments?post=3583"}],"wp:featuredmedia":[{"embeddable":true,"href":"https:\/\/displayproducts.eu\/da\/wp-json\/wp\/v2\/media\/6632"}],"wp:attachment":[{"href":"https:\/\/displayproducts.eu\/da\/wp-json\/wp\/v2\/media?parent=3583"}],"wp:term":[{"taxonomy":"product_brand","embeddable":true,"href":"https:\/\/displayproducts.eu\/da\/wp-json\/wp\/v2\/product_brand?post=3583"},{"taxonomy":"product_cat","embeddable":true,"href":"https:\/\/displayproducts.eu\/da\/wp-json\/wp\/v2\/product_cat?post=3583"},{"taxonomy":"product_tag","embeddable":true,"href":"https:\/\/displayproducts.eu\/da\/wp-json\/wp\/v2\/product_tag?post=3583"}],"curies":[{"name":"wp","href":"https:\/\/api.w.org\/{rel}","templated":true}]}}