{"id":3045,"date":"2025-02-05T15:13:29","date_gmt":"2025-02-05T12:13:29","guid":{"rendered":"https:\/\/wristbandfactory.eu\/toode\/silicone-printed-keychain\/"},"modified":"2026-04-01T21:52:04","modified_gmt":"2026-04-01T18:52:04","slug":"silicone-print-nylon-keychains","status":"publish","type":"product","link":"https:\/\/displayproducts.eu\/da\/p\/silicone-print-nylon-keychains\/","title":{"rendered":"Nylon n\u00f8gleringe med silikonetry"},"content":{"rendered":"<p data-path-to-node=\"12\">Opgrader dine reklameartikler med vores <b data-path-to-node=\"12\" data-index-in-node=\"71\">Med eget tryk silikonetryk nylonn\u00f8gleringer<\/b>. Disse er ikke bare standard lanyards \/ N\u00f8glesnore; de er tilbeh\u00f8r med h\u00f8j holdbarhed designet til langvarig brug. Den i\u00f8jnefaldende funktion er <b data-path-to-node=\"12\" data-index-in-node=\"240\">h\u00e6vet silikonetrykteknologi<\/b>, som afs\u00e6tter et tykt, fleksibelt lag silikone p\u00e5 nylonremmen. Dette skaber en levende, taktil 3D-effekt, der er umulig at ignorere, og som er yderst modstandsdygtig over for falmning, revner eller afskalning.<\/p>\n<h2 data-path-to-node=\"13\">N\u00f8glefunktioner<\/h2>\n<ul data-path-to-node=\"14\">\n<li>\n<p data-path-to-node=\"14,0,0\"><b data-path-to-node=\"14,0,0\" data-index-in-node=\"0\">Premium silikonetryk:<\/b> I mods\u00e6tning til mat bl\u00e6k tilf\u00f8jer vores silikonetryk tekstur og dimension til dit logo, hvilket giver det et eksklusivt udseende og en eksklusiv f\u00f8lelse.<\/p>\n<\/li>\n<li>\n<p data-path-to-node=\"14,1,1\"><span data-path-to-node=\"14,1,1,0\"><b data-path-to-node=\"14,1,1,0\" data-index-in-node=\"0\"><span class=\"citation-9\">Robust nylonkonstruktion:<\/span><\/b><span class=\"citation-9\"> Lavet af h\u00f8jstyrke nylonv\u00e6vning<\/span><\/span><span data-path-to-node=\"14,1,1,2\">, Denne rem er bygget til at modst\u00e5 daglig brug, hvilket g\u00f8r den ideel til udend\u00f8rsm\u00e6rker, bilfirmaer og aktive hold.<\/span><\/p>\n<\/li>\n<li>\n<p data-path-to-node=\"14,2,0\"><b data-path-to-node=\"14,2,0\" data-index-in-node=\"0\">Dobbelt fastg\u00f8relsessystem:<\/b> Maksimal alsidighed sikres med en robust <b data-path-to-node=\"14,2,0\" data-index-in-node=\"69\">karabinhage<\/b> til b\u00e6ltestropper eller tasker, plus en klassisk <b data-path-to-node=\"14,2,0\" data-index-in-node=\"118\">delt ring<\/b> til n\u00f8gler.<\/p>\n<\/li>\n<li>\n<p data-path-to-node=\"14,3,0\"><b data-path-to-node=\"14,3,0\" data-index-in-node=\"0\">Pantone-pr\u00e6cision:<\/b> Vi tilbyder fuld farvematchning til nylonremmen for at sikre, at den passer perfekt til din virksomheds identitet.<\/p>\n<\/li>\n<\/ul>\n<h2 data-path-to-node=\"15\">Specifikationer<\/h2>\n<ul data-path-to-node=\"16\">\n<li>\n<p data-path-to-node=\"16,0,0\"><b data-path-to-node=\"16,0,0\" data-index-in-node=\"0\">Materiale:<\/b> Kraftig nylonrem.<\/p>\n<\/li>\n<li>\n<p data-path-to-node=\"16,1,0\"><b data-path-to-node=\"16,1,0\" data-index-in-node=\"0\">Trykteknik:<\/b> H\u00e6vet silikonetryk (3D-effekt).<\/p>\n<\/li>\n<li>\n<p data-path-to-node=\"16,2,0\"><b data-path-to-node=\"16,2,0\" data-index-in-node=\"0\">Dimensioner:<\/b> Standard 25 x 150 mm (specialtilpassede st\u00f8rrelser tilg\u00e6ngelige).<\/p>\n<\/li>\n<li>\n<p data-path-to-node=\"16,3,0\"><b data-path-to-node=\"16,3,0\" data-index-in-node=\"0\">Beslag:<\/b> Metalkarabinhage + Splitring.<\/p>\n<\/li>\n<li>\n<p data-path-to-node=\"16,4,0\"><b data-path-to-node=\"16,4,0\" data-index-in-node=\"0\">MOQ:<\/b> 100 enheder.<\/p>\n<\/li>\n<li>\n<p data-path-to-node=\"16,5,0\"><b data-path-to-node=\"16,5,0\" data-index-in-node=\"0\">Produktionstid:<\/b> Cirka 18-20 dage.<\/p>\n<\/li>\n<\/ul>\n<h2 data-path-to-node=\"17\">Brugsscenarier<\/h2>\n<ul data-path-to-node=\"18\">\n<li>\n<p data-path-to-node=\"18,0,0\"><b data-path-to-node=\"18,0,0\" data-index-in-node=\"0\">Bilforhandlere:<\/b> En v\u00e6rdifuld gave til nye biln\u00f8gler, som kunderne vil bruge dagligt.<\/p>\n<\/li>\n<li>\n<p data-path-to-node=\"18,1,0\"><b data-path-to-node=\"18,1,0\" data-index-in-node=\"0\">Outdoor &amp; Adventure M\u00e6rker:<\/b> Den robuste nylon og karabinhagen passer perfekt til et aktivt livsstilsbillede.<\/p>\n<\/li>\n<li>\n<p data-path-to-node=\"18,2,0\"><b data-path-to-node=\"18,2,0\" data-index-in-node=\"0\">Firmagaver:<\/b> Et taktilt, f\u00f8rsteklasses alternativ til standard polyestern\u00f8gleringe til velkomstpakker til medarbejdere.<\/p>\n<\/li>\n<li>\n<p data-path-to-node=\"18,3,0\"><b data-path-to-node=\"18,3,0\" data-index-in-node=\"0\">Ejendomsm\u00e6glere:<\/b> En holdbar og mindev\u00e6rdig n\u00f8glering til overdragelser af nyt hjem.<\/p>\n<\/li>\n<\/ul>","protected":false},"excerpt":{"rendered":"<ul>\n<li>\n<p data-path-to-node=\"11,0,0\"><b data-path-to-node=\"11,0,0\" data-index-in-node=\"0\">3D Taktil Branding:<\/b> H\u00e6vet silikonetryk skaber en f\u00f8rsteklasses og holdbar logoeffekt.<\/p>\n<\/li>\n<li>\n<p data-path-to-node=\"11,1,0\"><b data-path-to-node=\"11,1,0\" data-index-in-node=\"0\">Kraftigt materiale:<\/b> Lavet af st\u00e6rk, slidst\u00e6rk nylonv\u00e6vning.<\/p>\n<\/li>\n<li>\n<p data-path-to-node=\"11,2,0\"><b data-path-to-node=\"11,2,0\" data-index-in-node=\"0\">Alsidig fastg\u00f8relse:<\/b> Leveres med b\u00e5de karabinhage og standard splitring.<\/p>\n<\/li>\n<li>\n<p data-path-to-node=\"11,3,0\"><b data-path-to-node=\"11,3,0\" data-index-in-node=\"0\">Fuldt tilpasset:<\/b> Pantone-farvematchning tilg\u00e6ngelig for remmen og trykket.<\/p>\n<\/li>\n<\/ul>","protected":false},"featured_media":6655,"comment_status":"closed","ping_status":"closed","template":"","meta":[],"product_brand":[],"product_cat":[94],"product_tag":[],"class_list":{"0":"post-3045","1":"product","2":"type-product","3":"status-publish","4":"has-post-thumbnail","6":"product_cat-keychains","8":"first","9":"instock","10":"shipping-taxable","11":"purchasable","12":"product-type-simple"},"_links":{"self":[{"href":"https:\/\/displayproducts.eu\/da\/wp-json\/wp\/v2\/product\/3045","targetHints":{"allow":["GET"]}}],"collection":[{"href":"https:\/\/displayproducts.eu\/da\/wp-json\/wp\/v2\/product"}],"about":[{"href":"https:\/\/displayproducts.eu\/da\/wp-json\/wp\/v2\/types\/product"}],"replies":[{"embeddable":true,"href":"https:\/\/displayproducts.eu\/da\/wp-json\/wp\/v2\/comments?post=3045"}],"wp:featuredmedia":[{"embeddable":true,"href":"https:\/\/displayproducts.eu\/da\/wp-json\/wp\/v2\/media\/6655"}],"wp:attachment":[{"href":"https:\/\/displayproducts.eu\/da\/wp-json\/wp\/v2\/media?parent=3045"}],"wp:term":[{"taxonomy":"product_brand","embeddable":true,"href":"https:\/\/displayproducts.eu\/da\/wp-json\/wp\/v2\/product_brand?post=3045"},{"taxonomy":"product_cat","embeddable":true,"href":"https:\/\/displayproducts.eu\/da\/wp-json\/wp\/v2\/product_cat?post=3045"},{"taxonomy":"product_tag","embeddable":true,"href":"https:\/\/displayproducts.eu\/da\/wp-json\/wp\/v2\/product_tag?post=3045"}],"curies":[{"name":"wp","href":"https:\/\/api.w.org\/{rel}","templated":true}]}}