{"id":2765,"date":"2025-01-07T16:34:40","date_gmt":"2025-01-07T13:34:40","guid":{"rendered":"https:\/\/wristbandfactory.eu\/toode\/nylon-deep-woven-lanyard\/"},"modified":"2026-04-01T21:52:36","modified_gmt":"2026-04-01T18:52:36","slug":"nylon-deep-woven-lanyard","status":"publish","type":"product","link":"https:\/\/displayproducts.eu\/da\/p\/nylon-deep-woven-lanyard\/","title":{"rendered":"Dybv\u00e6vede nylonsnore med brugerdefineret logo"},"content":{"rendered":"<p data-path-to-node=\"8\">L\u00f8ft dit brands professionelle image med vores dybv\u00e6vede nylon-snore. I mods\u00e6tning til standardtryk har disse snore et ensfarvet logo, der er v\u00e6vet direkte ind i nylonb\u00e5ndet. Denne &quot;dybv\u00e6vningsteknik&quot; skaber en subtil konkav effekt, der giver produktet et sofistikeret, tekstureret look, der formidler kvalitet og sans for detaljer.<\/p>\n<h2 data-path-to-node=\"9\">N\u00f8glefunktioner<\/h2>\n<ul data-path-to-node=\"10\">\n<li>\n<p data-path-to-node=\"10,0,0\"><b data-path-to-node=\"10,0,0\" data-index-in-node=\"0\">Premium materiale:<\/b> Fremstillet af 100% t\u00e6t nylon, der giver en glattere og mere skinnende finish end standard polyester.<\/p>\n<\/li>\n<li>\n<p data-path-to-node=\"10,1,0\"><b data-path-to-node=\"10,1,0\" data-index-in-node=\"0\">Integration af v\u00e6vet logo:<\/b> Logoet er en del af stoffet, hvilket betyder, at det aldrig vil falme, skalle af eller revne, selv efter l\u00e6ngere tids brug.<\/p>\n<\/li>\n<li>\n<p data-path-to-node=\"10,2,0\"><b data-path-to-node=\"10,2,0\" data-index-in-node=\"0\">Konkav \u00e6stetik:<\/b> Det fors\u00e6nkede logo giver en professionel, tredimensionel fornemmelse uden den skr\u00f8belighed, der f\u00f8lger med traditionel pr\u00e6gning.<\/p>\n<\/li>\n<li>\n<p data-path-to-node=\"10,3,0\"><b data-path-to-node=\"10,3,0\" data-index-in-node=\"0\">Hardwarekompatibilitet:<\/b> Suppleret med en robust sort karabinhage (ATT5\/H) eller andre specialtilbeh\u00f8r som sikkerhedsl\u00e5sr og sp\u00e6nder.<\/p>\n<\/li>\n<li>\n<p data-path-to-node=\"10,4,0\"><b data-path-to-node=\"10,4,0\" data-index-in-node=\"0\">Dobbeltsidet branding:<\/b> Mulighed for matchende v\u00e6vede designs p\u00e5 begge sider for et sammenh\u00e6ngende look.<\/p>\n<\/li>\n<\/ul>\n<h2 data-path-to-node=\"11\">Specifikationer<\/h2>\n<ul data-path-to-node=\"12\">\n<li>\n<p data-path-to-node=\"12,0,0\"><b data-path-to-node=\"12,0,0\" data-index-in-node=\"0\">Materiale:<\/b> 100% slidst\u00e6rkt nylon af h\u00f8j kvalitet.<\/p>\n<\/li>\n<li>\n<p data-path-to-node=\"12,1,0\"><b data-path-to-node=\"12,1,0\" data-index-in-node=\"0\">Bredde:<\/b> 25 mm eller 30 mm (optimal til komplekse logoer).<\/p>\n<\/li>\n<li>\n<p data-path-to-node=\"12,2,0\"><b data-path-to-node=\"12,2,0\" data-index-in-node=\"0\">L\u00e6ngde:<\/b> Normal (900 mm) eller kort (200 mm).<\/p>\n<\/li>\n<li>\n<p data-path-to-node=\"12,3,0\"><b data-path-to-node=\"12,3,0\" data-index-in-node=\"0\">Logodesign:<\/b> Ensfarvet v\u00e6vet (fors\u00e6nket\/konkav effekt).<\/p>\n<\/li>\n<li>\n<p data-path-to-node=\"12,4,0\"><b data-path-to-node=\"12,4,0\" data-index-in-node=\"0\">Basisfarve:<\/b> Standard sort (med eget tryk Pantone-nuancer tilg\u00e6ngelige efter anmodning).<\/p>\n<\/li>\n<li>\n<p data-path-to-node=\"12,5,0\"><b data-path-to-node=\"12,5,0\" data-index-in-node=\"0\">Minimum ordrem\u00e6ngde:<\/b> 100 stykker.<\/p>\n<\/li>\n<\/ul>","protected":false},"excerpt":{"rendered":"<p data-path-to-node=\"6\">Styrk din virksomhedsidentitet med vores f\u00f8rsteklasses nylon dybv\u00e6vede lanyards \/ N\u00f8glesnore. Disse lanyards \/ N\u00f8glesnore tilbyder en unik, taktil finish, hvor dit logo er integreret direkte i stoffet for maksimal levetid.<\/p>\n<ul data-path-to-node=\"7\">\n<li>\n<p data-path-to-node=\"7,0,0\"><b data-path-to-node=\"7,0,0\" data-index-in-node=\"0\">Overlegen holdbarhed:<\/b> 100% nylon af h\u00f8j kvalitet, bygget til h\u00e5rd daglig brug.<\/p>\n<\/li>\n<li>\n<p data-path-to-node=\"7,1,0\"><b data-path-to-node=\"7,1,0\" data-index-in-node=\"0\">Eksklusiv branding:<\/b> Det indbyggede, v\u00e6vede logo skaber et eksklusivt, pr\u00e6get udseende.<\/p>\n<\/li>\n<li>\n<p data-path-to-node=\"7,2,0\"><b data-path-to-node=\"7,2,0\" data-index-in-node=\"0\">Alsidige muligheder:<\/b> F\u00e5s i standard- og korte l\u00e6ngder til forskellige B2B-applikationer.<\/p>\n<\/li>\n<li>\n<p data-path-to-node=\"7,3,0\"><b data-path-to-node=\"7,3,0\" data-index-in-node=\"0\">Fuld tilpasning:<\/b> V\u00e6lg mellem flere bredder og brugerdefineret Pantone-farvematchning.<\/p>\n<\/li>\n<\/ul>","protected":false},"featured_media":2748,"comment_status":"closed","ping_status":"closed","template":"","meta":[],"product_brand":[],"product_cat":[43,108],"product_tag":[],"class_list":{"0":"post-2765","1":"product","2":"type-product","3":"status-publish","4":"has-post-thumbnail","6":"product_cat-lanyards","7":"product_cat-multifunctional-lanyards","9":"first","10":"instock","11":"shipping-taxable","12":"purchasable","13":"product-type-simple"},"_links":{"self":[{"href":"https:\/\/displayproducts.eu\/da\/wp-json\/wp\/v2\/product\/2765","targetHints":{"allow":["GET"]}}],"collection":[{"href":"https:\/\/displayproducts.eu\/da\/wp-json\/wp\/v2\/product"}],"about":[{"href":"https:\/\/displayproducts.eu\/da\/wp-json\/wp\/v2\/types\/product"}],"replies":[{"embeddable":true,"href":"https:\/\/displayproducts.eu\/da\/wp-json\/wp\/v2\/comments?post=2765"}],"wp:featuredmedia":[{"embeddable":true,"href":"https:\/\/displayproducts.eu\/da\/wp-json\/wp\/v2\/media\/2748"}],"wp:attachment":[{"href":"https:\/\/displayproducts.eu\/da\/wp-json\/wp\/v2\/media?parent=2765"}],"wp:term":[{"taxonomy":"product_brand","embeddable":true,"href":"https:\/\/displayproducts.eu\/da\/wp-json\/wp\/v2\/product_brand?post=2765"},{"taxonomy":"product_cat","embeddable":true,"href":"https:\/\/displayproducts.eu\/da\/wp-json\/wp\/v2\/product_cat?post=2765"},{"taxonomy":"product_tag","embeddable":true,"href":"https:\/\/displayproducts.eu\/da\/wp-json\/wp\/v2\/product_tag?post=2765"}],"curies":[{"name":"wp","href":"https:\/\/api.w.org\/{rel}","templated":true}]}}