{"id":1382,"date":"2024-07-17T13:03:02","date_gmt":"2024-07-17T10:03:02","guid":{"rendered":"https:\/\/wristbandfactory.eu\/toode\/lanyard-made-of-1-5-cm-rpet-with-cup-holder-sublimation-print\/"},"modified":"2026-04-01T21:52:36","modified_gmt":"2026-04-01T18:52:36","slug":"printed-lanyards-with-cup-holder","status":"publish","type":"product","link":"https:\/\/displayproducts.eu\/da\/p\/printed-lanyards-with-cup-holder\/","title":{"rendered":"Trykte n\u00f8glesnore med kopholder"},"content":{"rendered":"<div class=\"flex flex-grow flex-col max-w-full\">\n<div class=\"min-h-[20px] text-message flex flex-col items-start whitespace-pre-wrap break-words [.text-message+&amp;]:mt-5 juice:w-full juice:items-end overflow-x-auto gap-2\" dir=\"auto\" data-message-author-role=\"assistant\" data-message-id=\"29d0cc2f-9703-4b46-a2f3-f0401257c60f\">\n<div class=\"flex w-full flex-col gap-1 juice:empty:hidden juice:first:pt-[3px]\">\n<div class=\"markdown prose w-full break-words dark:prose-invert light\">\n<p>G\u00f8r deltageroplevelsen bedre p\u00e5 din n\u00e6ste festival, konference eller udend\u00f8rsarrangement. Vores trykte n\u00f8glesnore med kopholdere tilbyder en yderst praktisk l\u00f8sning, der giver dine g\u00e6ster, personale eller VIP&#039;er mulighed for at have h\u00e6nderne fri, samtidig med at dit brand er tydeligt synligt.<\/p>\n<p>Denne funktionelle n\u00f8glesnor er fremstillet af st\u00e6rk, v\u00e6vet RPET-polyester, der demonstrerer dit brands engagement i b\u00e6redygtige valg. Prisen inkluderer et levende sublimeringstryk i fuld farve p\u00e5 begge sider, perfekt til komplekse logoer, detaljerede designs og ubegr\u00e6nsede farver. Den fleksible, universelle silikonekopholder (6 cm i diameter) holder sikkert fast i de fleste standard eventkopper (bem\u00e6rk: kop er ikke inkluderet). Denne n\u00f8glesnor er det ideelle tilbeh\u00f8r til ethvert arrangement, hvor der serveres drikkevarer, og sikrer, at dit brand forbliver i centrum.<\/p>\n<p><b>N\u00f8glefunktioner:<\/b><\/p>\n<ul>\n<li><b>Materiale:<\/b> 1,5 cm st\u00e6rk v\u00e6vet RPET (genbrugspolyester)<\/li>\n<li><b>Holder:<\/b> Universal silikone (\u00d8 6 cm)<\/li>\n<li><b>Trykning:<\/b> Sublimeringstryk i fuld farve (begge sider inkluderet)<\/li>\n<li><b>Fordel:<\/b> Holder h\u00e6nderne frie; perfekt til programmer med genbrugelige kopper<\/li>\n<li><b>Ideel til:<\/b> Festivaler, koncerter, messer og firmaarrangementer<\/li>\n<li><b>Oprindelse:<\/b> Lavet i Europa<\/li>\n<\/ul>\n<p>&nbsp;<\/p>\n<\/div>\n<\/div>\n<\/div>\n<\/div>","protected":false},"excerpt":{"rendered":"<ul>\n<li>Giver h\u00e5ndfri bekvemmelighed p\u00e5 festivaler og udend\u00f8rsarrangementer.<\/li>\n<li>Fuldfarvet, dobbeltsidet sublimeringstryk for maksimal synlighed af dit brand.<\/li>\n<li>Lavet af slidst\u00e6rkt, milj\u00f8venligt RPET (genbrugsmateriale).<\/li>\n<li>Universal silikoneholder (\u00d8 6 cm) passer til de fleste genanvendelige kopper.<\/li>\n<\/ul>","protected":false},"featured_media":6564,"comment_status":"closed","ping_status":"closed","template":"","meta":[],"product_brand":[],"product_cat":[43,108,68,119],"product_tag":[],"class_list":{"0":"post-1382","1":"product","2":"type-product","3":"status-publish","4":"has-post-thumbnail","6":"product_cat-lanyards","7":"product_cat-multifunctional-lanyards","8":"product_cat-event-supplies","9":"product_cat-drinkware-accessories","11":"first","12":"instock","13":"shipping-taxable","14":"purchasable","15":"product-type-simple"},"_links":{"self":[{"href":"https:\/\/displayproducts.eu\/da\/wp-json\/wp\/v2\/product\/1382","targetHints":{"allow":["GET"]}}],"collection":[{"href":"https:\/\/displayproducts.eu\/da\/wp-json\/wp\/v2\/product"}],"about":[{"href":"https:\/\/displayproducts.eu\/da\/wp-json\/wp\/v2\/types\/product"}],"replies":[{"embeddable":true,"href":"https:\/\/displayproducts.eu\/da\/wp-json\/wp\/v2\/comments?post=1382"}],"wp:featuredmedia":[{"embeddable":true,"href":"https:\/\/displayproducts.eu\/da\/wp-json\/wp\/v2\/media\/6564"}],"wp:attachment":[{"href":"https:\/\/displayproducts.eu\/da\/wp-json\/wp\/v2\/media?parent=1382"}],"wp:term":[{"taxonomy":"product_brand","embeddable":true,"href":"https:\/\/displayproducts.eu\/da\/wp-json\/wp\/v2\/product_brand?post=1382"},{"taxonomy":"product_cat","embeddable":true,"href":"https:\/\/displayproducts.eu\/da\/wp-json\/wp\/v2\/product_cat?post=1382"},{"taxonomy":"product_tag","embeddable":true,"href":"https:\/\/displayproducts.eu\/da\/wp-json\/wp\/v2\/product_tag?post=1382"}],"curies":[{"name":"wp","href":"https:\/\/api.w.org\/{rel}","templated":true}]}}