{"id":1318,"date":"2024-07-15T16:02:04","date_gmt":"2024-07-15T13:02:04","guid":{"rendered":"https:\/\/wristbandfactory.eu\/toode\/reflective-wristbands-with-your-logo-or-text\/"},"modified":"2026-04-01T21:52:36","modified_gmt":"2026-04-01T18:52:36","slug":"custom-reflective-wristbands","status":"publish","type":"product","link":"https:\/\/displayproducts.eu\/da\/p\/custom-reflective-wristbands\/","title":{"rendered":"Med eget tryk reflekterende armb\u00e5nd"},"content":{"rendered":"<div id=\"row-1593974699\" class=\"row\">\n<div id=\"col-995438329\" class=\"col large-12\">\n<div class=\"col-inner\">\n<div id=\"row-791971907\" class=\"row\">\n<div id=\"col-16588895\" class=\"col medium-6 small-12 large-6\">\n<div class=\"col-inner\">\n<p>Det reflekterende armb\u00e5nd er netop en trafiksikkerhedsgadget, men samtidig er det en fantastisk ting, der tilf\u00f8jer farve til enhver lejlighed og helt sikkert kan fange opm\u00e6rksomheden. Printet p\u00e5 det vil ikke g\u00e5 ubem\u00e6rket hen!<\/p>\n<\/div>\n<\/div>\n<\/div>\n<\/div>\n<\/div>\n<\/div>\n<div id=\"row-409931730\" class=\"row row-collapse row-full-width\">\n<div id=\"col-2034900180\" class=\"col medium-6 small-12 large-6\">\n<div class=\"col-inner\">\n<div id=\"banner-1604496982\" class=\"banner has-hover\">\n<div class=\"banner-inner fill\">\n<div class=\"banner-bg fill\">\n<div id=\"col-1323287833\" class=\"col medium-6 small-12 large-6\">\n<div class=\"col-inner\">\n<div id=\"banner-2078467548\" class=\"banner has-hover\">\n<div class=\"banner-inner fill\">\n<div class=\"banner-layers container\">\n<div id=\"text-box-1244032241\" class=\"text-box banner-layer x50 md-x50 lg-x50 y50 md-y50 lg-y50 res-text\">\n<div class=\"text-box-content text\">\n<div class=\"text-inner text-left\">\n<p>Armb\u00e5nd fungerer fantastisk d\u00f8gnet rundt, is\u00e6r om natten, n\u00e5r man kan se deres reflekterende egenskaber. S\u00e5ledes vil logoet p\u00e5 remmene v\u00e6re tydeligt synligt b\u00e5de om dagen og efter m\u00f8rkets frembrud!<\/p>\n<\/div>\n<\/div>\n<\/div>\n<\/div>\n<\/div>\n<\/div>\n<\/div>\n<\/div>\n<div id=\"col-127032908\" class=\"col medium-6 small-12 large-6 small-col-first\">\n<div class=\"col-inner\">\n<div id=\"banner-57269498\" class=\"banner has-hover\">\n<div class=\"banner-inner fill\">\n<div class=\"banner-bg fill\">\n<div id=\"row-949958656\" class=\"row row-collapse row-full-width\">\n<div id=\"col-29993759\" class=\"col medium-6 small-12 large-6\">\n<div class=\"col-inner\">\n<div id=\"banner-473447867\" class=\"banner has-hover\">\n<div class=\"banner-inner fill\">\n<div class=\"banner-layers container\">\n<div id=\"text-box-1373704033\" class=\"text-box banner-layer x50 md-x50 lg-x50 y50 md-y50 lg-y50 res-text\">\n<div class=\"text-box-content text\">\n<div class=\"text-inner text-center\">\n<p>Reflekterende armb\u00e5nd er et uundv\u00e6rligt stykke bekl\u00e6dning i d\u00e5rligt vejr og om aftenen \u2013 takket v\u00e6re dem vil trafikanterne v\u00e6re bedre synlige og derfor mere sikre.<\/p>\n<\/div>\n<\/div>\n<\/div>\n<\/div>\n<\/div>\n<\/div>\n<\/div>\n<\/div>\n<\/div>\n<div id=\"row-402527630\" class=\"row row-collapse row-full-width\">\n<div id=\"col-2059071681\" class=\"col medium-6 small-12 large-6\">\n<div class=\"col-inner\">\n<div id=\"banner-1670317913\" class=\"banner has-hover\">\n<div class=\"banner-inner fill\">\n<div class=\"banner-bg fill\">\n<div id=\"col-2059071681\" class=\"col medium-6 small-12 large-6\">\n<div class=\"col-inner\">\n<div id=\"banner-1670317913\" class=\"banner has-hover\">\n<div class=\"banner-inner fill\">\n<div class=\"banner-layers container\">\n<div id=\"text-box-659831637\" class=\"text-box banner-layer x50 md-x50 lg-x50 y50 md-y50 lg-y50 res-text\">\n<div class=\"text-box-content text\">\n<div class=\"text-inner text-left\">\n<p>Takket v\u00e6re kliklukningen er remmene meget nemme at tage p\u00e5 \u2013 du kan have dem p\u00e5 dit h\u00e5ndled, ankel, ben eller arm. De kan bruges af fodg\u00e6ngere, motorcyklister og cyklister.<\/p>\n<\/div>\n<\/div>\n<\/div>\n<\/div>\n<\/div>\n<\/div>\n<\/div>\n<\/div>\n<div id=\"col-1243778745\" class=\"col medium-6 small-12 large-6 small-col-first\">\n<div class=\"col-inner\">\n<div id=\"banner-1632419446\" class=\"banner has-hover\">\n<div class=\"banner-inner fill\">\n<div class=\"banner-bg fill\">\n<p>Vi tilbyder armb\u00e5nd i 3 st\u00f8rrelser \u2014 30, 34 og 40 cm, hvorp\u00e5 vi trykker din tekst eller grafik. Hvis du ikke har et projekt, klarer vi det for dig! Det nederste lag af b\u00e5ndet kan v\u00e6re lavet af PVC eller fl\u00f8jl i enhver farve. Vi leverer reflekterende b\u00e5nd billigt og hurtigt med en produktionstid p\u00e5 fra 2 hverdage. Minimumsbestilling er fra 100 stk.<\/p>\n<p><strong>Tekniske data:<\/strong><\/p>\n<ul>\n<li>B\u00e5ndst\u00f8rrelser: 30 x 3 cm, 34 x 3 cm, 40 x 3 cm<\/li>\n<li>Materiale: PVC \/ Plastik \/ Metal<\/li>\n<li>M\u00e6rkningsteknologi: Tampontryk<\/li>\n<li>St\u00f8rrelsen p\u00e5 printelementerne: 55 x 18 mm<\/li>\n<li>Farve p\u00e5 trykelementerne: en hvilken som helst af Pantone-farvepaletten<\/li>\n<\/ul>\n<\/div>\n<\/div>\n<\/div>\n<\/div>\n<\/div>\n<\/div>\n<\/div>\n<\/div>\n<\/div>\n<\/div>\n<\/div>\n<\/div>\n<\/div>\n<\/div>\n<\/div>\n<\/div>\n<\/div>\n<\/div>\n<\/div>\n<\/div>\n<\/div>\n<\/div>","protected":false},"excerpt":{"rendered":"<div>\n<p class=\"text-gray-500\">Det reflekterende armb\u00e5nd er netop en trafiksikkerhedsgadget, men samtidig er det en fantastisk ting, der tilf\u00f8jer farve til enhver lejlighed og helt sikkert kan fange opm\u00e6rksomheden. Printet p\u00e5 det vil ikke g\u00e5 ubem\u00e6rket hen!<\/p>\n<\/div>","protected":false},"featured_media":465,"comment_status":"closed","ping_status":"closed","template":"","meta":[],"product_brand":[],"product_cat":[45],"product_tag":[],"class_list":{"0":"post-1318","1":"product","2":"type-product","3":"status-publish","4":"has-post-thumbnail","6":"product_cat-other","8":"first","9":"instock","10":"shipping-taxable","11":"purchasable","12":"product-type-simple"},"_links":{"self":[{"href":"https:\/\/displayproducts.eu\/da\/wp-json\/wp\/v2\/product\/1318","targetHints":{"allow":["GET"]}}],"collection":[{"href":"https:\/\/displayproducts.eu\/da\/wp-json\/wp\/v2\/product"}],"about":[{"href":"https:\/\/displayproducts.eu\/da\/wp-json\/wp\/v2\/types\/product"}],"replies":[{"embeddable":true,"href":"https:\/\/displayproducts.eu\/da\/wp-json\/wp\/v2\/comments?post=1318"}],"wp:featuredmedia":[{"embeddable":true,"href":"https:\/\/displayproducts.eu\/da\/wp-json\/wp\/v2\/media\/465"}],"wp:attachment":[{"href":"https:\/\/displayproducts.eu\/da\/wp-json\/wp\/v2\/media?parent=1318"}],"wp:term":[{"taxonomy":"product_brand","embeddable":true,"href":"https:\/\/displayproducts.eu\/da\/wp-json\/wp\/v2\/product_brand?post=1318"},{"taxonomy":"product_cat","embeddable":true,"href":"https:\/\/displayproducts.eu\/da\/wp-json\/wp\/v2\/product_cat?post=1318"},{"taxonomy":"product_tag","embeddable":true,"href":"https:\/\/displayproducts.eu\/da\/wp-json\/wp\/v2\/product_tag?post=1318"}],"curies":[{"name":"wp","href":"https:\/\/api.w.org\/{rel}","templated":true}]}}