{"id":1314,"date":"2024-07-15T20:47:33","date_gmt":"2024-07-15T17:47:33","guid":{"rendered":"https:\/\/wristbandfactory.eu\/toode\/sublimation-printed-ribbons\/"},"modified":"2026-04-01T21:52:36","modified_gmt":"2026-04-01T18:52:36","slug":"sublimation-printed-ribbons","status":"publish","type":"product","link":"https:\/\/displayproducts.eu\/da\/p\/sublimation-printed-ribbons\/","title":{"rendered":"Gaveb\u00e5nd med tryk"},"content":{"rendered":"<p data-path-to-node=\"8\">L\u00f8ft din brands unboxing-oplevelse med vores med eget tryk sublimeringstrykte b\u00e5nd. I mods\u00e6tning til traditionelle metoder farver sublimeringsteknologien stoffets fibre direkte, hvilket giver levende resultater i fuld farve, der matcher din brandpalet med absolut pr\u00e6cision. Denne model er ideel til produktlanceringer, gavekurve til julegaver og VIP-arrangementer. Den glatte satin falder smukt omkring \u00e6sker og poser og signalerer opm\u00e6rksomhed p\u00e5 detaljer og premium kvalitet.<\/p>\n<h2 data-path-to-node=\"9\">N\u00f8glefunktioner<\/h2>\n<ul data-path-to-node=\"10\">\n<li>\n<p data-path-to-node=\"10,0,0\"><b data-path-to-node=\"10,0,0\" data-index-in-node=\"0\">CMYK fuldfarvegengivelse:<\/b> Gengiv komplekse logoer med skygger og gradienter i perfekt klarhed.<\/p>\n<\/li>\n<li>\n<p data-path-to-node=\"10,1,0\"><b data-path-to-node=\"10,1,0\" data-index-in-node=\"0\">Permanent bl\u00f8dt tryk:<\/b> B\u00e5ndet forbliver bl\u00f8dt at r\u00f8re ved, og brandingen forbliver permanent og bl\u00f8dningsbestandig.<\/p>\n<\/li>\n<li>\n<p data-path-to-node=\"10,2,0\"><b data-path-to-node=\"10,2,0\" data-index-in-node=\"0\">B\u00e6redygtig kvalitet:<\/b> Polyestersatinens holdbarhed opfordrer til genbrug og \u00f8ger brandets synlighed.<\/p>\n<\/li>\n<li>\n<p data-path-to-node=\"10,3,0\"><b data-path-to-node=\"10,3,0\" data-index-in-node=\"0\">Brugerdefineret kant-til-kant-design:<\/b> Brug hele bredden inklusive baggrundsfarver, der flyder problemfrit.<\/p>\n<\/li>\n<\/ul>\n<h2 data-path-to-node=\"11\">Specifikationer<\/h2>\n<ul data-path-to-node=\"12\">\n<li>\n<p data-path-to-node=\"12,0,0\"><b data-path-to-node=\"12,0,0\" data-index-in-node=\"0\">Materiale:<\/b> Polyestersatin af h\u00f8j kvalitet (optimeret til farvesublimering).<\/p>\n<\/li>\n<li>\n<p data-path-to-node=\"12,1,0\"><b data-path-to-node=\"12,1,0\" data-index-in-node=\"0\">Trykteknik:<\/b> Fuldfarvet CMYK-sublimering.<\/p>\n<\/li>\n<li>\n<p data-path-to-node=\"12,2,0\"><b data-path-to-node=\"12,2,0\" data-index-in-node=\"0\">Tilg\u00e6ngelige bredder:<\/b> 15 mm, 20 mm, 25 mm.<\/p>\n<\/li>\n<li>\n<p data-path-to-node=\"12,3,0\"><b data-path-to-node=\"12,3,0\" data-index-in-node=\"0\">Minimum ordrem\u00e6ngde (MOQ):<\/b> 100 meter.<\/p>\n<\/li>\n<li>\n<p data-path-to-node=\"12,4,0\"><b data-path-to-node=\"12,4,0\" data-index-in-node=\"0\">Format:<\/b> Leveres p\u00e5 professionelle ruller for nem industriel dispensering.<\/p>\n<\/li>\n<\/ul>\n<h2 data-path-to-node=\"13\">Brugsscenarier<\/h2>\n<ul data-path-to-node=\"14\">\n<li>\n<p data-path-to-node=\"14,0,0\"><b data-path-to-node=\"14,0,0\" data-index-in-node=\"0\">Luksus detailemballage:<\/b> M\u00e6rkede segl til indk\u00f8bsposer, smykkeskrin og eksklusivt t\u00f8j.<\/p>\n<\/li>\n<li>\n<p data-path-to-node=\"14,1,0\"><b data-path-to-node=\"14,1,0\" data-index-in-node=\"0\">Firmagaver:<\/b> Indpakning af gaver til afslutningen af \u00e5ret og kundegaver med skr\u00e6ddersyet virksomhedsidentitet.<\/p>\n<\/li>\n<li>\n<p data-path-to-node=\"14,2,0\"><b data-path-to-node=\"14,2,0\" data-index-in-node=\"0\">Dekoration til arrangementer og bryllupper:<\/b> Skab med eget tryk b\u00e6lter eller logodetaljer til eksklusive sammenkomster.<\/p>\n<\/li>\n<li>\n<p data-path-to-node=\"14,3,0\"><b data-path-to-node=\"14,3,0\" data-index-in-node=\"0\">H\u00e5ndv\u00e6rksm\u00e6ssig mad og drikke:<\/b> Perfekt til indpakning af konfekture\u00e6sker eller gourmetvinflasker til detailhandel.<\/p>\n<\/li>\n<\/ul>","protected":false},"excerpt":{"rendered":"<p data-path-to-node=\"6\">Forvandl dit brands pr\u00e6sentation med vores med eget tryk sublimeringstrykte b\u00e5nd, der er udviklet til marketingchefer og indk\u00f8bsteams, der kr\u00e6ver en professionel finish af h\u00f8j kvalitet.<\/p>\n<ul data-path-to-node=\"7\">\n<li>\n<p data-path-to-node=\"7,0,0\"><b data-path-to-node=\"7,0,0\" data-index-in-node=\"0\">Fuldfarvet CMYK-gengivelse:<\/b> Perfekt klarhed til komplekse logoer og gradienter uden ekstra ops\u00e6tningsomkostninger.<\/p>\n<\/li>\n<li>\n<p data-path-to-node=\"7,1,0\"><b data-path-to-node=\"7,1,0\" data-index-in-node=\"0\">Permanent bl\u00f8dt tryk:<\/b> Designet er varmesmeltet ind i materialet for en holdbar og eksklusiv fornemmelse.<\/p>\n<\/li>\n<li>\n<p data-path-to-node=\"7,2,0\"><b data-path-to-node=\"7,2,0\" data-index-in-node=\"0\">B2B-skalerbarhed:<\/b> F\u00e5s i professionelle ruller med en lav MOQ p\u00e5 100 meter.<\/p>\n<\/li>\n<li>\n<p data-path-to-node=\"7,3,0\"><b data-path-to-node=\"7,3,0\" data-index-in-node=\"0\">Kant-til-kant-tilpasning:<\/b> Udnyt hele bredden til problemfri brandintegration.<\/p>\n<\/li>\n<\/ul>\n<p data-path-to-node=\"8\">","protected":false},"featured_media":6268,"comment_status":"closed","ping_status":"closed","template":"","meta":[],"product_brand":[],"product_cat":[96],"product_tag":[],"class_list":{"0":"post-1314","1":"product","2":"type-product","3":"status-publish","4":"has-post-thumbnail","6":"product_cat-ribbons","8":"first","9":"instock","10":"shipping-taxable","11":"purchasable","12":"product-type-simple"},"_links":{"self":[{"href":"https:\/\/displayproducts.eu\/da\/wp-json\/wp\/v2\/product\/1314","targetHints":{"allow":["GET"]}}],"collection":[{"href":"https:\/\/displayproducts.eu\/da\/wp-json\/wp\/v2\/product"}],"about":[{"href":"https:\/\/displayproducts.eu\/da\/wp-json\/wp\/v2\/types\/product"}],"replies":[{"embeddable":true,"href":"https:\/\/displayproducts.eu\/da\/wp-json\/wp\/v2\/comments?post=1314"}],"wp:featuredmedia":[{"embeddable":true,"href":"https:\/\/displayproducts.eu\/da\/wp-json\/wp\/v2\/media\/6268"}],"wp:attachment":[{"href":"https:\/\/displayproducts.eu\/da\/wp-json\/wp\/v2\/media?parent=1314"}],"wp:term":[{"taxonomy":"product_brand","embeddable":true,"href":"https:\/\/displayproducts.eu\/da\/wp-json\/wp\/v2\/product_brand?post=1314"},{"taxonomy":"product_cat","embeddable":true,"href":"https:\/\/displayproducts.eu\/da\/wp-json\/wp\/v2\/product_cat?post=1314"},{"taxonomy":"product_tag","embeddable":true,"href":"https:\/\/displayproducts.eu\/da\/wp-json\/wp\/v2\/product_tag?post=1314"}],"curies":[{"name":"wp","href":"https:\/\/api.w.org\/{rel}","templated":true}]}}