{"id":1307,"date":"2024-10-27T11:53:50","date_gmt":"2024-10-27T08:53:50","guid":{"rendered":"https:\/\/wristbandfactory.eu\/toode\/glow-in-the-dark-silicone-wristbands\/"},"modified":"2026-04-01T21:52:36","modified_gmt":"2026-04-01T18:52:36","slug":"glow-in-the-dark-silicone-wristbands","status":"publish","type":"product","link":"https:\/\/displayproducts.eu\/da\/p\/glow-in-the-dark-silicone-wristbands\/","title":{"rendered":"Silikonearmb\u00e5nd, der lyser i m\u00f8rket"},"content":{"rendered":"<div class=\"mx-12 md:mx-24 lg:mx-48\">\n<div class=\"container my-8 svelte-zlsknf\">\n<div class=\"my-24 rounded-lg border-0 border-gray-700 bg-gray-100 px-16 py-24\">\n<div class=\"mt-11 !text-gray-500\">\n<p>S\u00f8rg for, at dit brand skiller sig ud l\u00e6nge efter solnedgang med vores selvlysende silikonearmb\u00e5nd. Disse b\u00e5nd er et godt valg for eventarrang\u00f8rer, festivalpromotorer og eventmanagere, der har brug for h\u00f8j synlighed i omgivelser med svagt lys. De fungerer som et effektivt brandingv\u00e6rkt\u00f8j og adgangspas til natklubber, koncerter og aftenfester.<\/p>\n<p>Gl\u00f8deeffekten tilf\u00f8jes silikonen og oplades ved lysp\u00e5virkning. For at opn\u00e5 de bedste resultater anbefaler vi kraftigt at v\u00e6lge lyse basisfarver (f.eks. hvid, gr\u00f8n, pink), da gl\u00f8deeffekten er mindre effektiv p\u00e5 m\u00f8rkere silikone.<\/p>\n<p>Denne effekt kan kombineres med andre tilpasningsmetoder, herunder trykte, pr\u00e6gede og pr\u00e6gede designs, s\u00e5 du kan skabe et unikt og funktionelt armb\u00e5nd til dit arrangement. Med hurtig produktion og levering kan vi overholde dine stramme deadlines.<\/p>\n<p><b>N\u00f8glefunktioner:<\/b><\/p>\n<ul>\n<li><b>H\u00f8j synlighedsgl\u00f8d:<\/b> Oplades i lyset og giver en klar gl\u00f8d, perfekt til natklubber og aftenarrangementer.<\/li>\n<li><b>Holdbar 100% silikone:<\/b> Vandt\u00e6t, robust og komfortabel til brug i flere timer.<\/li>\n<li><b>Bred tilpasning:<\/b> Kan kombineres med trykte, pr\u00e6gede eller relieffremstillede brandingmetoder.<\/li>\n<li><b>Hurtig ekspeditionstid:<\/b> Hurtig produktion og levering for at overholde stramme deadlines for events.<\/li>\n<li><b>Pro-tip:<\/b> Fungerer bedst p\u00e5 silikonebaser i klare farver for den st\u00e6rkeste effekt.<\/li>\n<\/ul>\n<\/div>\n<\/div>\n<\/div>\n<\/div>","protected":false},"excerpt":{"rendered":"<ul>\n<li>H\u00f8jsynlig gl\u00f8deffekt sikrer, at dit brand er synligt om natten.<\/li>\n<li>Ideel til festivaler, natklubber og firmaarrangementer om aftenen.<\/li>\n<li>Hurtig produktion og levering til hurtig eventplanl\u00e6gning.<\/li>\n<li>Bedste resultater opn\u00e5s p\u00e5 silikonebaser i klare farver.<\/li>\n<\/ul>","protected":false},"featured_media":6131,"comment_status":"closed","ping_status":"closed","template":"","meta":[],"product_brand":[],"product_cat":[66,49],"product_tag":[],"class_list":{"0":"post-1307","1":"product","2":"type-product","3":"status-publish","4":"has-post-thumbnail","6":"product_cat-wristbands","7":"product_cat-silicone","9":"first","10":"instock","11":"shipping-taxable","12":"purchasable","13":"product-type-simple"},"_links":{"self":[{"href":"https:\/\/displayproducts.eu\/da\/wp-json\/wp\/v2\/product\/1307","targetHints":{"allow":["GET"]}}],"collection":[{"href":"https:\/\/displayproducts.eu\/da\/wp-json\/wp\/v2\/product"}],"about":[{"href":"https:\/\/displayproducts.eu\/da\/wp-json\/wp\/v2\/types\/product"}],"replies":[{"embeddable":true,"href":"https:\/\/displayproducts.eu\/da\/wp-json\/wp\/v2\/comments?post=1307"}],"wp:featuredmedia":[{"embeddable":true,"href":"https:\/\/displayproducts.eu\/da\/wp-json\/wp\/v2\/media\/6131"}],"wp:attachment":[{"href":"https:\/\/displayproducts.eu\/da\/wp-json\/wp\/v2\/media?parent=1307"}],"wp:term":[{"taxonomy":"product_brand","embeddable":true,"href":"https:\/\/displayproducts.eu\/da\/wp-json\/wp\/v2\/product_brand?post=1307"},{"taxonomy":"product_cat","embeddable":true,"href":"https:\/\/displayproducts.eu\/da\/wp-json\/wp\/v2\/product_cat?post=1307"},{"taxonomy":"product_tag","embeddable":true,"href":"https:\/\/displayproducts.eu\/da\/wp-json\/wp\/v2\/product_tag?post=1307"}],"curies":[{"name":"wp","href":"https:\/\/api.w.org\/{rel}","templated":true}]}}