{"id":1304,"date":"2024-10-27T11:53:50","date_gmt":"2024-10-27T08:53:50","guid":{"rendered":"https:\/\/wristbandfactory.eu\/toode\/silicone-wristbands\/"},"modified":"2026-04-01T21:52:04","modified_gmt":"2026-04-01T18:52:04","slug":"wide-printed-silicone-wristbands-25mm","status":"publish","type":"product","link":"https:\/\/displayproducts.eu\/da\/p\/wide-printed-silicone-wristbands-25mm\/","title":{"rendered":"Brede silikonearmb\u00e5nd med tryk (25 mm)"},"content":{"rendered":"<p>Disse 25 mm brede armb\u00e5nd er designet til maksimal synlighed og er det bedste valg for event- og festivalarrang\u00f8rer, der har brug for, at deres branding skiller sig ud fra m\u00e6ngden. Den store overflade er perfekt til komplekse logoer, detaljeret tekst og i\u00f8jnefaldende designs. Disse armb\u00e5nd er fremstillet af slidst\u00e6rkt 100% silikone og er behagelige til brug i flere dage, vandt\u00e6tte og bygget til at holde som en h\u00e5ndgribelig p\u00e5mindelse om dit event eller din kampagne.<\/p>\n<p>Vi tilbyder komplet tilpasning, der passer perfekt til din brandidentitet. Vores silikone er Pantone-matchet, hvilket garanterer pr\u00e6cis farvegengivelse af dine brandretningslinjer. Du kan v\u00e6lge mellem en bred vifte af tilpasningsstile for at opn\u00e5 dit \u00f8nskede look, fra klassisk serigrafi til sofistikerede pr\u00e6gede eller pr\u00e6gede effekter, med muligheder for farveudfyldning, der virkelig f\u00e5r dit design til at poppe.<\/p>\n<p><b>N\u00f8glefunktioner:<\/b><\/p>\n<ul>\n<li><b>Ekstra bred overflade:<\/b> 25 mm bredde for maksimal design- og logosynlighed.<\/li>\n<li><b>Materiale:<\/b> 100% h\u00f8jkvalitets, holdbar silikone.<\/li>\n<li><b>Tilpasningsmuligheder:<\/b> F\u00e5s med tryk, pr\u00e6get, pr\u00e6get med farveudfyldning, pr\u00e6get og pr\u00e6get tryk.<\/li>\n<li><b>Pantone\u00ae-matchning:<\/b> Pr\u00e6cis farvematchning til dine m\u00e6rkespecifikationer.<\/li>\n<li><b>Minimumsbestilling:<\/b> Starter ved kun 100 stk.<\/li>\n<li><b>Emballage:<\/b> Hvert armb\u00e5nd er pakket individuelt i en beskyttende polypose.<\/li>\n<li><b>V\u00e6rditilv\u00e6kst:<\/b> Gratis designhj\u00e6lp til at perfektionere dit kunstv\u00e6rk.<\/li>\n<\/ul>","protected":false},"excerpt":{"rendered":"<p>N\u00e5r standard reklameartikler ikke er nok, s\u00e5 g\u00f8r et st\u00f8rre indtryk med vores brede, med eget tryk silikonearmb\u00e5nd. Disse 25 mm armb\u00e5nd har dobbelt s\u00e5 meget overfladeareal som standardb\u00e5nd og giver et flot l\u00e6rred til at fremvise dit brand, hvilket sikrer, at dit logo eller budskab er umuligt at overse og huskes l\u00e6nge efter dit arrangement.<\/p>","protected":false},"featured_media":5976,"comment_status":"closed","ping_status":"closed","template":"","meta":[],"product_brand":[],"product_cat":[66,49],"product_tag":[],"class_list":{"0":"post-1304","1":"product","2":"type-product","3":"status-publish","4":"has-post-thumbnail","6":"product_cat-wristbands","7":"product_cat-silicone","9":"first","10":"instock","11":"shipping-taxable","12":"purchasable","13":"product-type-simple"},"_links":{"self":[{"href":"https:\/\/displayproducts.eu\/da\/wp-json\/wp\/v2\/product\/1304","targetHints":{"allow":["GET"]}}],"collection":[{"href":"https:\/\/displayproducts.eu\/da\/wp-json\/wp\/v2\/product"}],"about":[{"href":"https:\/\/displayproducts.eu\/da\/wp-json\/wp\/v2\/types\/product"}],"replies":[{"embeddable":true,"href":"https:\/\/displayproducts.eu\/da\/wp-json\/wp\/v2\/comments?post=1304"}],"wp:featuredmedia":[{"embeddable":true,"href":"https:\/\/displayproducts.eu\/da\/wp-json\/wp\/v2\/media\/5976"}],"wp:attachment":[{"href":"https:\/\/displayproducts.eu\/da\/wp-json\/wp\/v2\/media?parent=1304"}],"wp:term":[{"taxonomy":"product_brand","embeddable":true,"href":"https:\/\/displayproducts.eu\/da\/wp-json\/wp\/v2\/product_brand?post=1304"},{"taxonomy":"product_cat","embeddable":true,"href":"https:\/\/displayproducts.eu\/da\/wp-json\/wp\/v2\/product_cat?post=1304"},{"taxonomy":"product_tag","embeddable":true,"href":"https:\/\/displayproducts.eu\/da\/wp-json\/wp\/v2\/product_tag?post=1304"}],"curies":[{"name":"wp","href":"https:\/\/api.w.org\/{rel}","templated":true}]}}