{"id":1303,"date":"2024-07-15T21:28:59","date_gmt":"2024-07-15T18:28:59","guid":{"rendered":"https:\/\/wristbandfactory.eu\/toode\/vivid-wrist-silicone-keyholders-2\/"},"modified":"2026-04-01T21:52:04","modified_gmt":"2026-04-01T18:52:04","slug":"silicone-bangle-keyholders","status":"publish","type":"product","link":"https:\/\/displayproducts.eu\/da\/p\/silicone-bangle-keyholders\/","title":{"rendered":"Silikone armb\u00e5ndsn\u00f8glering"},"content":{"rendered":"<p>Kombiner praktisk anvendelighed med branding med h\u00f8j synlighed ved hj\u00e6lp af vores silikone armb\u00e5ndsn\u00f8gler. Dette produkt er et effektivt salgsfremmende v\u00e6rkt\u00f8j til firmaarrangementer, ejendomsm\u00e6glere eller som en funktionel giveaway til personale og kunder.<\/p>\n<p>Den store armring med en diameter p\u00e5 8,6 cm er designet til at kunne b\u00e6res komfortabelt p\u00e5 h\u00e5ndleddet og holder n\u00f8glerne sikre og h\u00e5ndfrie. Dette design er yderst praktisk for travle professionelle, eventdeltagere eller personale, der ofte har brug for adgang til n\u00f8gler eller n\u00f8glebrikke.<\/p>\n<p>Denne n\u00f8gleholder er fremstillet af holdbart silikone af h\u00f8j kvalitet og er bygget til at modst\u00e5 daglig brug. Hver enhed er udstyret med en robust metalring til sikker opbevaring af flere n\u00f8gler eller adgangskort. N\u00f8gleholderne f\u00e5s i et bredt udvalg af farver og kan nemt matches med din virksomhedsidentitet, hvilket sikrer, at dit brand forbliver synligt og brugbart l\u00e6nge efter arrangementet.<\/p>\n<p><b>N\u00f8glefunktioner:<\/b><\/p>\n<ul>\n<li><b>Holdbar silikone armb\u00e5nd:<\/b> Den store ring med en diameter p\u00e5 8,6 cm passer nemt p\u00e5 h\u00e5ndleddet for bekvemmelighed uden h\u00e6nder.<\/li>\n<li><b>H\u00f8jkvalitetsmateriale:<\/b> Lavet af f\u00f8rsteklasses, holdbar silikone, bygget til daglig professionel brug.<\/li>\n<li><b>Sikker metaln\u00f8glering:<\/b> Har en robust metalring til at holde n\u00f8gler og adgangsbrikker sikre.<\/li>\n<li><b>Branding med h\u00f8j synlighed:<\/b> En praktisk giveaway-artikel, der altid har dit brand i h\u00e5nden eller p\u00e5 h\u00e5ndleddet.<\/li>\n<li><b>Flere farvemuligheder:<\/b> F\u00e5s i et bredt udvalg af farver, der matcher dit firmas brand.<\/li>\n<\/ul>","protected":false},"excerpt":{"rendered":"<ul>\n<li>Holder n\u00f8glerne let tilg\u00e6ngelige p\u00e5 h\u00e5ndleddet for h\u00e5ndfri brug.<\/li>\n<li>Holdbar silikonekonstruktion af h\u00f8j kvalitet til daglig brug.<\/li>\n<li>F\u00e5s i et bredt udvalg af farver, der matcher din virksomheds identitet.<\/li>\n<li>Et praktisk og synligt reklameprodukt til messer.<\/li>\n<\/ul>","protected":false},"featured_media":6668,"comment_status":"closed","ping_status":"closed","template":"","meta":[],"product_brand":[],"product_cat":[94],"product_tag":[],"class_list":{"0":"post-1303","1":"product","2":"type-product","3":"status-publish","4":"has-post-thumbnail","6":"product_cat-keychains","8":"first","9":"instock","10":"shipping-taxable","11":"purchasable","12":"product-type-simple"},"_links":{"self":[{"href":"https:\/\/displayproducts.eu\/da\/wp-json\/wp\/v2\/product\/1303","targetHints":{"allow":["GET"]}}],"collection":[{"href":"https:\/\/displayproducts.eu\/da\/wp-json\/wp\/v2\/product"}],"about":[{"href":"https:\/\/displayproducts.eu\/da\/wp-json\/wp\/v2\/types\/product"}],"replies":[{"embeddable":true,"href":"https:\/\/displayproducts.eu\/da\/wp-json\/wp\/v2\/comments?post=1303"}],"wp:featuredmedia":[{"embeddable":true,"href":"https:\/\/displayproducts.eu\/da\/wp-json\/wp\/v2\/media\/6668"}],"wp:attachment":[{"href":"https:\/\/displayproducts.eu\/da\/wp-json\/wp\/v2\/media?parent=1303"}],"wp:term":[{"taxonomy":"product_brand","embeddable":true,"href":"https:\/\/displayproducts.eu\/da\/wp-json\/wp\/v2\/product_brand?post=1303"},{"taxonomy":"product_cat","embeddable":true,"href":"https:\/\/displayproducts.eu\/da\/wp-json\/wp\/v2\/product_cat?post=1303"},{"taxonomy":"product_tag","embeddable":true,"href":"https:\/\/displayproducts.eu\/da\/wp-json\/wp\/v2\/product_tag?post=1303"}],"curies":[{"name":"wp","href":"https:\/\/api.w.org\/{rel}","templated":true}]}}