{"id":1299,"date":"2024-10-27T11:53:51","date_gmt":"2024-10-27T08:53:51","guid":{"rendered":"https:\/\/wristbandfactory.eu\/toode\/slim-silicone-wristbands\/"},"modified":"2026-04-01T21:52:04","modified_gmt":"2026-04-01T18:52:04","slug":"slim-silicone-wristbands","status":"publish","type":"product","link":"https:\/\/displayproducts.eu\/da\/p\/slim-silicone-wristbands\/","title":{"rendered":"Tynde silikonearmb\u00e5nd"},"content":{"rendered":"<p>L\u00f8ft din virksomheds branding eller bevidsthedskampagne med vores slanke silikonearmb\u00e5nd. Deres slanke 5 mm profil tilbyder et diskret og moderne alternativ til standardremme, hvilket g\u00f8r dem til et popul\u00e6rt valg til firmaarrangementer, velg\u00f8renhedsindsamlinger og reklamegaver, hvor et mere raffineret look \u00f8nskes.<\/p>\n<p>Vi tilbyder fuld tilpasning, der matcher din brandidentitet. Silikonen er Pantone-matchet for pr\u00e6cis farven\u00f8jagtighed. Du kan yderligere tilpasse dit budskab med flere muligheder i h\u00f8j kvalitet: et rent 1-farvet serigrafitryk, et holdbart pr\u00e6get (neds\u00e6nket) logo, et premium pr\u00e6get (h\u00e6vet) logo eller et pr\u00e6get design med en 1-farvet udfyldning for maksimal kontrast og synlighed.<\/p>\n<p>Disse remme er fremstillet af holdbart silikone af h\u00f8j kvalitet og er behagelige til daglig brug. De overholder fuldt ud alle relevante sikkerhedsforskrifter, hvilket giver ro i sindet for din organisation og dine deltagere.<\/p>\n<p><b>N\u00f8glefunktioner:<\/b><\/p>\n<ul>\n<li><b>Slank 5 mm profil:<\/b> Et smalt, moderne design (f\u00e5s i 200x5x2 mm eller 180x5x2 mm) for et diskret brandingstatement.<\/li>\n<li><b>Fuld tilpasning:<\/b> V\u00e6lg mellem 1-farvet tryk, pr\u00e6gede (neds\u00e6nkede), pr\u00e6gede (h\u00e6vede) eller bl\u00e6kfyldte, pr\u00e6gede designs.<\/li>\n<li><b>Pr\u00e6cis Pantone-matchning:<\/b> Garanterer, at silikonefarven passer perfekt til din virksomheds identitet.<\/li>\n<li><b>Sikkerhedsoverensstemmende:<\/b> Lavet af h\u00f8jkvalitets silikone, der opfylder alle relevante sikkerhedsstandarder.<\/li>\n<li><b>Bulkemballage:<\/b> Minimumsbestilling p\u00e5 100 enheder, pakket i store m\u00e6ngder som standard. Individuel polybagning er tilg\u00e6ngelig efter anmodning.<\/li>\n<\/ul>","protected":false},"excerpt":{"rendered":"<ul>\n<li>Har en slank, smal 5 mm profil for et diskret og moderne look.<\/li>\n<li>Fuldt tilpasselig: V\u00e6lg mellem trykte, pr\u00e6gede eller pr\u00e6gede logoer.<\/li>\n<li>Pantone-matchet silikone sikrer perfekt farvekonsistens.<\/li>\n<li>Minimum ordrem\u00e6ngde: 100 enheder pr. design.<\/li>\n<\/ul>","protected":false},"featured_media":5953,"comment_status":"closed","ping_status":"closed","template":"","meta":[],"product_brand":[],"product_cat":[66,49],"product_tag":[],"class_list":{"0":"post-1299","1":"product","2":"type-product","3":"status-publish","4":"has-post-thumbnail","6":"product_cat-wristbands","7":"product_cat-silicone","9":"first","10":"instock","11":"shipping-taxable","12":"purchasable","13":"product-type-simple"},"_links":{"self":[{"href":"https:\/\/displayproducts.eu\/da\/wp-json\/wp\/v2\/product\/1299","targetHints":{"allow":["GET"]}}],"collection":[{"href":"https:\/\/displayproducts.eu\/da\/wp-json\/wp\/v2\/product"}],"about":[{"href":"https:\/\/displayproducts.eu\/da\/wp-json\/wp\/v2\/types\/product"}],"replies":[{"embeddable":true,"href":"https:\/\/displayproducts.eu\/da\/wp-json\/wp\/v2\/comments?post=1299"}],"wp:featuredmedia":[{"embeddable":true,"href":"https:\/\/displayproducts.eu\/da\/wp-json\/wp\/v2\/media\/5953"}],"wp:attachment":[{"href":"https:\/\/displayproducts.eu\/da\/wp-json\/wp\/v2\/media?parent=1299"}],"wp:term":[{"taxonomy":"product_brand","embeddable":true,"href":"https:\/\/displayproducts.eu\/da\/wp-json\/wp\/v2\/product_brand?post=1299"},{"taxonomy":"product_cat","embeddable":true,"href":"https:\/\/displayproducts.eu\/da\/wp-json\/wp\/v2\/product_cat?post=1299"},{"taxonomy":"product_tag","embeddable":true,"href":"https:\/\/displayproducts.eu\/da\/wp-json\/wp\/v2\/product_tag?post=1299"}],"curies":[{"name":"wp","href":"https:\/\/api.w.org\/{rel}","templated":true}]}}