{"id":1292,"date":"2024-07-15T22:03:57","date_gmt":"2024-07-15T19:03:57","guid":{"rendered":"https:\/\/wristbandfactory.eu\/toode\/tyvek-wristbands-for-hospitals\/"},"modified":"2026-04-01T21:52:36","modified_gmt":"2026-04-01T18:52:36","slug":"direct-thermal-hospital-wristbands","status":"publish","type":"product","link":"https:\/\/displayproducts.eu\/da\/p\/direct-thermal-hospital-wristbands\/","title":{"rendered":"Antibakterielle hospitalsarmb\u00e5nd"},"content":{"rendered":"<p data-path-to-node=\"8\">L\u00f8ft standarderne for patientidentifikation p\u00e5 din institution med vores Direct Thermal Hospital Wristbands. Disse armb\u00e5nd er designet til problemfri integration i eksisterende arbejdsgange i sundhedsv\u00e6senet og eliminerer risikoen for h\u00e5ndskriftsfejl ved at muligg\u00f8re \u00f8jeblikkelig udskrivning af stregkoder, tekst og patientfotos. Voksenst\u00f8rrelsen p\u00e5 29x290 mm giver en behagelig pasform, samtidig med at den giver et stort overfladeareal til scanningsbare data, hvilket sikrer effektivitet fra triage til udskrivelse.<\/p>\n<h2 data-path-to-node=\"9\">N\u00f8glefunktioner<\/h2>\n<ul data-path-to-node=\"10\">\n<li>\n<p data-path-to-node=\"10,0,0\"><b data-path-to-node=\"10,0,0\" data-index-in-node=\"0\">Antibakteriel beskyttelse:<\/b> Har en specialiseret bel\u00e6gning, der aktivt h\u00e6mmer bakteriev\u00e6kst, et kritisk krav i kliniske milj\u00f8er.<\/p>\n<\/li>\n<li>\n<p data-path-to-node=\"10,1,0\"><b data-path-to-node=\"10,1,0\" data-index-in-node=\"0\">Udtv\u00e6ringsfri holdbarhed:<\/b> Den h\u00f8jkvalitets polypropylenfilm holder termoprintet inde, hvilket holder patientdata l\u00e6selige, selv efter kontakt med vand, alkohol eller h\u00e5ndsprit.<\/p>\n<\/li>\n<li>\n<p data-path-to-node=\"10,2,0\"><b data-path-to-node=\"10,2,0\" data-index-in-node=\"0\">Sikkerhedssikret lukning:<\/b> Anvender et st\u00e6rkt kl\u00e6bemiddel, der g\u00e5r i stykker, hvis der g\u00f8res fors\u00f8g p\u00e5 at fjerne eller overf\u00f8re b\u00e5ndet.<\/p>\n<\/li>\n<li>\n<p data-path-to-node=\"10,3,0\"><b data-path-to-node=\"10,3,0\" data-index-in-node=\"0\">Latexfri og hypoallergenisk:<\/b> Sikker for alle hudtyper og minimerer risikoen for allergiske reaktioner under langvarig indl\u00e6ggelse.<\/p>\n<\/li>\n<\/ul>\n<h2 data-path-to-node=\"11\">Specifikationer<\/h2>\n<ul data-path-to-node=\"12\">\n<li>\n<p data-path-to-node=\"12,0,0\"><b data-path-to-node=\"12,0,0\" data-index-in-node=\"0\">Dimensioner:<\/b> 29 mm x 290 mm (standardst\u00f8rrelse for voksne).<\/p>\n<\/li>\n<li>\n<p data-path-to-node=\"12,1,0\"><b data-path-to-node=\"12,1,0\" data-index-in-node=\"0\">Materiale:<\/b> Polypropylen med antibakteriel bel\u00e6gning.<\/p>\n<\/li>\n<li>\n<p data-path-to-node=\"12,2,0\"><b data-path-to-node=\"12,2,0\" data-index-in-node=\"0\">Printteknologi:<\/b> Direkte termisk (ingen b\u00e5nd eller bl\u00e6k kr\u00e6ves).<\/p>\n<\/li>\n<li>\n<p data-path-to-node=\"12,3,0\"><b data-path-to-node=\"12,3,0\" data-index-in-node=\"0\">Kompatibilitet:<\/b> Optimeret til Zebra (GK-888T, TLP2824), Brother (TD-2020) og TSC desktopprintere.<\/p>\n<\/li>\n<li>\n<p data-path-to-node=\"12,4,0\"><b data-path-to-node=\"12,4,0\" data-index-in-node=\"0\">Emballage:<\/b> Ruller med 100 armb\u00e5nd med en kerne p\u00e5 25 mm (1 tomme).<\/p>\n<\/li>\n<li>\n<p data-path-to-node=\"12,5,0\"><b data-path-to-node=\"12,5,0\" data-index-in-node=\"0\">Minimum ordrem\u00e6ngde (MOQ):<\/b> 100 enheder.<\/p>\n<\/li>\n<\/ul>\n<h2 data-path-to-node=\"13\">Brugsscenarier<\/h2>\n<ul data-path-to-node=\"14\">\n<li>\n<p data-path-to-node=\"14,0,0\"><b data-path-to-node=\"14,0,0\" data-index-in-node=\"0\">Optagelser med stort antal deltagere:<\/b> Ideel til skadestuer og akutmodtagelser, der kr\u00e6ver hurtig ID-generering.<\/p>\n<\/li>\n<li>\n<p data-path-to-node=\"14,1,0\"><b data-path-to-node=\"14,1,0\" data-index-in-node=\"0\">Indl\u00e6ggelsesbehandling:<\/b> Langtidsidentifikation til medicinadministration og scanning ved sengekanten.<\/p>\n<\/li>\n<li>\n<p data-path-to-node=\"14,2,0\"><b data-path-to-node=\"14,2,0\" data-index-in-node=\"0\">Ambulante procedurer:<\/b> Sikker m\u00e6rkning til operationer p\u00e5 samme dag og diagnostiske test.<\/p>\n<\/li>\n<li>\n<p data-path-to-node=\"14,3,0\"><b data-path-to-node=\"14,3,0\" data-index-in-node=\"0\">F\u00f8de- og b\u00f8rneafdelinger:<\/b> P\u00e5lidelig identifikation hvor sikkerhed og komfort er i h\u00f8js\u00e6det.<\/p>\n<\/li>\n<\/ul>\n<p data-path-to-node=\"15\">","protected":false},"excerpt":{"rendered":"<p data-path-to-node=\"6\">Str\u00f8mlin din patientindl\u00e6ggelsesproces med vores Direct Thermal Hospital-armb\u00e5nd, der er udviklet til moderne sundhedsfaciliteter, der kr\u00e6ver \u00f8jeblikkelig udskrivning af data i h\u00f8j opl\u00f8sning direkte fra indl\u00e6ggelsessystemer.<\/p>\n<ul data-path-to-node=\"7\">\n<li>\n<p data-path-to-node=\"7,0,0\"><b data-path-to-node=\"7,0,0\" data-index-in-node=\"0\">Printerkompatibilitet:<\/b> Fuldt optimeret til branchestandard direkte termiske printere som Zebra, Brother og TSC.<\/p>\n<\/li>\n<li>\n<p data-path-to-node=\"7,1,0\"><b data-path-to-node=\"7,1,0\" data-index-in-node=\"0\">Infektionskontrol:<\/b> Specialiseret antibakteriel bel\u00e6gning h\u00e6mmer bakteriev\u00e6kst og underst\u00f8tter dermed strenge hygiejneprotokoller p\u00e5 hospitalet.<\/p>\n<\/li>\n<li>\n<p data-path-to-node=\"7,2,0\"><b data-path-to-node=\"7,2,0\" data-index-in-node=\"0\">Maksimal sikkerhed:<\/b> Sikkerhedssikker akrylkl\u00e6bemiddel med udstanset lukning forhindrer overf\u00f8rsel og sikrer patient-ID-integritet.<\/p>\n<\/li>\n<li>\n<p data-path-to-node=\"7,3,0\"><b data-path-to-node=\"7,3,0\" data-index-in-node=\"0\">B2B-effektivitet:<\/b> Leveres p\u00e5 ruller med 100 b\u00e5nd til hurtig il\u00e6gning og behandling af store m\u00e6ngder indlevering.<\/p>\n<\/li>\n<\/ul>","protected":false},"featured_media":631,"comment_status":"closed","ping_status":"closed","template":"","meta":[],"product_brand":[],"product_cat":[66,72],"product_tag":[],"class_list":{"0":"post-1292","1":"product","2":"type-product","3":"status-publish","4":"has-post-thumbnail","6":"product_cat-wristbands","7":"product_cat-medical-and-hospital","9":"first","10":"instock","11":"shipping-taxable","12":"purchasable","13":"product-type-simple"},"_links":{"self":[{"href":"https:\/\/displayproducts.eu\/da\/wp-json\/wp\/v2\/product\/1292","targetHints":{"allow":["GET"]}}],"collection":[{"href":"https:\/\/displayproducts.eu\/da\/wp-json\/wp\/v2\/product"}],"about":[{"href":"https:\/\/displayproducts.eu\/da\/wp-json\/wp\/v2\/types\/product"}],"replies":[{"embeddable":true,"href":"https:\/\/displayproducts.eu\/da\/wp-json\/wp\/v2\/comments?post=1292"}],"wp:featuredmedia":[{"embeddable":true,"href":"https:\/\/displayproducts.eu\/da\/wp-json\/wp\/v2\/media\/631"}],"wp:attachment":[{"href":"https:\/\/displayproducts.eu\/da\/wp-json\/wp\/v2\/media?parent=1292"}],"wp:term":[{"taxonomy":"product_brand","embeddable":true,"href":"https:\/\/displayproducts.eu\/da\/wp-json\/wp\/v2\/product_brand?post=1292"},{"taxonomy":"product_cat","embeddable":true,"href":"https:\/\/displayproducts.eu\/da\/wp-json\/wp\/v2\/product_cat?post=1292"},{"taxonomy":"product_tag","embeddable":true,"href":"https:\/\/displayproducts.eu\/da\/wp-json\/wp\/v2\/product_tag?post=1292"}],"curies":[{"name":"wp","href":"https:\/\/api.w.org\/{rel}","templated":true}]}}