{"id":1291,"date":"2024-10-27T11:53:51","date_gmt":"2024-10-27T08:53:51","guid":{"rendered":"https:\/\/wristbandfactory.eu\/toode\/cord-lanyards-with-pvc-slider\/"},"modified":"2026-04-01T21:52:36","modified_gmt":"2026-04-01T18:52:36","slug":"custom-round-cord-lanyards-with-pvc-slider-metal-carabiner","status":"publish","type":"product","link":"https:\/\/displayproducts.eu\/da\/p\/custom-round-cord-lanyards-with-pvc-slider-metal-carabiner\/","title":{"rendered":"Runde keyhangers med tryk og PVC-skyder"},"content":{"rendered":"<div class=\"mx-12 md:mx-24 lg:mx-48\">\n<div class=\"container my-8 svelte-zlsknf\">\n<div class=\"my-24 rounded-lg border-0 border-gray-700 bg-gray-100 px-16 py-24\">\n<div class=\"mt-11 !text-gray-500\">\n<p data-path-to-node=\"12\">Str\u00f8mlin din virksomhedsidentifikation og eventsikkerhed med vores <b>Med eget tryk runde snorliner<\/b>. Denne lanyard er designet til professionelle, der kr\u00e6ver en minimalistisk, men holdbar ID-l\u00f8sning, og tilbyder et sofistikeret alternativ til flade b\u00e5nd, hvilket g\u00f8r den til det perfekte valg til daglig brug p\u00e5 kontoret, konferencer og messer.<\/p>\n<p data-path-to-node=\"13\">Den runde snorprofil er fremstillet af slidst\u00e6rkt polyester af h\u00f8j kvalitet og er bygget til komfort under l\u00e6ngere tids brug, hvilket forhindrer irritation omkring halsen. I mods\u00e6tning til uden tryke flade n\u00f8glesnore tilbyder rebmodellen et eksklusivt, diskret look, der komplementerer forretningst\u00f8j.<\/p>\n<p data-path-to-node=\"14\">Det definerende tr\u00e6k ved denne model er den funktionelle <b>PVC-skyder<\/b>. Selvom den som standard leveres i en elegant, transparent finish, tilbyder vi specialfremstilling af farver til store ordrer, s\u00e5 du kan tilpasse hardwaren n\u00f8je til din virksomheds brandidentitet. Hver lanyard er f\u00e6rdig med en robust finish. <b>metalkarabinhage<\/b>, der giver et p\u00e5lideligt og brugervenligt fastg\u00f8relsespunkt til ID-kort, adgangskontrolkort eller n\u00f8gler. Denne kombination af holdbarhed og professionel \u00e6stetik g\u00f8r den til et foretrukket valg for organisationer, der s\u00f8ger en avanceret ID-opbevaringsl\u00f8sning.<\/p>\n<p data-path-to-node=\"15\"><b>N\u00f8glefunktioner:<\/b><\/p>\n<ul data-path-to-node=\"16\">\n<li>\n<p data-path-to-node=\"16,0,0\"><b>Holdbar polyestersnor:<\/b> Den runde rebprofil er ideel til komfortabel brug hele dagen uden at flosse.<\/p>\n<\/li>\n<li>\n<p data-path-to-node=\"16,1,0\"><b>Justerbar PVC-skyder:<\/b> Standard transparent finish giver et moderne look; med eget tryk farver er tilg\u00e6ngelige p\u00e5 foresp\u00f8rgsel.<\/p>\n<\/li>\n<li>\n<p data-path-to-node=\"16,2,0\"><b>Brandtilpasning:<\/b> Mulighed for at matche skyderens farve med din brandidentitet for kvalificerende bulkm\u00e6ngder.<\/p>\n<\/li>\n<li>\n<p data-path-to-node=\"16,3,0\"><b>Kraftigt tilbeh\u00f8r:<\/b> Inkluderer en sikker metalkarabinhage for at beskytte legitimationsoplysninger.<\/p>\n<\/li>\n<li>\n<p data-path-to-node=\"16,4,0\"><b>Alsidig anvendelse:<\/b> En praktisk og avanceret l\u00f8sning til VIP-arrangementer, personaleidentifikation og virksomhedsmilj\u00f8er.<\/p>\n<\/li>\n<\/ul>\n<\/div>\n<\/div>\n<\/div>\n<\/div>","protected":false},"excerpt":{"rendered":"<ul>\n<li>\n<p data-path-to-node=\"10,0,0\"><b>Professionel profil:<\/b> Minimalistisk 5 mm rundt ledningsdesign, ideelt til kontormilj\u00f8er og VIP-arrangementer.<\/p>\n<\/li>\n<li>\n<p data-path-to-node=\"10,1,0\"><b>Brugerdefineret hardware:<\/b> Inkluderer en PVC-skyder (tilpassede farver tilg\u00e6ngelige) til brandingjustering.<\/p>\n<\/li>\n<li>\n<p data-path-to-node=\"10,2,0\"><b>Sikker fastg\u00f8relse:<\/b> Kraftig metalkarabinhage sikrer, at ID-kort og n\u00f8gler forbliver sikre.<\/p>\n<\/li>\n<li>\n<p data-path-to-node=\"10,3,0\"><b>Holdbar komfort:<\/b> Bl\u00f8dt polyesterreb forhindrer irritation i nakken under heldagsbrug.<\/p>\n<\/li>\n<\/ul>","protected":false},"featured_media":6691,"comment_status":"closed","ping_status":"closed","template":"","meta":[],"product_brand":[],"product_cat":[125],"product_tag":[],"class_list":{"0":"post-1291","1":"product","2":"type-product","3":"status-publish","4":"has-post-thumbnail","6":"product_cat-cord-lanyards","8":"first","9":"instock","10":"shipping-taxable","11":"purchasable","12":"product-type-simple"},"_links":{"self":[{"href":"https:\/\/displayproducts.eu\/da\/wp-json\/wp\/v2\/product\/1291","targetHints":{"allow":["GET"]}}],"collection":[{"href":"https:\/\/displayproducts.eu\/da\/wp-json\/wp\/v2\/product"}],"about":[{"href":"https:\/\/displayproducts.eu\/da\/wp-json\/wp\/v2\/types\/product"}],"replies":[{"embeddable":true,"href":"https:\/\/displayproducts.eu\/da\/wp-json\/wp\/v2\/comments?post=1291"}],"wp:featuredmedia":[{"embeddable":true,"href":"https:\/\/displayproducts.eu\/da\/wp-json\/wp\/v2\/media\/6691"}],"wp:attachment":[{"href":"https:\/\/displayproducts.eu\/da\/wp-json\/wp\/v2\/media?parent=1291"}],"wp:term":[{"taxonomy":"product_brand","embeddable":true,"href":"https:\/\/displayproducts.eu\/da\/wp-json\/wp\/v2\/product_brand?post=1291"},{"taxonomy":"product_cat","embeddable":true,"href":"https:\/\/displayproducts.eu\/da\/wp-json\/wp\/v2\/product_cat?post=1291"},{"taxonomy":"product_tag","embeddable":true,"href":"https:\/\/displayproducts.eu\/da\/wp-json\/wp\/v2\/product_tag?post=1291"}],"curies":[{"name":"wp","href":"https:\/\/api.w.org\/{rel}","templated":true}]}}