{"id":1288,"date":"2024-10-27T11:53:51","date_gmt":"2024-10-27T08:53:51","guid":{"rendered":"https:\/\/wristbandfactory.eu\/toode\/full-colour-cord-lanyards-with-woven-label\/"},"modified":"2026-04-01T21:52:36","modified_gmt":"2026-04-01T18:52:36","slug":"sublimation-cord-lanyards-with-woven-label","status":"publish","type":"product","link":"https:\/\/displayproducts.eu\/da\/p\/sublimation-cord-lanyards-with-woven-label\/","title":{"rendered":"Sublimeringssnor med v\u00e6vet etiket"},"content":{"rendered":"<div class=\"mx-12 md:mx-24 lg:mx-48\">\n<div class=\"container my-8 svelte-zlsknf\">\n<div class=\"my-24 rounded-lg border-0 border-gray-700 bg-gray-100 px-16 py-24\">\n<div class=\"mt-11 !text-gray-500\">\n<p>Opn\u00e5 maksimal brandp\u00e5virkning med vores premium sublimeringssnor-lanyards \/ N\u00f8glesnore. Denne model kombinerer to brandingmetoder af h\u00f8j kvalitet: et levende sublimeringstryk i fuld farve p\u00e5 snoren og en holdbar, 4-farvet v\u00e6vet etiket til dit hovedlogo.<\/p>\n<p>Den 90 cm lange polyestersnor starter som hvid og trykkes fuldt ud med dit design ved hj\u00e6lp af farvesublimering. Denne metode er perfekt til komplekse, fuldfarvede m\u00f8nstre eller gentagne logoer, men v\u00e6r opm\u00e6rksom p\u00e5, at pr\u00e6cis logoplacering ikke kan garanteres p\u00e5 snoren.<\/p>\n<p>Tilf\u00f8jelsen af den 4-farvede, v\u00e6vede etiket med h\u00f8j opl\u00f8sning giver et skarpt og professionelt fokuspunkt for dit brand, der ikke falmer eller ridser. Denne eksklusive lanyard er et fremragende valg til firmaarrangementer, medarbejderidentifikation eller premium konferencekort, hvor en holdbar og sofistikeret brandpr\u00e6sentation er p\u00e5kr\u00e6vet. Hver lanyard leveres som standard med en metalkarabinhage, og der er andre klipsmuligheder tilg\u00e6ngelige.<\/p>\n<p><b>N\u00f8glefunktioner:<\/b><\/p>\n<ul>\n<li><b>Dobbelt branding:<\/b> Kombinerer en sublimeringstrykt snor i fuld farve med en f\u00f8rsteklasses v\u00e6vet etiket i 4 farver.<\/li>\n<li><b>Levende sublimering:<\/b> Den 90 cm hvide polyestersnor er ideel til at gentage designs i fuld farve.<\/li>\n<li><b>Premium v\u00e6vet etiket:<\/b> Tilbyder et holdbart logo i h\u00f8j opl\u00f8sning (op til 4 farver).<\/li>\n<li><b>Metalkarabinhage:<\/b> Inkluderer en robust metalkarabinhage, med andre fastg\u00f8relsesmuligheder.<\/li>\n<li><b>H\u00f8jtydende ID:<\/b> En f\u00f8rsteklasses l\u00f8sning til corporate branding, medarbejder-ID og premium-events.<\/li>\n<\/ul>\n<\/div>\n<\/div>\n<\/div>\n<\/div>","protected":false},"excerpt":{"rendered":"<ul>\n<li>Har en sublimeringstrykt snor i fuld farve for levende, gentagne designs.<\/li>\n<li>Inkluderer en f\u00f8rsteklasses, v\u00e6vet etiket i 4 farver for et slidst\u00e6rkt logo.<\/li>\n<li>Holdbar 90 cm polyestersnor med en standard metalkarabinhage.<\/li>\n<li>Ideel til firmaarrangementer, medarbejder-ID&#039;er og messer.<\/li>\n<\/ul>","protected":false},"featured_media":6794,"comment_status":"closed","ping_status":"closed","template":"","meta":[],"product_brand":[],"product_cat":[43],"product_tag":[],"class_list":{"0":"post-1288","1":"product","2":"type-product","3":"status-publish","4":"has-post-thumbnail","6":"product_cat-lanyards","8":"first","9":"instock","10":"shipping-taxable","11":"purchasable","12":"product-type-simple"},"_links":{"self":[{"href":"https:\/\/displayproducts.eu\/da\/wp-json\/wp\/v2\/product\/1288","targetHints":{"allow":["GET"]}}],"collection":[{"href":"https:\/\/displayproducts.eu\/da\/wp-json\/wp\/v2\/product"}],"about":[{"href":"https:\/\/displayproducts.eu\/da\/wp-json\/wp\/v2\/types\/product"}],"replies":[{"embeddable":true,"href":"https:\/\/displayproducts.eu\/da\/wp-json\/wp\/v2\/comments?post=1288"}],"wp:featuredmedia":[{"embeddable":true,"href":"https:\/\/displayproducts.eu\/da\/wp-json\/wp\/v2\/media\/6794"}],"wp:attachment":[{"href":"https:\/\/displayproducts.eu\/da\/wp-json\/wp\/v2\/media?parent=1288"}],"wp:term":[{"taxonomy":"product_brand","embeddable":true,"href":"https:\/\/displayproducts.eu\/da\/wp-json\/wp\/v2\/product_brand?post=1288"},{"taxonomy":"product_cat","embeddable":true,"href":"https:\/\/displayproducts.eu\/da\/wp-json\/wp\/v2\/product_cat?post=1288"},{"taxonomy":"product_tag","embeddable":true,"href":"https:\/\/displayproducts.eu\/da\/wp-json\/wp\/v2\/product_tag?post=1288"}],"curies":[{"name":"wp","href":"https:\/\/api.w.org\/{rel}","templated":true}]}}