{"id":1287,"date":"2024-10-27T11:53:51","date_gmt":"2024-10-27T08:53:51","guid":{"rendered":"https:\/\/wristbandfactory.eu\/toode\/3-in-1-charging-cable-lanyards\/"},"modified":"2026-04-01T21:52:04","modified_gmt":"2026-04-01T18:52:04","slug":"sublimation-3-in-1-charging-lanyards","status":"publish","type":"product","link":"https:\/\/displayproducts.eu\/da\/p\/sublimation-3-in-1-charging-lanyards\/","title":{"rendered":"Sublimation 3-i-1 opladningssnore"},"content":{"rendered":"<p>Tilbyd dine eventdeltagere en reklameartikel, de rent faktisk vil bruge. Vores sublimerings 3-i-1-opladekabelsnore kombinerer funktionen af en eventpasholder med anvendeligheden af et multistik-opladekabel, hvilket sikrer maksimal synlighed af dit brand.<\/p>\n<p>Disse lanyards \/ N\u00f8glesnore er lavet af slidst\u00e6rkt polyester og har livligt sublimeringstryk i fuld farve p\u00e5 begge sider, hvilket giver et stort l\u00e6rred til komplekse logoer og branding af begivenheder. Det integrerede kabel inkluderer USB-A-, Micro-B- og Type-C-stik, hvilket giver en praktisk opladningsl\u00f8sning til de fleste moderne enheder.<\/p>\n<p>Disse lanyards \/ N\u00f8glesnore er designet til at v\u00e6re ideelle til tech-konferencer, messer eller som en funktionel gave til personalet. <b>Kun til opladning (ikke dataoverf\u00f8rsel)<\/b>. Hver lanyard er individuelt pakket i polyposer for nem distribution og f\u00e5s i tre forskellige l\u00e6ngder for at opfylde dine specifikke behov.<\/p>\n<p><b>N\u00f8glefunktioner:<\/b><\/p>\n<ul>\n<li><b>3-i-1 opladningsstik:<\/b> Har USB-A-, Micro-B- og Type-C-stik til praktisk opladning (ikke til dataoverf\u00f8rsel).<\/li>\n<li><b>Dobbeltsidet sublimering:<\/b> Livlig, fuldfarvet kant-til-kant-tryk p\u00e5 begge sider for maksimal brandeksponering.<\/li>\n<li><b>Holdbart polyestermateriale:<\/b> En st\u00e6rk og behagelig rem, ideel til flerdagskonferencer og messer.<\/li>\n<li><b>Funktionel reklameartikel:<\/b> En yderst praktisk lanyard til deltagerne, der sikrer h\u00f8j anvendelighed og brandfastholdelse.<\/li>\n<li><b>Klar til distribution:<\/b> Hver lanyard er individuelt pakket i polypose og f\u00e5s i 3 forskellige l\u00e6ngder.<\/li>\n<\/ul>","protected":false},"excerpt":{"rendered":"<ul>\n<li>Vis dit logo med levende, dobbeltsidet sublimering i fuld farve.<\/li>\n<li>Har 3-i-1-opladerstik: USB-A til Micro-B og Type-C.<\/li>\n<li>En yderst praktisk reklameartikel til tech-konferencer og messer.<\/li>\n<li>(Bem\u00e6rk: Kun designet til opladning, ikke dataoverf\u00f8rsel).<\/li>\n<\/ul>","protected":false},"featured_media":6789,"comment_status":"closed","ping_status":"closed","template":"","meta":[],"product_brand":[],"product_cat":[43],"product_tag":[],"class_list":{"0":"post-1287","1":"product","2":"type-product","3":"status-publish","4":"has-post-thumbnail","6":"product_cat-lanyards","8":"first","9":"instock","10":"shipping-taxable","11":"purchasable","12":"product-type-simple"},"_links":{"self":[{"href":"https:\/\/displayproducts.eu\/da\/wp-json\/wp\/v2\/product\/1287","targetHints":{"allow":["GET"]}}],"collection":[{"href":"https:\/\/displayproducts.eu\/da\/wp-json\/wp\/v2\/product"}],"about":[{"href":"https:\/\/displayproducts.eu\/da\/wp-json\/wp\/v2\/types\/product"}],"replies":[{"embeddable":true,"href":"https:\/\/displayproducts.eu\/da\/wp-json\/wp\/v2\/comments?post=1287"}],"wp:featuredmedia":[{"embeddable":true,"href":"https:\/\/displayproducts.eu\/da\/wp-json\/wp\/v2\/media\/6789"}],"wp:attachment":[{"href":"https:\/\/displayproducts.eu\/da\/wp-json\/wp\/v2\/media?parent=1287"}],"wp:term":[{"taxonomy":"product_brand","embeddable":true,"href":"https:\/\/displayproducts.eu\/da\/wp-json\/wp\/v2\/product_brand?post=1287"},{"taxonomy":"product_cat","embeddable":true,"href":"https:\/\/displayproducts.eu\/da\/wp-json\/wp\/v2\/product_cat?post=1287"},{"taxonomy":"product_tag","embeddable":true,"href":"https:\/\/displayproducts.eu\/da\/wp-json\/wp\/v2\/product_tag?post=1287"}],"curies":[{"name":"wp","href":"https:\/\/api.w.org\/{rel}","templated":true}]}}