{"id":1284,"date":"2024-10-27T11:53:51","date_gmt":"2024-10-27T08:53:51","guid":{"rendered":"https:\/\/wristbandfactory.eu\/toode\/3-tone-lanyards-with-pvc-badge\/"},"modified":"2026-04-01T21:52:36","modified_gmt":"2026-04-01T18:52:36","slug":"3-tone-cord-lanyards-with-pvc-badge","status":"publish","type":"product","link":"https:\/\/displayproducts.eu\/da\/p\/3-tone-cord-lanyards-with-pvc-badge\/","title":{"rendered":"3-farvede snorsnore med PVC-m\u00e6rke"},"content":{"rendered":"<div class=\"mx-12 md:mx-24 lg:mx-48\">\n<div class=\"container my-8 svelte-zlsknf\">\n<div class=\"my-24 rounded-lg border-0 border-gray-700 bg-gray-100 px-16 py-24\">\n<div class=\"mt-11 !text-gray-500\">\n<p>Skab en unik og meget synlig identifikationsl\u00f8sning til dit team eller dine eventdeltagere med vores 3-farvede snorsnore. Denne snor kombinerer st\u00e6rk branding med et holdbart og praktisk design.<\/p>\n<p>Den 90 cm lange ledning er lavet af slidst\u00e6rkt polyester og kan tilpasses fuldt ud med dit valg af tre forskellige farver, s\u00e5 du kan matche din virksomhedsidentitet eller dit eventtema perfekt.<\/p>\n<p>Hovedfunktionen er det med eget tryk PVC-m\u00e6rke, som kan formes med dit logo eller design i op til tre farver. Dette giver et holdbart, taktilt og f\u00f8rsteklasses alternativ til et standard trykt adgangskort. Hvert n\u00f8glesnor har en robust metalring, og der findes andre klipsmuligheder, der passer til dine specifikke ID-indehaver- eller adgangskortkrav. Dette g\u00f8r dem til et fremragende valg til virksomhedspersonale, identifikation til messer eller adgangskort til flere dages arrangementer.<\/p>\n<p><b>N\u00f8glefunktioner:<\/b><\/p>\n<ul>\n<li><b>Tilpasning af tre farver:<\/b> V\u00e6lg tre farver til den 90 cm lange polyestersnor, der passer til dit m\u00e6rke.<\/li>\n<li><b>Brugerdefineret PVC-m\u00e6rke:<\/b> Har et specialst\u00f8bt PVC-m\u00e6rke til dit logo (op til 3 farver).<\/li>\n<li><b>Holdbar polyestersnor:<\/b> Bygget til daglig brug af personale eller til flerdagesarrangementer.<\/li>\n<li><b>Alsidige tilbeh\u00f8r:<\/b> Leveres som standard med en metalring, eller v\u00e6lg mellem andre klipsmuligheder.<\/li>\n<li><b>H\u00f8jtydende ID:<\/b> Ideel til visuel segmentering af personale, VIP&#039;er eller eventteams.<\/li>\n<\/ul>\n<\/div>\n<\/div>\n<\/div>\n<\/div>","protected":false},"excerpt":{"rendered":"<ul>\n<li>Har en slidst\u00e6rk 3-tonet polyestersnor (v\u00e6lg 3 farver).<\/li>\n<li>Inkluderer et specialdesignet PVC-m\u00e6rke (op til 3 farver) til dit logo.<\/li>\n<li>Leveres standard med en metalring, men der er andre klipsmuligheder tilg\u00e6ngelige.<\/li>\n<li>Ideel til unik medarbejderidentifikation eller adgangskort til firmaarrangementer.<\/li>\n<\/ul>","protected":false},"featured_media":6820,"comment_status":"closed","ping_status":"closed","template":"","meta":[],"product_brand":[],"product_cat":[43],"product_tag":[],"class_list":{"0":"post-1284","1":"product","2":"type-product","3":"status-publish","4":"has-post-thumbnail","6":"product_cat-lanyards","8":"first","9":"instock","10":"shipping-taxable","11":"purchasable","12":"product-type-simple"},"_links":{"self":[{"href":"https:\/\/displayproducts.eu\/da\/wp-json\/wp\/v2\/product\/1284","targetHints":{"allow":["GET"]}}],"collection":[{"href":"https:\/\/displayproducts.eu\/da\/wp-json\/wp\/v2\/product"}],"about":[{"href":"https:\/\/displayproducts.eu\/da\/wp-json\/wp\/v2\/types\/product"}],"replies":[{"embeddable":true,"href":"https:\/\/displayproducts.eu\/da\/wp-json\/wp\/v2\/comments?post=1284"}],"wp:featuredmedia":[{"embeddable":true,"href":"https:\/\/displayproducts.eu\/da\/wp-json\/wp\/v2\/media\/6820"}],"wp:attachment":[{"href":"https:\/\/displayproducts.eu\/da\/wp-json\/wp\/v2\/media?parent=1284"}],"wp:term":[{"taxonomy":"product_brand","embeddable":true,"href":"https:\/\/displayproducts.eu\/da\/wp-json\/wp\/v2\/product_brand?post=1284"},{"taxonomy":"product_cat","embeddable":true,"href":"https:\/\/displayproducts.eu\/da\/wp-json\/wp\/v2\/product_cat?post=1284"},{"taxonomy":"product_tag","embeddable":true,"href":"https:\/\/displayproducts.eu\/da\/wp-json\/wp\/v2\/product_tag?post=1284"}],"curies":[{"name":"wp","href":"https:\/\/api.w.org\/{rel}","templated":true}]}}