{"id":1280,"date":"2024-10-27T11:53:51","date_gmt":"2024-10-27T08:53:51","guid":{"rendered":"https:\/\/wristbandfactory.eu\/toode\/3-tone-lanyards-with-woven-label\/"},"modified":"2026-04-01T21:52:36","modified_gmt":"2026-04-01T18:52:36","slug":"3-tone-cord-lanyards-with-woven-label","status":"publish","type":"product","link":"https:\/\/displayproducts.eu\/da\/p\/3-tone-cord-lanyards-with-woven-label\/","title":{"rendered":"3-farvede snorsnore med v\u00e6vet etiket"},"content":{"rendered":"<div class=\"mx-12 md:mx-24 lg:mx-48\">\n<div class=\"container my-8 svelte-zlsknf\">\n<div class=\"my-24 rounded-lg border-0 border-gray-700 bg-gray-100 px-16 py-24\">\n<div class=\"mt-11 !text-gray-500\">\n<p>Giv din virksomhed et l\u00f8ft til din identitet med vores 3-farvede snorsnore, der har en f\u00f8rsteklasses v\u00e6vet etiket. Denne snor tilbyder et sofistikeret og meget holdbart alternativ til standard trykte muligheder, hvilket g\u00f8r den ideel til medarbejderidentifikation eller flerdagskonferencer.<\/p>\n<p>N\u00f8glesnoren er fremstillet af en robust 90 cm lang, 3-tonet polyestersnor, som kan tilpasses fuldt ud med dit valg af tre farver, s\u00e5 den matcher din brandidentitet.<\/p>\n<p>I stedet for et trykt badge har denne model en v\u00e6vet etiket i h\u00f8j opl\u00f8sning, der er sikkert fastgjort til snoren med en holdbar elastik (f\u00e5s i hvid eller sort). Denne v\u00e6vede etiket kan fremvise dit logo eller design i op til 4 farver, hvilket giver en langvarig, professionel finish, der ikke falmer eller ridser. Hver lanyard leveres som standard med en metalring, og der er andre klipsmuligheder tilg\u00e6ngelige.<\/p>\n<p><b>N\u00f8glefunktioner:<\/b><\/p>\n<ul>\n<li><b>Brugerdefineret 3-tonet ledning:<\/b> V\u00e6lg 3 farver til den 90 cm polyestersnor, der passer til dit firmam\u00e6rke.<\/li>\n<li><b>Premium v\u00e6vet etiket:<\/b> Har en v\u00e6vet etiket i h\u00f8j opl\u00f8sning til dit logo (op til 4 farver), der giver en f\u00f8rsteklasses og holdbar finish.<\/li>\n<li><b>Holdbar fastg\u00f8relse:<\/b> Etiketten er sikkert fastgjort med en hvid eller sort elastik.<\/li>\n<li><b>Alsidig hardware:<\/b> Leveres som standard med en metalring, og der findes andre klipsmuligheder, der passer til enhver ID-indehaver.<\/li>\n<li><b>Langvarig branding:<\/b> Et overlegent valg til daglig brug af personale eller identifikation af begivenheder over flere dage.<\/li>\n<\/ul>\n<\/div>\n<\/div>\n<\/div>\n<\/div>","protected":false},"excerpt":{"rendered":"<ul>\n<li>Har en slidst\u00e6rk 90 cm polyestersnor (v\u00e6lg 3 med eget tryk farver).<\/li>\n<li>Inkluderer en v\u00e6vet etiket i h\u00f8j kvalitet til dit logo (op til 4 farver).<\/li>\n<li>Leveres med en metalring eller andre klipsmuligheder for alsidig brug.<\/li>\n<li>Ideel til en holdbar og langtidsholdbar l\u00f8sning til firma-ID eller eventpas.<\/li>\n<\/ul>","protected":false},"featured_media":6823,"comment_status":"closed","ping_status":"closed","template":"","meta":[],"product_brand":[],"product_cat":[43],"product_tag":[],"class_list":{"0":"post-1280","1":"product","2":"type-product","3":"status-publish","4":"has-post-thumbnail","6":"product_cat-lanyards","8":"first","9":"instock","10":"shipping-taxable","11":"purchasable","12":"product-type-simple"},"_links":{"self":[{"href":"https:\/\/displayproducts.eu\/da\/wp-json\/wp\/v2\/product\/1280","targetHints":{"allow":["GET"]}}],"collection":[{"href":"https:\/\/displayproducts.eu\/da\/wp-json\/wp\/v2\/product"}],"about":[{"href":"https:\/\/displayproducts.eu\/da\/wp-json\/wp\/v2\/types\/product"}],"replies":[{"embeddable":true,"href":"https:\/\/displayproducts.eu\/da\/wp-json\/wp\/v2\/comments?post=1280"}],"wp:featuredmedia":[{"embeddable":true,"href":"https:\/\/displayproducts.eu\/da\/wp-json\/wp\/v2\/media\/6823"}],"wp:attachment":[{"href":"https:\/\/displayproducts.eu\/da\/wp-json\/wp\/v2\/media?parent=1280"}],"wp:term":[{"taxonomy":"product_brand","embeddable":true,"href":"https:\/\/displayproducts.eu\/da\/wp-json\/wp\/v2\/product_brand?post=1280"},{"taxonomy":"product_cat","embeddable":true,"href":"https:\/\/displayproducts.eu\/da\/wp-json\/wp\/v2\/product_cat?post=1280"},{"taxonomy":"product_tag","embeddable":true,"href":"https:\/\/displayproducts.eu\/da\/wp-json\/wp\/v2\/product_tag?post=1280"}],"curies":[{"name":"wp","href":"https:\/\/api.w.org\/{rel}","templated":true}]}}