{"id":1279,"date":"2024-10-27T11:53:51","date_gmt":"2024-10-27T08:53:51","guid":{"rendered":"https:\/\/wristbandfactory.eu\/toode\/glitter-lanyards\/"},"modified":"2026-04-01T21:52:36","modified_gmt":"2026-04-01T18:52:36","slug":"printed-glitter-lanyards-vip-gala-events","status":"publish","type":"product","link":"https:\/\/displayproducts.eu\/da\/p\/printed-glitter-lanyards-vip-gala-events\/","title":{"rendered":"Glitter keyhangers med logo tryk"},"content":{"rendered":"<div class=\"mx-12 md:mx-24 lg:mx-48\">\n<div class=\"container my-8 svelte-zlsknf\">\n<div class=\"my-24 rounded-lg border-0 border-gray-700 bg-gray-100 px-16 py-24\">\n<div class=\"mt-11 !text-gray-500\">\n<p data-path-to-node=\"11\">F\u00e5 dit brand til at funkle, og s\u00f8rg for at dine g\u00e6ster f\u00f8ler sig eksklusive med vores <b>Med eget tryk trykte glitter-snore<\/b>. Denne lanyard er det bedste valg til prisuddelinger, VIP-gallaer, musikfestivaler og firmafester, hvor standard lanyards \/ N\u00f8glesnore simpelthen falder i \u00e9t med baggrunden.<\/p>\n<p data-path-to-node=\"12\">Snoren er konstrueret af et slidst\u00e6rkt 90 cm polyesterb\u00e5ndfundament, som derefter er overlagt med et tydeligt <b>h\u00f8jglans glittermateriale<\/b>. Dette skaber et unikt, bl\u00e6ndende l\u00e6rred, der indfanger belysningen p\u00e5 stedet og sikrer h\u00f8j synlighed, selv i svagt lys. Det er et fremragende v\u00e6rkt\u00f8j for sikkerheds- og hotelteams til hurtigt at identificere VIP&#039;er, backstage-personale eller sponsorer p\u00e5 h\u00f8jt niveau.<\/p>\n<p data-path-to-node=\"13\">Vi trykker dit logo p\u00e5 den ene side af glitteroverfladen ved hj\u00e6lp af <b>pr\u00e6cis Pantone-farvematchning<\/b>. P\u00e5 grund af glimmerets tekstur anbefaler vi markante, enkle logoer for den bedste l\u00e6sbarhed. Hver lanyard leveres som standard med en robust <b>metalkarabinhage<\/b>, hvilket tilf\u00f8jer en professionel v\u00e6gt og f\u00f8lelse til produktet, selvom andre fastg\u00f8relsesmuligheder er tilg\u00e6ngelige, der passer til dine specifikke ID-kortkrav.<\/p>\n<p data-path-to-node=\"14\"><b>N\u00f8glefunktioner:<\/b><\/p>\n<ul data-path-to-node=\"15\">\n<li>\n<p data-path-to-node=\"15,0,0\"><b>Materiale:<\/b> Polyesterbase med et smeltet h\u00f8jglansglitteroverl\u00e6g.<\/p>\n<\/li>\n<li>\n<p data-path-to-node=\"15,1,0\"><b>Visuel effekt:<\/b> Mousserende finish tilbyder f\u00f8rsteklasses \u00e6stetik til eksklusive begivenheder.<\/p>\n<\/li>\n<li>\n<p data-path-to-node=\"15,2,0\"><b>Trykning:<\/b> 1-sidet brugerdefineret serigrafi med Pantone-matchning (bedst til fede logoer).<\/p>\n<\/li>\n<li>\n<p data-path-to-node=\"15,3,0\"><b>Anvendelse:<\/b> Ideel til at skille VIP-g\u00e6ster, talere og personale ud ved fester og gallaarrangementer.<\/p>\n<\/li>\n<li>\n<p data-path-to-node=\"15,4,0\"><b>Hardware:<\/b> Inkluderer en robust metalkarabinhage til sikker fastholdelse af m\u00e6rket.<\/p>\n<\/li>\n<\/ul>\n<\/div>\n<\/div>\n<\/div>\n<\/div>","protected":false},"excerpt":{"rendered":"<ul>\n<li>\n<p data-path-to-node=\"9,0,0\"><b>H\u00f8jtydende gnister:<\/b> Et f\u00f8rsteklasses glitteroverl\u00e6g skaber en glitrende og i\u00f8jnefaldende finish, der er ideel til aftenbegivenheder.<\/p>\n<\/li>\n<li>\n<p data-path-to-node=\"9,1,0\"><b>VIP-differentiering:<\/b> Det distinkte visuelle udseende adskiller \u00f8jeblikkeligt s\u00e6rlige g\u00e6ster, personale eller prismodtagere.<\/p>\n<\/li>\n<li>\n<p data-path-to-node=\"9,2,0\"><b>Brugerdefineret branding:<\/b> Dit logo serigrafitrykkes i en uden trykt farve (Pantone-matchet) direkte p\u00e5 glitteroverfladen.<\/p>\n<\/li>\n<li>\n<p data-path-to-node=\"9,3,0\"><b>Holdbar komfort:<\/b> Bygget p\u00e5 en st\u00e6rk 90 cm polyesterbase, der sikrer holdbarhed uden at g\u00e5 p\u00e5 kompromis med stilen.<\/p>\n<\/li>\n<\/ul>","protected":false},"featured_media":6741,"comment_status":"closed","ping_status":"closed","template":"","meta":[],"product_brand":[],"product_cat":[104],"product_tag":[],"class_list":{"0":"post-1279","1":"product","2":"type-product","3":"status-publish","4":"has-post-thumbnail","6":"product_cat-custom-printed-lanyards","8":"first","9":"instock","10":"shipping-taxable","11":"purchasable","12":"product-type-simple"},"_links":{"self":[{"href":"https:\/\/displayproducts.eu\/da\/wp-json\/wp\/v2\/product\/1279","targetHints":{"allow":["GET"]}}],"collection":[{"href":"https:\/\/displayproducts.eu\/da\/wp-json\/wp\/v2\/product"}],"about":[{"href":"https:\/\/displayproducts.eu\/da\/wp-json\/wp\/v2\/types\/product"}],"replies":[{"embeddable":true,"href":"https:\/\/displayproducts.eu\/da\/wp-json\/wp\/v2\/comments?post=1279"}],"wp:featuredmedia":[{"embeddable":true,"href":"https:\/\/displayproducts.eu\/da\/wp-json\/wp\/v2\/media\/6741"}],"wp:attachment":[{"href":"https:\/\/displayproducts.eu\/da\/wp-json\/wp\/v2\/media?parent=1279"}],"wp:term":[{"taxonomy":"product_brand","embeddable":true,"href":"https:\/\/displayproducts.eu\/da\/wp-json\/wp\/v2\/product_brand?post=1279"},{"taxonomy":"product_cat","embeddable":true,"href":"https:\/\/displayproducts.eu\/da\/wp-json\/wp\/v2\/product_cat?post=1279"},{"taxonomy":"product_tag","embeddable":true,"href":"https:\/\/displayproducts.eu\/da\/wp-json\/wp\/v2\/product_tag?post=1279"}],"curies":[{"name":"wp","href":"https:\/\/api.w.org\/{rel}","templated":true}]}}